{"id":115,"date":"2026-02-12T12:50:58","date_gmt":"2026-02-12T12:50:58","guid":{"rendered":"https:\/\/facilityprojectsolutions.com\/?post_type=product&#038;p=115"},"modified":"2026-02-12T12:50:58","modified_gmt":"2026-02-12T12:50:58","slug":"commercial-laundry-sorting-cart-with-bag","status":"publish","type":"product","link":"https:\/\/facilityprojectsolutions.com\/de\/produkt\/commercial-laundry-sorting-cart-with-bag\/","title":{"rendered":"Gewerblicher W\u00e4schesortierwagen mit Tasche"},"content":{"rendered":"<p>Dieser kommerzielle W\u00e4schesortierwagen wurde f\u00fcr den t\u00e4glichen W\u00e4scheumschlag entwickelt und sorgt daf\u00fcr, dass verschmutzte Textilien in den Back-of-House-Bereichen nicht verloren gehen. Ein stabiler Rahmen tr\u00e4gt eine abnehmbare Tasche, die f\u00fcr einen schnellen Wechsel und eine schnelle Reinigung herausgehoben werden kann, und hilft den Teams, den W\u00e4scheumschlag von den g\u00e4steorientierten Bereichen zu trennen. Leichtg\u00e4ngige Lenkrollen sorgen f\u00fcr ein sicheres Lenken in engen Kurven, w\u00e4hrend abriebfeste R\u00e4der und Sto\u00dfd\u00e4mpfer Kratzer an W\u00e4nden, T\u00fcrrahmen und Aufzugsinnenr\u00e4umen vermeiden helfen. Die spezielle Sackzone h\u00e4lt die Ladung in Schach und sorgt f\u00fcr eine schnellere Sortierung nach Stockwerken, Raumbl\u00f6cken oder Abteilungen und erleichtert die \u00dcbergabe an den Waschraum. Da der Beutel herausnehmbar ist, kann das Personal einen neuen Beutel bereitstellen, einen sauberen visuellen Standard w\u00e4hrend der Sto\u00dfzeiten aufrechterhalten und die Arbeitsabl\u00e4ufe in Gang halten. Die leicht zu reinigenden Oberfl\u00e4chen unterst\u00fctzen das routinem\u00e4\u00dfige Abwischen und unterstreichen das professionelle Erscheinungsbild der Hauswirtschaft. Der Wagen ist so konzipiert, dass er in Fluren und Aufz\u00fcgen eingesetzt werden kann, und reduziert die Anzahl der Fahrten zwischen Zimmern und dem W\u00e4schebereich, so dass sich die Teams auf die Durchlaufzeit konzentrieren k\u00f6nnen, anstatt sich mit sperrigen K\u00f6rben herumzuschlagen.<\/p>","protected":false},"excerpt":{"rendered":"<p data-start=\"1174\" data-end=\"1450\">Ein flurfreundlicher W\u00e4schesortierwagen mit abnehmbarer Tasche f\u00fcr Hotels, Apartments und Resorts. Lenkrollen, spurlose R\u00e4der und ein Sto\u00dff\u00e4ngerschutz sorgen f\u00fcr eine reibungslose Lenkung und einen aufger\u00e4umten, effizienten W\u00e4schefluss.<\/p>","protected":false},"featured_media":130,"template":"","meta":{"_gspb_post_css":""},"product_brand":[],"product_cat":[19,15],"product_tag":[],"class_list":{"0":"post-115","1":"product","2":"type-product","3":"status-publish","4":"has-post-thumbnail","6":"product_cat-laundry-linen-carts","7":"product_cat-hotel-service-carts","9":"first","10":"instock","11":"shipping-taxable","12":"purchasable","13":"product-type-simple"},"_links":{"self":[{"href":"https:\/\/facilityprojectsolutions.com\/de\/wp-json\/wp\/v2\/product\/115","targetHints":{"allow":["GET"]}}],"collection":[{"href":"https:\/\/facilityprojectsolutions.com\/de\/wp-json\/wp\/v2\/product"}],"about":[{"href":"https:\/\/facilityprojectsolutions.com\/de\/wp-json\/wp\/v2\/types\/product"}],"wp:featuredmedia":[{"embeddable":true,"href":"https:\/\/facilityprojectsolutions.com\/de\/wp-json\/wp\/v2\/media\/130"}],"wp:attachment":[{"href":"https:\/\/facilityprojectsolutions.com\/de\/wp-json\/wp\/v2\/media?parent=115"}],"wp:term":[{"taxonomy":"product_brand","embeddable":true,"href":"https:\/\/facilityprojectsolutions.com\/de\/wp-json\/wp\/v2\/product_brand?post=115"},{"taxonomy":"product_cat","embeddable":true,"href":"https:\/\/facilityprojectsolutions.com\/de\/wp-json\/wp\/v2\/product_cat?post=115"},{"taxonomy":"product_tag","embeddable":true,"href":"https:\/\/facilityprojectsolutions.com\/de\/wp-json\/wp\/v2\/product_tag?post=115"}],"curies":[{"name":"wp","href":"https:\/\/api.w.org\/{rel}","templated":true}]}}