{"id":116,"date":"2026-02-12T12:28:35","date_gmt":"2026-02-12T12:28:35","guid":{"rendered":"https:\/\/facilityprojectsolutions.com\/?post_type=product&#038;p=116"},"modified":"2026-02-12T12:28:35","modified_gmt":"2026-02-12T12:28:35","slug":"double-bag-laundry-cart-for-housekeeping","status":"publish","type":"product","link":"https:\/\/facilityprojectsolutions.com\/de\/produkt\/double-bag-laundry-cart-for-housekeeping\/","title":{"rendered":"Doppelsack-W\u00e4schewagen f\u00fcr die Hauswirtschaft"},"content":{"rendered":"<p data-start=\"0\" data-end=\"322\">Dieser W\u00e4schewagen mit zwei Beuteln wurde f\u00fcr die t\u00e4gliche W\u00e4schepflege entwickelt und rationalisiert die W\u00e4schesammlung, ohne Ihr Team zu verlangsamen. Zwei unabh\u00e4ngige Taschen erleichtern das Trennen von verschmutzten Laken, Handt\u00fcchern und Gegenst\u00e4nden, die f\u00fcr verschiedene Wege hinter dem Haus bestimmt sind, so dass die Teams weniger Zeit mit dem Umsortieren in der W\u00e4scherei verbringen.<\/p>\n<p data-start=\"324\" data-end=\"716\">In G\u00e4stebereichen ist reibungslose Mobilit\u00e4t wichtig. Der Wagen ist f\u00fcr kontrolliertes Lenken und enge Kurven ausgelegt und hilft dem Personal, Flurecken und Aufzugsschwellen mit weniger Stopps und weniger Anstrengung zu \u00fcberwinden. Leise, bodenschonende Rollen unterst\u00fctzen ein gleichm\u00e4\u00dfiges Rollen und Positionieren, w\u00e4hrend sch\u00fctzende Kontaktpunkte dazu beitragen, Kratzer an W\u00e4nden, T\u00fcrrahmen und Verkleidungen in stark frequentierten Fluren zu minimieren.<\/p>\n<p data-start=\"718\" data-end=\"1198\">Langlebigkeit und Hygiene sind im Gastgewerbe gleicherma\u00dfen wichtig. Abwischbare Oberfl\u00e4chen und eine strapazierf\u00e4hige Konstruktion unterst\u00fctzen die h\u00e4ufige Desinfektion, und herausnehmbare Beutel vereinfachen den Wechsel zwischen Zimmern, Etagen oder Schichten. Verwenden Sie den zweiten Beutel, um die Str\u00f6me zu trennen - z. B. nasse und trockene Gegenst\u00e4nde oder W\u00e4sche und Abfall - entsprechend Ihren SOPs. Die Gesamtpr\u00e4sentation bleibt aufger\u00e4umt und professionell und unterstreicht einen gut gef\u00fchrten Back-of-House-Betrieb in Hotels, Serviced Apartments und Resorts.<\/p>","protected":false},"excerpt":{"rendered":"<p>Dieser W\u00e4schewagen mit zwei Beuteln wurde f\u00fcr Hotels, Appartements und Ferienanlagen entwickelt. Er trennt die W\u00e4sche f\u00fcr eine schnellere Sortierung und ist gleichzeitig leicht zu lenken, korridorfreundlich und zwischen den Schichten einfach zu reinigen.<\/p>","protected":false},"featured_media":121,"template":"","meta":{"_gspb_post_css":""},"product_brand":[],"product_cat":[19,15],"product_tag":[],"class_list":{"0":"post-116","1":"product","2":"type-product","3":"status-publish","4":"has-post-thumbnail","6":"product_cat-laundry-linen-carts","7":"product_cat-hotel-service-carts","9":"first","10":"instock","11":"shipping-taxable","12":"purchasable","13":"product-type-simple"},"_links":{"self":[{"href":"https:\/\/facilityprojectsolutions.com\/de\/wp-json\/wp\/v2\/product\/116","targetHints":{"allow":["GET"]}}],"collection":[{"href":"https:\/\/facilityprojectsolutions.com\/de\/wp-json\/wp\/v2\/product"}],"about":[{"href":"https:\/\/facilityprojectsolutions.com\/de\/wp-json\/wp\/v2\/types\/product"}],"wp:featuredmedia":[{"embeddable":true,"href":"https:\/\/facilityprojectsolutions.com\/de\/wp-json\/wp\/v2\/media\/121"}],"wp:attachment":[{"href":"https:\/\/facilityprojectsolutions.com\/de\/wp-json\/wp\/v2\/media?parent=116"}],"wp:term":[{"taxonomy":"product_brand","embeddable":true,"href":"https:\/\/facilityprojectsolutions.com\/de\/wp-json\/wp\/v2\/product_brand?post=116"},{"taxonomy":"product_cat","embeddable":true,"href":"https:\/\/facilityprojectsolutions.com\/de\/wp-json\/wp\/v2\/product_cat?post=116"},{"taxonomy":"product_tag","embeddable":true,"href":"https:\/\/facilityprojectsolutions.com\/de\/wp-json\/wp\/v2\/product_tag?post=116"}],"curies":[{"name":"wp","href":"https:\/\/api.w.org\/{rel}","templated":true}]}}