{"id":146,"date":"2026-02-12T14:27:12","date_gmt":"2026-02-12T14:27:12","guid":{"rendered":"https:\/\/facilityprojectsolutions.com\/?post_type=product&#038;p=146"},"modified":"2026-02-12T14:27:12","modified_gmt":"2026-02-12T14:27:12","slug":"stainless-steel-standing-ashtray-for-lobbies","status":"publish","type":"product","link":"https:\/\/facilityprojectsolutions.com\/de\/produkt\/stainless-steel-standing-ashtray-for-lobbies\/","title":{"rendered":"Stehender Aschenbecher aus Edelstahl f\u00fcr Lobbys"},"content":{"rendered":"<p>Dieser Aschenbecher aus Edelstahl wurde f\u00fcr stark frequentierte Hotellobbys, B\u00fcrohochh\u00e4user und \u00fcberdachte Eingangsbereiche entwickelt. Er bietet Immobilienteams einen speziellen Punkt f\u00fcr die Zigarettenentsorgung, der die Gehwege vorzeigbar h\u00e4lt. Eine optionale sauerstoffbegrenzende Innenstruktur schr\u00e4nkt die Luftstr\u00f6mung um die weggeworfenen Kippen ein, um die Selbstl\u00f6schung zu unterst\u00fctzen, so dass schwelende Kippen schneller erl\u00f6schen und die Gefahr von Glut in der N\u00e4he von T\u00fcren und Vord\u00e4chern verringert wird. Das Geh\u00e4use aus rostfreiem Stahl wurde f\u00fcr den Einsatz im Freien ausgew\u00e4hlt, wobei es sich auf einen nat\u00fcrlich entstehenden passiven Oberfl\u00e4chenfilm st\u00fctzt, der in vielen oxidierenden Umgebungen korrosionsbest\u00e4ndig ist. Bei windigen Gehwegen oder stark frequentierten Eing\u00e4ngen hilft ein stabiler Sockel, ein Umkippen zu verhindern, und das Ger\u00e4t kann bei Bedarf am Boden befestigt werden. Ein herausnehmbarer Innenbeh\u00e4lter vereinfacht die t\u00e4glichen Arbeitsabl\u00e4ufe: herausnehmen, entleeren, abwischen und zur\u00fcckbringen - ohne sich um lose R\u00fcckst\u00e4nde k\u00fcmmern zu m\u00fcssen. Der Beh\u00e4lter ist so bemessen, dass er in Spitzenzeiten h\u00e4ufig benutzt werden kann (ohne Angabe eines bestimmten Volumens), w\u00e4hrend er Zigarettenabf\u00e4lle einschlie\u00dft, die Sauberkeit verbessert und eine sicherere und geordnetere Verwaltung des Eingangsbereichs unterst\u00fctzt.<\/p>","protected":false},"excerpt":{"rendered":"<p>Stellen Sie ihn an einem ausgewiesenen Raucherunterstand im Freien neben einem Lagertor oder einem Personaleingang auf. Die Konstruktion aus rostfreiem Stahl ist witterungsbest\u00e4ndig, w\u00e4hrend die herausnehmbare Auskleidung und die optionale sauerstoffbegrenzende, selbstl\u00f6schende Struktur eine sauberere und sicherere Entsorgung erm\u00f6glichen.<\/p>","protected":false},"featured_media":160,"template":"","meta":{"_gspb_post_css":""},"product_brand":[],"product_cat":[37],"product_tag":[],"class_list":{"0":"post-146","1":"product","2":"type-product","3":"status-publish","4":"has-post-thumbnail","6":"product_cat-ashtrays-smoking-stations","8":"first","9":"instock","10":"shipping-taxable","11":"purchasable","12":"product-type-simple"},"_links":{"self":[{"href":"https:\/\/facilityprojectsolutions.com\/de\/wp-json\/wp\/v2\/product\/146","targetHints":{"allow":["GET"]}}],"collection":[{"href":"https:\/\/facilityprojectsolutions.com\/de\/wp-json\/wp\/v2\/product"}],"about":[{"href":"https:\/\/facilityprojectsolutions.com\/de\/wp-json\/wp\/v2\/types\/product"}],"wp:featuredmedia":[{"embeddable":true,"href":"https:\/\/facilityprojectsolutions.com\/de\/wp-json\/wp\/v2\/media\/160"}],"wp:attachment":[{"href":"https:\/\/facilityprojectsolutions.com\/de\/wp-json\/wp\/v2\/media?parent=146"}],"wp:term":[{"taxonomy":"product_brand","embeddable":true,"href":"https:\/\/facilityprojectsolutions.com\/de\/wp-json\/wp\/v2\/product_brand?post=146"},{"taxonomy":"product_cat","embeddable":true,"href":"https:\/\/facilityprojectsolutions.com\/de\/wp-json\/wp\/v2\/product_cat?post=146"},{"taxonomy":"product_tag","embeddable":true,"href":"https:\/\/facilityprojectsolutions.com\/de\/wp-json\/wp\/v2\/product_tag?post=146"}],"curies":[{"name":"wp","href":"https:\/\/api.w.org\/{rel}","templated":true}]}}