{"id":147,"date":"2026-02-12T14:02:56","date_gmt":"2026-02-12T14:02:56","guid":{"rendered":"https:\/\/facilityprojectsolutions.com\/?post_type=product&#038;p=147"},"modified":"2026-02-12T14:02:56","modified_gmt":"2026-02-12T14:02:56","slug":"multi-tier-service-trolley-for-banquets","status":"publish","type":"product","link":"https:\/\/facilityprojectsolutions.com\/de\/produkt\/multi-tier-service-trolley-for-banquets\/","title":{"rendered":"Mehrst\u00f6ckiger Servicewagen f\u00fcr Bankette"},"content":{"rendered":"<p data-start=\"0\" data-end=\"522\">Sorgen Sie daf\u00fcr, dass der Bankettservice ohne Durcheinander vom Vorbereitungsbereich zum Ballsaal gelangt. Dieser mehrst\u00f6ckige Servierwagen schafft klare Zonen f\u00fcr Teller, Gl\u00e4ser, Getr\u00e4nke und gefaltete W\u00e4sche, so dass die Teams mit weniger Fahrten aufstellen, liefern und abr\u00e4umen k\u00f6nnen. Die leichtg\u00e4ngige Lenkung unterst\u00fctzt enge Kurven um Servicet\u00fcren und Speiselayouts, w\u00e4hrend die spurlosen Rollen reibungslos \u00fcber gemischte B\u00f6den rollen und Kratzer vermeiden helfen. Der Eckenschutz hilft, den Kontakt mit W\u00e4nden, T\u00fcrrahmen und Aufzugstafeln zu vermeiden.<\/p>\n<p data-start=\"524\" data-end=\"1065\">Die abgestufte Lagerung sorgt f\u00fcr einen intuitiven Arbeitsablauf - saubere Artikel auf einer Ebene, Nachschub auf einer anderen, und bei Bedarf getrennte R\u00fcckgaben. H\u00e4ufig ben\u00f6tigte Vorr\u00e4te bleiben sichtbar, damit sie schneller gez\u00e4hlt werden k\u00f6nnen, und jedes Regal kann nach Stationen organisiert werden, um Ihren Bankett-SOPs zu entsprechen. Langlebige, abwischbare Oberfl\u00e4chen vereinfachen das Zur\u00fccksetzen am Ende der Schicht und sorgen f\u00fcr ein einheitliches Erscheinungsbild zwischen den Veranstaltungen. Der Wagen wurde mit Blick auf den Hotelverkehr entwickelt und l\u00e4sst sich leicht durch Flure und Aufz\u00fcge f\u00fchren, was einen effizienten Service und ein gepflegtes Erscheinungsbild vor und hinter dem Haus unterst\u00fctzt.<\/p>","protected":false},"excerpt":{"rendered":"<p>Mehrst\u00f6ckiger Servierwagen f\u00fcr Bankettbetriebe, der eine getrennte Ablage f\u00fcr Geschirr und W\u00e4sche bietet, sich problemlos durch G\u00e4nge und Aufz\u00fcge man\u00f6vrieren l\u00e4sst und durch seine pflegeleichte Haltbarkeit effiziente, professionelle Arbeitsabl\u00e4ufe im Front- und Back-of-House-Bereich unterst\u00fctzt.<\/p>","protected":false},"featured_media":152,"template":"","meta":{"_gspb_post_css":""},"product_brand":[],"product_cat":[17,15],"product_tag":[],"class_list":{"0":"post-147","1":"product","2":"type-product","3":"status-publish","4":"has-post-thumbnail","6":"product_cat-room-service-trolleys","7":"product_cat-hotel-service-carts","9":"first","10":"instock","11":"shipping-taxable","12":"purchasable","13":"product-type-simple"},"_links":{"self":[{"href":"https:\/\/facilityprojectsolutions.com\/de\/wp-json\/wp\/v2\/product\/147","targetHints":{"allow":["GET"]}}],"collection":[{"href":"https:\/\/facilityprojectsolutions.com\/de\/wp-json\/wp\/v2\/product"}],"about":[{"href":"https:\/\/facilityprojectsolutions.com\/de\/wp-json\/wp\/v2\/types\/product"}],"wp:featuredmedia":[{"embeddable":true,"href":"https:\/\/facilityprojectsolutions.com\/de\/wp-json\/wp\/v2\/media\/152"}],"wp:attachment":[{"href":"https:\/\/facilityprojectsolutions.com\/de\/wp-json\/wp\/v2\/media?parent=147"}],"wp:term":[{"taxonomy":"product_brand","embeddable":true,"href":"https:\/\/facilityprojectsolutions.com\/de\/wp-json\/wp\/v2\/product_brand?post=147"},{"taxonomy":"product_cat","embeddable":true,"href":"https:\/\/facilityprojectsolutions.com\/de\/wp-json\/wp\/v2\/product_cat?post=147"},{"taxonomy":"product_tag","embeddable":true,"href":"https:\/\/facilityprojectsolutions.com\/de\/wp-json\/wp\/v2\/product_tag?post=147"}],"curies":[{"name":"wp","href":"https:\/\/api.w.org\/{rel}","templated":true}]}}