{"id":148,"date":"2026-02-12T14:17:56","date_gmt":"2026-02-12T14:17:56","guid":{"rendered":"https:\/\/facilityprojectsolutions.com\/?post_type=product&#038;p=148"},"modified":"2026-02-12T15:23:20","modified_gmt":"2026-02-12T15:23:20","slug":"compact-room-service-cart-for-corridors","status":"publish","type":"product","link":"https:\/\/facilityprojectsolutions.com\/de\/produkt\/compact-room-service-cart-for-corridors\/","title":{"rendered":"Kompakter Zimmerservicewagen f\u00fcr Korridore"},"content":{"rendered":"<p data-start=\"0\" data-end=\"367\">Dieser kompakte Zimmerservicewagen wurde f\u00fcr die Bewirtung von G\u00e4sten auf engstem Raum entwickelt und bewegt sich problemlos durch G\u00e4stekorridore und Aufzugslobbys, ohne den Verkehr zu unterbrechen. Die leichtg\u00e4ngigen Lenkrollen erm\u00f6glichen ein einfaches Lenken und kontrolliertes Wenden in Kurven, w\u00e4hrend die abriebfesten R\u00e4der den Bodenbelag auf Teppichb\u00f6den und Hartb\u00f6den sch\u00fctzen.<\/p>\n<p data-start=\"369\" data-end=\"767\">Der Stauraum bleibt \u00fcbersichtlich und sorgt f\u00fcr einen gleichm\u00e4\u00dfigen Service: Unterteilte F\u00e4cher halten Tabletts, Getr\u00e4nke, Zubeh\u00f6r und Servicegeschirr getrennt, und die verstellbaren Regale erm\u00f6glichen den Teams eine Neukonfiguration der Ebenen f\u00fcr Fr\u00fchst\u00fccksvorbereitungen, Bestellungen am sp\u00e4ten Abend oder gemischte Lieferungen. Ein integrierter Sto\u00dfschutz reduziert Kontaktsch\u00e4den an W\u00e4nden, T\u00fcrrahmen und dem Wagen selbst und sorgt f\u00fcr ein sauberes Erscheinungsbild auf den Wegen, die den G\u00e4sten zugewandt sind.<\/p>\n<p data-start=\"769\" data-end=\"1177\">Die Oberfl\u00e4chen des Wagens sind f\u00fcr den t\u00e4glichen Einsatz im Gastgewerbe konzipiert und lassen sich schnell abwischen, sodass sie auch h\u00e4ufigen Reinigungsvorg\u00e4ngen standhalten. Die robuste Konstruktion und die vereinfachten Linien minimieren Schmutzfallen und helfen dem Personal, eine saubere Pr\u00e4sentation vom K\u00fcchenpass bis zur G\u00e4stet\u00fcr aufrechtzuerhalten. In Hotels, Serviced Apartments und Resorts verbessert dieser flurfreundliche Wagen die Konsistenz der Arbeitsabl\u00e4ufe und unterst\u00fctzt ein gepflegtes Service-Image.<\/p>","protected":false},"excerpt":{"rendered":"<p>Der flurfreundliche Zimmerservicewagen ist f\u00fcr enge Kurven und den Zugang zu Aufz\u00fcgen geeignet. Unterteilter Stauraum und verstellbare Regale sorgen daf\u00fcr, dass Tabletts und Geschirr getrennt aufbewahrt werden k\u00f6nnen, w\u00e4hrend spurlose Rollen und Sto\u00dfschutz die Oberfl\u00e4chen der G\u00e4stebereiche sch\u00fctzen.<\/p>","protected":false},"featured_media":182,"template":"","meta":{"_gspb_post_css":""},"product_brand":[],"product_cat":[17,15],"product_tag":[],"class_list":{"0":"post-148","1":"product","2":"type-product","3":"status-publish","4":"has-post-thumbnail","6":"product_cat-room-service-trolleys","7":"product_cat-hotel-service-carts","9":"first","10":"instock","11":"shipping-taxable","12":"purchasable","13":"product-type-simple"},"_links":{"self":[{"href":"https:\/\/facilityprojectsolutions.com\/de\/wp-json\/wp\/v2\/product\/148","targetHints":{"allow":["GET"]}}],"collection":[{"href":"https:\/\/facilityprojectsolutions.com\/de\/wp-json\/wp\/v2\/product"}],"about":[{"href":"https:\/\/facilityprojectsolutions.com\/de\/wp-json\/wp\/v2\/types\/product"}],"wp:featuredmedia":[{"embeddable":true,"href":"https:\/\/facilityprojectsolutions.com\/de\/wp-json\/wp\/v2\/media\/182"}],"wp:attachment":[{"href":"https:\/\/facilityprojectsolutions.com\/de\/wp-json\/wp\/v2\/media?parent=148"}],"wp:term":[{"taxonomy":"product_brand","embeddable":true,"href":"https:\/\/facilityprojectsolutions.com\/de\/wp-json\/wp\/v2\/product_brand?post=148"},{"taxonomy":"product_cat","embeddable":true,"href":"https:\/\/facilityprojectsolutions.com\/de\/wp-json\/wp\/v2\/product_cat?post=148"},{"taxonomy":"product_tag","embeddable":true,"href":"https:\/\/facilityprojectsolutions.com\/de\/wp-json\/wp\/v2\/product_tag?post=148"}],"curies":[{"name":"wp","href":"https:\/\/api.w.org\/{rel}","templated":true}]}}