{"id":161,"date":"2026-02-12T14:46:10","date_gmt":"2026-02-12T14:46:10","guid":{"rendered":"https:\/\/facilityprojectsolutions.com\/?post_type=product&#038;p=161"},"modified":"2026-02-12T14:46:10","modified_gmt":"2026-02-12T14:46:10","slug":"outdoor-smoking-ashtray-bin-with-sand-fill","status":"publish","type":"product","link":"https:\/\/facilityprojectsolutions.com\/de\/produkt\/outdoor-smoking-ashtray-bin-with-sand-fill\/","title":{"rendered":"Outdoor-Aschenbecher mit Sandf\u00fcllung"},"content":{"rendered":"<p data-start=\"0\" data-end=\"1070\">Dieser Aschenbecher f\u00fcr den Au\u00dfenbereich wurde f\u00fcr gewerbliche Eing\u00e4nge und ausgewiesene Raucherzonen entwickelt und unterst\u00fctzt die selbstl\u00f6schende Entsorgung mit einer optionalen sauerstoffbegrenzenden Kammer und einer mit Sand gef\u00fcllten Schnupftabakoberfl\u00e4che. An einem Mitarbeitereingang, einem gesch\u00fctzten Raucherplatz neben einer Lagert\u00fcr oder einem Servicekorridor in der N\u00e4he der Laderampe k\u00f6nnen die Benutzer die Glut im Sand l\u00f6schen und die Abf\u00e4lle durch eine begrenzte \u00d6ffnung einwerfen, was dazu beitr\u00e4gt, den vom Wind verwehten Abfall zu begrenzen und die Abf\u00e4lle von den Fu\u00dfg\u00e4ngerstr\u00f6men fernzuhalten. Das witterungs- und korrosionsbest\u00e4ndige \u00c4u\u00dfere ist f\u00fcr die ganzj\u00e4hrige Aufstellung im Freien gedacht, w\u00e4hrend ein stabiler Sockel daf\u00fcr sorgt, dass das Ger\u00e4t aufrecht steht und bei Bedarf auf harten Oberfl\u00e4chen befestigt werden kann. Die t\u00e4gliche Wartung ist einfach: Der herausnehmbare Innenbeh\u00e4lter kann zur schnellen Entleerung herausgehoben werden, wodurch der Kontakt mit losem Abfall reduziert und die Kontrolle vor Ort vereinfacht wird. Mit seinem gro\u00dfz\u00fcgigen Fassungsverm\u00f6gen (Kapazit\u00e4t nicht angegeben) tr\u00e4gt er dazu bei, die Zahl der Serviceeins\u00e4tze zu verringern und den ersten Eindruck von Sauberkeit und Sicherheit f\u00fcr Kunden und Mitarbeiter zu verbessern.<\/p>","protected":false},"excerpt":{"rendered":"<p>Dieser mit Sand gef\u00fcllte Aschenbecher f\u00fcr Hotelpforten und Pausenterrassen sammelt Zigarettenabf\u00e4lle. Das optionale sauerstoffbegrenzende Design hilft, schwelende Zigarettenkippen zu ersticken; die witterungsbest\u00e4ndige Konstruktion und der herausnehmbare Innenbeh\u00e4lter erleichtern die routinem\u00e4\u00dfige Entleerung.<\/p>","protected":false},"featured_media":164,"template":"","meta":{"_gspb_post_css":""},"product_brand":[],"product_cat":[37],"product_tag":[],"class_list":{"0":"post-161","1":"product","2":"type-product","3":"status-publish","4":"has-post-thumbnail","6":"product_cat-ashtrays-smoking-stations","8":"first","9":"instock","10":"shipping-taxable","11":"purchasable","12":"product-type-simple"},"_links":{"self":[{"href":"https:\/\/facilityprojectsolutions.com\/de\/wp-json\/wp\/v2\/product\/161","targetHints":{"allow":["GET"]}}],"collection":[{"href":"https:\/\/facilityprojectsolutions.com\/de\/wp-json\/wp\/v2\/product"}],"about":[{"href":"https:\/\/facilityprojectsolutions.com\/de\/wp-json\/wp\/v2\/types\/product"}],"wp:featuredmedia":[{"embeddable":true,"href":"https:\/\/facilityprojectsolutions.com\/de\/wp-json\/wp\/v2\/media\/164"}],"wp:attachment":[{"href":"https:\/\/facilityprojectsolutions.com\/de\/wp-json\/wp\/v2\/media?parent=161"}],"wp:term":[{"taxonomy":"product_brand","embeddable":true,"href":"https:\/\/facilityprojectsolutions.com\/de\/wp-json\/wp\/v2\/product_brand?post=161"},{"taxonomy":"product_cat","embeddable":true,"href":"https:\/\/facilityprojectsolutions.com\/de\/wp-json\/wp\/v2\/product_cat?post=161"},{"taxonomy":"product_tag","embeddable":true,"href":"https:\/\/facilityprojectsolutions.com\/de\/wp-json\/wp\/v2\/product_tag?post=161"}],"curies":[{"name":"wp","href":"https:\/\/api.w.org\/{rel}","templated":true}]}}