{"id":184,"date":"2026-02-12T15:36:12","date_gmt":"2026-02-12T15:36:12","guid":{"rendered":"https:\/\/facilityprojectsolutions.com\/?post_type=product&#038;p=184"},"modified":"2026-02-12T15:36:12","modified_gmt":"2026-02-12T15:36:12","slug":"windproof-outdoor-cigarette-bin-with-lid","status":"publish","type":"product","link":"https:\/\/facilityprojectsolutions.com\/de\/produkt\/windproof-outdoor-cigarette-bin-with-lid\/","title":{"rendered":"Winddichter Outdoor-Zigarettenbeh\u00e4lter mit Deckel"},"content":{"rendered":"<p data-start=\"0\" data-end=\"1109\">An belebten Krankenhaus- und Klinikeing\u00e4ngen sind Zigarettenabf\u00e4lle und Glut schnell zu sehen - vor allem an windigen Abwurfstra\u00dfen. Dieser winddichte Zigarettenabfallbeh\u00e4lter f\u00fcr den Au\u00dfenbereich verf\u00fcgt \u00fcber eine abgedeckte Einwurf\u00f6ffnung und einen Deckel, die Regen und Windb\u00f6en davon abhalten, Kippen und Asche zu verstreuen. Ein optionales sauerstoffbegrenzendes Design hilft, die Glut im Inneren zu ersticken, unterst\u00fctzt die selbstl\u00f6schende Entsorgung und reduziert die Brandgefahr an T\u00fcren, Pflanzgef\u00e4\u00dfen und Abfallbeh\u00e4ltern im Au\u00dfenbereich. Das Ger\u00e4t ist f\u00fcr die ganzj\u00e4hrige Aufstellung konzipiert und wetter- und korrosionsbest\u00e4ndig, damit es auch in der K\u00fcstenluft oder bei Streusalz ein gleichm\u00e4\u00dfiges Aussehen beh\u00e4lt. Ein stabiler Sockel erm\u00f6glicht das freistehende Aufstellen auf Betonplatten, wobei die Einheit je nach den \u00f6rtlichen Gegebenheiten befestigt oder fixiert werden kann. Die Wartung ist denkbar einfach: Deckel anheben, Innenbeh\u00e4lter herausnehmen, entleeren und mit minimalem Kontakt wieder in Betrieb nehmen. Die Gr\u00f6\u00dfe des Innenbeh\u00e4lters ist f\u00fcr stark beanspruchte Standorte ausgelegt, um die Wartungsh\u00e4ufigkeit zu reduzieren. Das Ergebnis ist eine saubere, kontrollierte Raucherzone, die den Eingangsbereich sch\u00fctzt, den Reinigungsaufwand reduziert und Besuchern und Mitarbeitern einen sicheren ersten Eindruck vermittelt.<\/p>","protected":false},"excerpt":{"rendered":"<p data-start=\"1111\" data-end=\"1378\">Dieser windbest\u00e4ndige Zigarettenbeh\u00e4lter mit Deckel f\u00fcr Raucherunterst\u00e4nde in B\u00fcrogeb\u00e4uden und Garagenausg\u00e4ngen leitet die Kippen in eine gesch\u00fctzte Kammer, unterst\u00fctzt die optionale sauerstoffbegrenzende selbstl\u00f6schende Entsorgung und l\u00e4sst sich \u00fcber einen herausnehmbaren Einsatz f\u00fcr Routinezwecke entleeren.<\/p>","protected":false},"featured_media":186,"template":"","meta":{"_gspb_post_css":""},"product_brand":[],"product_cat":[37],"product_tag":[],"class_list":{"0":"post-184","1":"product","2":"type-product","3":"status-publish","4":"has-post-thumbnail","6":"product_cat-ashtrays-smoking-stations","8":"first","9":"instock","10":"shipping-taxable","11":"purchasable","12":"product-type-simple"},"_links":{"self":[{"href":"https:\/\/facilityprojectsolutions.com\/de\/wp-json\/wp\/v2\/product\/184","targetHints":{"allow":["GET"]}}],"collection":[{"href":"https:\/\/facilityprojectsolutions.com\/de\/wp-json\/wp\/v2\/product"}],"about":[{"href":"https:\/\/facilityprojectsolutions.com\/de\/wp-json\/wp\/v2\/types\/product"}],"wp:featuredmedia":[{"embeddable":true,"href":"https:\/\/facilityprojectsolutions.com\/de\/wp-json\/wp\/v2\/media\/186"}],"wp:attachment":[{"href":"https:\/\/facilityprojectsolutions.com\/de\/wp-json\/wp\/v2\/media?parent=184"}],"wp:term":[{"taxonomy":"product_brand","embeddable":true,"href":"https:\/\/facilityprojectsolutions.com\/de\/wp-json\/wp\/v2\/product_brand?post=184"},{"taxonomy":"product_cat","embeddable":true,"href":"https:\/\/facilityprojectsolutions.com\/de\/wp-json\/wp\/v2\/product_cat?post=184"},{"taxonomy":"product_tag","embeddable":true,"href":"https:\/\/facilityprojectsolutions.com\/de\/wp-json\/wp\/v2\/product_tag?post=184"}],"curies":[{"name":"wp","href":"https:\/\/api.w.org\/{rel}","templated":true}]}}