{"id":190,"date":"2026-02-13T04:07:59","date_gmt":"2026-02-13T04:07:59","guid":{"rendered":"https:\/\/facilityprojectsolutions.com\/?post_type=product&#038;p=190"},"modified":"2026-02-13T04:07:59","modified_gmt":"2026-02-13T04:07:59","slug":"metal-fire-safe-trash-can-for-public-areas","status":"publish","type":"product","link":"https:\/\/facilityprojectsolutions.com\/de\/produkt\/metal-fire-safe-trash-can-for-public-areas\/","title":{"rendered":"Feuersicherer M\u00fclleimer aus Metall f\u00fcr \u00f6ffentliche Bereiche"},"content":{"rendered":"<p data-start=\"0\" data-end=\"384\">In Hotellobbys, Korridoren und Konferenzr\u00e4umen m\u00fcssen Abfalleimer edel aussehen und gleichzeitig eine sichere Umgebung unterst\u00fctzen. Dieser feuersichere Abfalleimer aus Metall wurde f\u00fcr \u00f6ffentliche Bereiche entwickelt, in denen es auf Langlebigkeit und effiziente Haushaltsf\u00fchrung ankommt. Das Ganzmetallgeh\u00e4use ist f\u00fcr h\u00e4ufiges Abwischen und t\u00e4glichen Verkehr ausgelegt und f\u00fcgt sich mit seinem sauberen, neutralen Profil in gehobene Innenr\u00e4ume ein.<\/p>\n<p data-start=\"386\" data-end=\"1070\">Die Konstruktion wurde unter Ber\u00fccksichtigung des Brandschutzes entwickelt, um die Flammenexposition zu begrenzen; ein optionales selbstl\u00f6schendes Konzept kann spezifiziert werden, um Ihrem Risikomanagementansatz zu entsprechen. Eine Zugangs\u00f6ffnung von oben macht die Entsorgung f\u00fcr G\u00e4ste und Personal intuitiv und hilft, sichtbare Abf\u00e4lle einzud\u00e4mmen. Da kein komplexer Deckelmechanismus gewartet werden muss, werden Ger\u00e4usche reduziert und die t\u00e4glichen Kontrollen vereinfacht. Das ungehinderte Innere des Beh\u00e4lters erm\u00f6glicht einen schnellen Wechsel des Beh\u00e4lters, was den Zeitaufwand f\u00fcr die Wartung von stark beanspruchten Bereichen wie Aufzugsb\u00e4nken, Rezeption und B\u00fcrokorridoren reduziert. Glatte Kanten und ein leicht zu reinigender Innenraum unterst\u00fctzen gleichbleibende Hygienestandards, und der stabile Boden sorgt daf\u00fcr, dass der Beh\u00e4lter auch in Sto\u00dfzeiten an seinem Platz bleibt.<\/p>","protected":false},"excerpt":{"rendered":"<p>Brandschutzorientierter M\u00fclleimer aus Metall f\u00fcr \u00f6ffentliche Bereiche in Hotels. Das neutrale Design eignet sich f\u00fcr Lobbys und Flure, mit einer bequemen \u00d6ffnung von oben, abwischbaren Oberfl\u00e4chen und einem ungehinderten Innenraum, der den Wechsel des Beh\u00e4lters und die t\u00e4gliche Wartung erleichtert.<\/p>","protected":false},"featured_media":201,"template":"","meta":{"_gspb_post_css":""},"product_brand":[],"product_cat":[25,21],"product_tag":[],"class_list":{"0":"post-190","1":"product","2":"type-product","3":"status-publish","4":"has-post-thumbnail","6":"product_cat-fireproof-waste-bins","7":"product_cat-indoor-trash-bins","9":"first","10":"instock","11":"shipping-taxable","12":"purchasable","13":"product-type-simple"},"_links":{"self":[{"href":"https:\/\/facilityprojectsolutions.com\/de\/wp-json\/wp\/v2\/product\/190","targetHints":{"allow":["GET"]}}],"collection":[{"href":"https:\/\/facilityprojectsolutions.com\/de\/wp-json\/wp\/v2\/product"}],"about":[{"href":"https:\/\/facilityprojectsolutions.com\/de\/wp-json\/wp\/v2\/types\/product"}],"wp:featuredmedia":[{"embeddable":true,"href":"https:\/\/facilityprojectsolutions.com\/de\/wp-json\/wp\/v2\/media\/201"}],"wp:attachment":[{"href":"https:\/\/facilityprojectsolutions.com\/de\/wp-json\/wp\/v2\/media?parent=190"}],"wp:term":[{"taxonomy":"product_brand","embeddable":true,"href":"https:\/\/facilityprojectsolutions.com\/de\/wp-json\/wp\/v2\/product_brand?post=190"},{"taxonomy":"product_cat","embeddable":true,"href":"https:\/\/facilityprojectsolutions.com\/de\/wp-json\/wp\/v2\/product_cat?post=190"},{"taxonomy":"product_tag","embeddable":true,"href":"https:\/\/facilityprojectsolutions.com\/de\/wp-json\/wp\/v2\/product_tag?post=190"}],"curies":[{"name":"wp","href":"https:\/\/api.w.org\/{rel}","templated":true}]}}