{"id":227,"date":"2026-02-13T06:04:31","date_gmt":"2026-02-13T06:04:31","guid":{"rendered":"https:\/\/facilityprojectsolutions.com\/?post_type=product&#038;p=227"},"modified":"2026-02-13T06:04:31","modified_gmt":"2026-02-13T06:04:31","slug":"cylindrical-hotel-trash-bin-for-guest-rooms","status":"publish","type":"product","link":"https:\/\/facilityprojectsolutions.com\/de\/produkt\/cylindrical-hotel-trash-bin-for-guest-rooms\/","title":{"rendered":"Zylindrischer Hotelm\u00fclleimer f\u00fcr G\u00e4stezimmer"},"content":{"rendered":"<p data-start=\"0\" data-end=\"428\">Dieser zylindrische M\u00fclleimer wurde f\u00fcr den t\u00e4glichen Rhythmus in Hotelzimmern entwickelt und f\u00fcgt sich eher ein als dass er auff\u00e4llt. Seine klare, runde Silhouette passt neben Eitelkeiten, unter Schreibtische oder in die N\u00e4he von Minibars und hilft Ihnen, eine einheitliche \u00c4sthetik in allen Zimmertypen zu wahren. Accessoires f\u00fcr G\u00e4stezimmer werden oft so ausgew\u00e4hlt, dass sie das Zimmerdekor erg\u00e4nzen; ein dezenter Zylinder unterst\u00fctzt dieses Ziel.<\/p>\n<p data-start=\"430\" data-end=\"925\">F\u00fcr eine ordentlichere Pr\u00e4sentation kann der Beh\u00e4lter mit einem verdeckten Auskleidungsdetail konfiguriert werden - z. B. mit einem Rand, der die Auskleidung zur\u00fcckh\u00e4lt, oder einem herausnehmbaren Inneneimer -, so dass die Tasche nicht sichtbar ist und beim Wendeservice schnell gewechselt werden kann. Anbieter im Hotel- und Gastst\u00e4ttengewerbe heben h\u00e4ufig die Pr\u00e4sentation von \u201cversteckten Beuteln\u201d als gehobene Ausstattung hervor. Liner-Rim-Konzepte werden auch in kommerziellen Designs verwendet, um Liner zu halten und zu verbergen und gleichzeitig einen schnelleren Wechsel zu erm\u00f6glichen.<\/p>\n<p data-start=\"927\" data-end=\"1299\">Die glatten, leicht abwischbaren Oberfl\u00e4chen erm\u00f6glichen eine schnelle Reinigung und spiegeln den nahtlosen, leicht zu reinigenden Ansatz wider, den man bei gewerblichen Papierk\u00f6rben findet. Da der Deckel nicht klappert, tr\u00e4gt der M\u00fclleimer dazu bei, dass der Gebrauch am sp\u00e4ten Abend und die Reinigung am fr\u00fchen Morgen ruhiger verl\u00e4uft. Ein praktisches, f\u00fcr G\u00e4ste unverzichtbares Element, das die Zimmer auf Hochglanz bringt, ohne Ihr Housekeeping-Team zu behindern.<\/p>","protected":false},"excerpt":{"rendered":"<p data-start=\"1301\" data-end=\"1532\">Abfalleimer mit rundem Profil f\u00fcr G\u00e4stezimmer in Hotels. Der optionale Inneneimer oder der Rand, der den M\u00fcllbeutel zur\u00fcckh\u00e4lt, sorgt f\u00fcr ein sauberes Erscheinungsbild, w\u00e4hrend die glatte Oberfl\u00e4che schnell abgewischt werden kann, um einen leisen und effizienten Haushalt zu gew\u00e4hrleisten.<\/p>","protected":false},"featured_media":236,"template":"","meta":{"_gspb_post_css":""},"product_brand":[],"product_cat":[22,21],"product_tag":[],"class_list":{"0":"post-227","1":"product","2":"type-product","3":"status-publish","4":"has-post-thumbnail","6":"product_cat-hotel-room-bins","7":"product_cat-indoor-trash-bins","9":"first","10":"instock","11":"shipping-taxable","12":"purchasable","13":"product-type-simple"},"_links":{"self":[{"href":"https:\/\/facilityprojectsolutions.com\/de\/wp-json\/wp\/v2\/product\/227","targetHints":{"allow":["GET"]}}],"collection":[{"href":"https:\/\/facilityprojectsolutions.com\/de\/wp-json\/wp\/v2\/product"}],"about":[{"href":"https:\/\/facilityprojectsolutions.com\/de\/wp-json\/wp\/v2\/types\/product"}],"wp:featuredmedia":[{"embeddable":true,"href":"https:\/\/facilityprojectsolutions.com\/de\/wp-json\/wp\/v2\/media\/236"}],"wp:attachment":[{"href":"https:\/\/facilityprojectsolutions.com\/de\/wp-json\/wp\/v2\/media?parent=227"}],"wp:term":[{"taxonomy":"product_brand","embeddable":true,"href":"https:\/\/facilityprojectsolutions.com\/de\/wp-json\/wp\/v2\/product_brand?post=227"},{"taxonomy":"product_cat","embeddable":true,"href":"https:\/\/facilityprojectsolutions.com\/de\/wp-json\/wp\/v2\/product_cat?post=227"},{"taxonomy":"product_tag","embeddable":true,"href":"https:\/\/facilityprojectsolutions.com\/de\/wp-json\/wp\/v2\/product_tag?post=227"}],"curies":[{"name":"wp","href":"https:\/\/api.w.org\/{rel}","templated":true}]}}