{"id":240,"date":"2026-02-13T06:23:44","date_gmt":"2026-02-13T06:23:44","guid":{"rendered":"https:\/\/facilityprojectsolutions.com\/?post_type=product&#038;p=240"},"modified":"2026-02-13T06:23:44","modified_gmt":"2026-02-13T06:23:44","slug":"luxury-lobby-trash-can-with-open-top","status":"publish","type":"product","link":"https:\/\/facilityprojectsolutions.com\/de\/produkt\/luxury-lobby-trash-can-with-open-top\/","title":{"rendered":"Luxuri\u00f6ser Lobby-M\u00fclleimer mit offenem Deckel"},"content":{"rendered":"<p data-start=\"0\" data-end=\"396\">Raffiniertes Abfallmanagement f\u00fcr Bereiche mit Publikumsverkehr. Dieser luxuri\u00f6se, nach oben offene Abfalleimer f\u00fcr die Lobby wurde so konzipiert, dass er sich in die gehobene Hotelausstattung einf\u00fcgt und gleichzeitig der st\u00e4ndigen \u00f6ffentlichen Nutzung standh\u00e4lt. Ein klares, architektonisches Profil sorgt f\u00fcr einen gl\u00e4nzenden ersten Eindruck an der Rezeption, in den Aufz\u00fcgen, auf den Fluren und in den Besprechungsr\u00e4umen und ermutigt die G\u00e4ste, ihre Abf\u00e4lle zu entsorgen, ohne den Publikumsverkehr zu behindern.<\/p>\n<p data-start=\"398\" data-end=\"875\">Der oben offene Zugang macht die Entsorgung m\u00fchelos und reduziert die Anzahl der \u201cFehlw\u00fcrfe\u201d, was dazu beitr\u00e4gt, die umliegenden B\u00f6den und M\u00f6bel aufzur\u00e4umen. F\u00fcr Hausmeister und Geb\u00e4udeteams ist der Beh\u00e4lter f\u00fcr einen effizienten Service hinter den Kulissen konzipiert: Eine breite \u00d6ffnung erleichtert das Entfernen und Austauschen des Innenbeh\u00e4lters, und ein optionaler herausnehmbarer Innenbeh\u00e4lter oder ein Beutelhaltering kann spezifiziert werden, um den Beh\u00e4lter sauber zu verbergen. Die glatten Oberfl\u00e4chen lassen sich schnell abwischen und unterst\u00fctzen die Routinereinigung zwischen den Sto\u00dfzeiten.<\/p>\n<p data-start=\"877\" data-end=\"1107\">W\u00e4hlen Sie dieses M\u00f6belst\u00fcck als Teil eines koordinierten Pakets f\u00fcr \u00f6ffentliche Bereiche - ideal f\u00fcr Hotels, die ein einheitliches, hochwertiges Erscheinungsbild in Lobbyzonen und gemeinsam genutzten Arbeitsbereichen anstreben, ohne dabei Kompromisse bei der Haltbarkeit oder der t\u00e4glichen Wartungsfreundlichkeit einzugehen.<\/p>","protected":false},"excerpt":{"rendered":"<p data-start=\"1109\" data-end=\"1328\">Ein hochwertiger offener Abfalleimer f\u00fcr die Lobby, der f\u00fcr stark frequentierte Hotelbereiche entwickelt wurde - f\u00fcr die G\u00e4ste einfach zu bedienen, f\u00fcr das Personal schnell zu warten und poliert genug f\u00fcr Empfangsbereiche, Korridore und Gesch\u00e4ftszentren.<\/p>","protected":false},"featured_media":246,"template":"","meta":{"_gspb_post_css":""},"product_brand":[],"product_cat":[23,21],"product_tag":[],"class_list":{"0":"post-240","1":"product","2":"type-product","3":"status-publish","4":"has-post-thumbnail","6":"product_cat-lobby-trash-cans","7":"product_cat-indoor-trash-bins","9":"first","10":"instock","11":"shipping-taxable","12":"purchasable","13":"product-type-simple"},"_links":{"self":[{"href":"https:\/\/facilityprojectsolutions.com\/de\/wp-json\/wp\/v2\/product\/240","targetHints":{"allow":["GET"]}}],"collection":[{"href":"https:\/\/facilityprojectsolutions.com\/de\/wp-json\/wp\/v2\/product"}],"about":[{"href":"https:\/\/facilityprojectsolutions.com\/de\/wp-json\/wp\/v2\/types\/product"}],"wp:featuredmedia":[{"embeddable":true,"href":"https:\/\/facilityprojectsolutions.com\/de\/wp-json\/wp\/v2\/media\/246"}],"wp:attachment":[{"href":"https:\/\/facilityprojectsolutions.com\/de\/wp-json\/wp\/v2\/media?parent=240"}],"wp:term":[{"taxonomy":"product_brand","embeddable":true,"href":"https:\/\/facilityprojectsolutions.com\/de\/wp-json\/wp\/v2\/product_brand?post=240"},{"taxonomy":"product_cat","embeddable":true,"href":"https:\/\/facilityprojectsolutions.com\/de\/wp-json\/wp\/v2\/product_cat?post=240"},{"taxonomy":"product_tag","embeddable":true,"href":"https:\/\/facilityprojectsolutions.com\/de\/wp-json\/wp\/v2\/product_tag?post=240"}],"curies":[{"name":"wp","href":"https:\/\/api.w.org\/{rel}","templated":true}]}}