{"id":242,"date":"2026-02-13T06:40:41","date_gmt":"2026-02-13T06:40:41","guid":{"rendered":"https:\/\/facilityprojectsolutions.com\/?post_type=product&#038;p=242"},"modified":"2026-02-13T06:40:41","modified_gmt":"2026-02-13T06:40:41","slug":"marble-pattern-lobby-trash-receptacle","status":"publish","type":"product","link":"https:\/\/facilityprojectsolutions.com\/de\/produkt\/marble-pattern-lobby-trash-receptacle\/","title":{"rendered":"Marmorierter M\u00fclleimer f\u00fcr die Lobby"},"content":{"rendered":"<p data-start=\"0\" data-end=\"302\">Eine glanzvolle Lobby verdient ein Abfallmanagement, das wie eine Absichtserkl\u00e4rung aussieht. Dieser Abfallbeh\u00e4lter mit Marmormuster f\u00fcr die Lobby verleiht Hoteleing\u00e4ngen, Korridoren, Besprechungsr\u00e4umen und Chefb\u00fcros eine von Stein inspirierte \u00c4sthetik und sorgt f\u00fcr Ordnung in den \u00f6ffentlichen Bereichen, ohne die Designsprache zu unterbrechen.<\/p>\n<p data-start=\"304\" data-end=\"765\">Das \u00c4u\u00dfere des Beh\u00e4lters ist f\u00fcr den t\u00e4glichen Gebrauch konzipiert, um Kratzern zu widerstehen und ein gepflegtes Aussehen zu bewahren. Die obere Einwurf\u00f6ffnung erm\u00f6glicht eine schnelle Entsorgung und reduziert gleichzeitig die optische Unordnung um den Beh\u00e4lter. Der herausnehmbare Innenbeh\u00e4lter erleichtert den Reinigungskr\u00e4ften den schnellen Wechsel des Beutels und tr\u00e4gt dazu bei, dass der Rand des Beh\u00e4lters unauff\u00e4llig bleibt, um eine saubere Pr\u00e4sentation zu gew\u00e4hrleisten. Die glatten Oberfl\u00e4chen lassen sich leicht abwischen, was ihn praktisch f\u00fcr Bereiche mit hohem Durchsatz macht, in denen Sauberkeit stets im Vordergrund steht.<\/p>\n<p data-start=\"767\" data-end=\"1080\">Verwenden Sie ihn als eigenst\u00e4ndigen Akzent in der N\u00e4he von Sitzbereichen oder stellen Sie mehrere Ger\u00e4te entlang des G\u00e4steflusses auf, um die Entsorgung auf nat\u00fcrliche Weise zu steuern. Der Marmor-Look passt zu modernen, klassischen und Boutique-Einrichtungen und bietet einen gehobenen Touch, der eher an Dekoration als an Ausstattung erinnert - w\u00e4hrend er in aller Stille die Arbeit erledigt, auf die jede Lobby angewiesen ist.<\/p>","protected":false},"excerpt":{"rendered":"<p>M\u00fclleimer in Marmoroptik f\u00fcr Hotels und B\u00fcros. Das strapazierf\u00e4hige, leicht zu reinigende \u00c4u\u00dfere mit praktischer \u00d6ffnung an der Oberseite und herausnehmbarem Innenbeh\u00e4lter erm\u00f6glicht einen schnellen Beutelwechsel und h\u00e4lt \u00f6ffentliche Bereiche sauber.<\/p>","protected":false},"featured_media":254,"template":"","meta":{"_gspb_post_css":""},"product_brand":[],"product_cat":[23,21],"product_tag":[],"class_list":{"0":"post-242","1":"product","2":"type-product","3":"status-publish","4":"has-post-thumbnail","6":"product_cat-lobby-trash-cans","7":"product_cat-indoor-trash-bins","9":"first","10":"instock","11":"shipping-taxable","12":"purchasable","13":"product-type-simple"},"_links":{"self":[{"href":"https:\/\/facilityprojectsolutions.com\/de\/wp-json\/wp\/v2\/product\/242","targetHints":{"allow":["GET"]}}],"collection":[{"href":"https:\/\/facilityprojectsolutions.com\/de\/wp-json\/wp\/v2\/product"}],"about":[{"href":"https:\/\/facilityprojectsolutions.com\/de\/wp-json\/wp\/v2\/types\/product"}],"wp:featuredmedia":[{"embeddable":true,"href":"https:\/\/facilityprojectsolutions.com\/de\/wp-json\/wp\/v2\/media\/254"}],"wp:attachment":[{"href":"https:\/\/facilityprojectsolutions.com\/de\/wp-json\/wp\/v2\/media?parent=242"}],"wp:term":[{"taxonomy":"product_brand","embeddable":true,"href":"https:\/\/facilityprojectsolutions.com\/de\/wp-json\/wp\/v2\/product_brand?post=242"},{"taxonomy":"product_cat","embeddable":true,"href":"https:\/\/facilityprojectsolutions.com\/de\/wp-json\/wp\/v2\/product_cat?post=242"},{"taxonomy":"product_tag","embeddable":true,"href":"https:\/\/facilityprojectsolutions.com\/de\/wp-json\/wp\/v2\/product_tag?post=242"}],"curies":[{"name":"wp","href":"https:\/\/api.w.org\/{rel}","templated":true}]}}