{"id":256,"date":"2026-02-13T06:53:29","date_gmt":"2026-02-13T06:53:29","guid":{"rendered":"https:\/\/facilityprojectsolutions.com\/?post_type=product&#038;p=256"},"modified":"2026-02-13T06:53:29","modified_gmt":"2026-02-13T06:53:29","slug":"decorative-hotel-lobby-waste-bin","status":"publish","type":"product","link":"https:\/\/facilityprojectsolutions.com\/de\/produkt\/decorative-hotel-lobby-waste-bin\/","title":{"rendered":"Dekorativer Hotel-Lobby-Abfallbeh\u00e4lter"},"content":{"rendered":"<p data-start=\"0\" data-end=\"695\">Der erste Eindruck entsteht in der Lobby - dieser dekorative Abfalleimer tr\u00e4gt dazu bei, ihn zu verbessern. Er wurde f\u00fcr belebte \u00f6ffentliche Bereiche in Innenr\u00e4umen entwickelt und bietet eine praktische \u00d6ffnung an der Oberseite, damit die G\u00e4ste Becher, Quittungen und Verpackungen unterwegs entsorgen k\u00f6nnen. Ein diskretes M\u00fcllbeutelmanagement (z. B. ein abnehmbarer Deckel oder ein Rand, der den M\u00fcllbeutel zur\u00fcckh\u00e4lt, je nach Konfiguration) sorgt daf\u00fcr, dass der Rand des Beutels nicht sichtbar ist, was eine saubere Pr\u00e4sentation und eine schnellere R\u00fccksetzung w\u00e4hrend der Sto\u00dfzeiten erm\u00f6glicht. Wenn es Zeit f\u00fcr die Wartung ist, kann das Personal den Beutel entfernen, das Innere abwischen und den Beh\u00e4lter in wenigen Minuten wieder auf den Boden stellen.<\/p>\n<p data-start=\"697\" data-end=\"1305\">Verwenden Sie ihn neben der Rezeption, den Aufzugsb\u00e4nken, den Pre-Function-Zonen f\u00fcr Meetings oder den Sitzgelegenheiten in der Lounge, um verstreute Abf\u00e4lle zu reduzieren, ohne die Designsprache des Raumes zu unterbrechen. Die stromlinienf\u00f6rmige Silhouette passt sowohl zu modernem als auch zu klassischem Dekor, und die robuste Konstruktion ist f\u00fcr den t\u00e4glichen G\u00e4steverkehr geeignet. Optionale bodenschonende Details - wie z. B. nicht abf\u00e4rbende Sockel oder sch\u00fctzende Abdeckungen - k\u00f6nnen dazu beitragen, die umliegenden Oberfl\u00e4chen zu erhalten. F\u00fcr Hotels, die Wert auf eine saubere, einladende Umgebung und effiziente Housekeeping-Routinen legen, bietet dieser Beh\u00e4lter eine professionelle L\u00f6sung, um \u00f6ffentliche Bereiche durchg\u00e4ngig sauber zu halten.<\/p>","protected":false},"excerpt":{"rendered":"<p>Ein dekorativer Innenabfallbeh\u00e4lter f\u00fcr Hotellobbys und Empfangsbereiche mit einer leicht zug\u00e4nglichen \u00d6ffnung an der Oberseite und einer diskreten Handhabung des Beutels, um den Housekeeping-Service zu beschleunigen und hochfrequentierte \u00f6ffentliche Bereiche sauber zu halten.<\/p>","protected":false},"featured_media":259,"template":"","meta":{"_gspb_post_css":""},"product_brand":[],"product_cat":[23,21],"product_tag":[],"class_list":{"0":"post-256","1":"product","2":"type-product","3":"status-publish","4":"has-post-thumbnail","6":"product_cat-lobby-trash-cans","7":"product_cat-indoor-trash-bins","9":"first","10":"instock","11":"shipping-taxable","12":"purchasable","13":"product-type-simple"},"_links":{"self":[{"href":"https:\/\/facilityprojectsolutions.com\/de\/wp-json\/wp\/v2\/product\/256","targetHints":{"allow":["GET"]}}],"collection":[{"href":"https:\/\/facilityprojectsolutions.com\/de\/wp-json\/wp\/v2\/product"}],"about":[{"href":"https:\/\/facilityprojectsolutions.com\/de\/wp-json\/wp\/v2\/types\/product"}],"wp:featuredmedia":[{"embeddable":true,"href":"https:\/\/facilityprojectsolutions.com\/de\/wp-json\/wp\/v2\/media\/259"}],"wp:attachment":[{"href":"https:\/\/facilityprojectsolutions.com\/de\/wp-json\/wp\/v2\/media?parent=256"}],"wp:term":[{"taxonomy":"product_brand","embeddable":true,"href":"https:\/\/facilityprojectsolutions.com\/de\/wp-json\/wp\/v2\/product_brand?post=256"},{"taxonomy":"product_cat","embeddable":true,"href":"https:\/\/facilityprojectsolutions.com\/de\/wp-json\/wp\/v2\/product_cat?post=256"},{"taxonomy":"product_tag","embeddable":true,"href":"https:\/\/facilityprojectsolutions.com\/de\/wp-json\/wp\/v2\/product_tag?post=256"}],"curies":[{"name":"wp","href":"https:\/\/api.w.org\/{rel}","templated":true}]}}