{"id":258,"date":"2026-02-13T07:16:28","date_gmt":"2026-02-13T07:16:28","guid":{"rendered":"https:\/\/facilityprojectsolutions.com\/?post_type=product&#038;p=258"},"modified":"2026-02-13T07:16:28","modified_gmt":"2026-02-13T07:16:28","slug":"office-waste-bin-with-swing-lid","status":"publish","type":"product","link":"https:\/\/facilityprojectsolutions.com\/de\/produkt\/office-waste-bin-with-swing-lid\/","title":{"rendered":"B\u00fcroabfalleimer mit Schwingdeckel"},"content":{"rendered":"<p data-start=\"0\" data-end=\"491\">Sorgen Sie daf\u00fcr, dass die Bereiche, die den G\u00e4sten zugewandt sind, aufger\u00e4umt aussehen - mit einem Abfallbeh\u00e4lter mit Schwingdeckel, der f\u00fcr belebte Hotelinnenr\u00e4ume entwickelt wurde. Der abgedeckte Deckel sorgt daf\u00fcr, dass der Abfall nicht sichtbar ist, und reduziert so die optische Unordnung in Lobbys, Korridoren, Business Centern und Personalb\u00fcros, w\u00e4hrend er gleichzeitig eine schnelle, einh\u00e4ndige Entsorgung erm\u00f6glicht. Die glatte, abwischbare Au\u00dfenseite erm\u00f6glicht dem Housekeeping und dem Personal in den \u00f6ffentlichen Bereichen einen schnellen Arbeitsablauf, und der Schwingdeckel l\u00e4sst sich f\u00fcr einen unkomplizierten Beutelwechsel bei hohem Verkehrsaufkommen anheben.<\/p>\n<p data-start=\"493\" data-end=\"871\">F\u00fcr eine saubere Pr\u00e4sentation kann der Rand des Beutels ordentlich unter dem Deckel verstaut werden, so dass der Beutel optisch unauff\u00e4llig bleibt. Die gew\u00f6lbte Oberseite ermutigt die G\u00e4ste au\u00dferdem, Abf\u00e4lle fallen zu lassen, ohne den Rand zu ber\u00fchren, und unterst\u00fctzt so die t\u00e4gliche Hygiene in Gemeinschaftsr\u00e4umen. Stellen Sie ihn dort auf, wo viel Verkehr herrscht, in der N\u00e4he von Kaffeestationen, Besprechungsr\u00e4umen oder Aufzugssch\u00e4chten, um die Sauberkeit in Gemeinschaftsbereichen aufrechtzuerhalten.<\/p>\n<p data-start=\"873\" data-end=\"1144\">Mit seiner klaren, unauff\u00e4lligen Silhouette f\u00fcgt sich der Beh\u00e4lter in modernes und klassisches Dekor ein, anstatt mit diesem zu konkurrieren. Der einfache Schwenkmechanismus des Deckels vermeidet den \u201cKnall\u201d, der oft mit Pedalen verbunden ist, und tr\u00e4gt dazu bei, dass die G\u00e4ste ruhig bleiben, w\u00e4hrend Ihr Team den Service weiterf\u00fchrt.<\/p>","protected":false},"excerpt":{"rendered":"<p>Abfalleimer mit Schwingdeckel f\u00fcr Hotellobbys und B\u00fcrobereiche, der f\u00fcr diskreten Abfall und Ordnung in Gemeinschaftsr\u00e4umen sorgt. Glatte Oberfl\u00e4chen lassen sich schnell abwischen, und der abnehmbare Schwingdeckel vereinfacht den M\u00fcllbeutelwechsel bei der t\u00e4glichen Visite.<\/p>","protected":false},"featured_media":270,"template":"","meta":{"_gspb_post_css":""},"product_brand":[],"product_cat":[24,21],"product_tag":[],"class_list":{"0":"post-258","1":"product","2":"type-product","3":"status-publish","4":"has-post-thumbnail","6":"product_cat-office-trash-bins","7":"product_cat-indoor-trash-bins","9":"first","10":"instock","11":"shipping-taxable","12":"purchasable","13":"product-type-simple"},"_links":{"self":[{"href":"https:\/\/facilityprojectsolutions.com\/de\/wp-json\/wp\/v2\/product\/258","targetHints":{"allow":["GET"]}}],"collection":[{"href":"https:\/\/facilityprojectsolutions.com\/de\/wp-json\/wp\/v2\/product"}],"about":[{"href":"https:\/\/facilityprojectsolutions.com\/de\/wp-json\/wp\/v2\/types\/product"}],"wp:featuredmedia":[{"embeddable":true,"href":"https:\/\/facilityprojectsolutions.com\/de\/wp-json\/wp\/v2\/media\/270"}],"wp:attachment":[{"href":"https:\/\/facilityprojectsolutions.com\/de\/wp-json\/wp\/v2\/media?parent=258"}],"wp:term":[{"taxonomy":"product_brand","embeddable":true,"href":"https:\/\/facilityprojectsolutions.com\/de\/wp-json\/wp\/v2\/product_brand?post=258"},{"taxonomy":"product_cat","embeddable":true,"href":"https:\/\/facilityprojectsolutions.com\/de\/wp-json\/wp\/v2\/product_cat?post=258"},{"taxonomy":"product_tag","embeddable":true,"href":"https:\/\/facilityprojectsolutions.com\/de\/wp-json\/wp\/v2\/product_tag?post=258"}],"curies":[{"name":"wp","href":"https:\/\/api.w.org\/{rel}","templated":true}]}}