{"id":272,"date":"2026-02-13T07:55:31","date_gmt":"2026-02-13T07:55:31","guid":{"rendered":"https:\/\/facilityprojectsolutions.com\/?post_type=product&#038;p=272"},"modified":"2026-02-13T07:55:32","modified_gmt":"2026-02-13T07:55:32","slug":"slim-office-litter-bin-for-corridors","status":"publish","type":"product","link":"https:\/\/facilityprojectsolutions.com\/de\/produkt\/slim-office-litter-bin-for-corridors\/","title":{"rendered":"Schlanker B\u00fcroabfallbeh\u00e4lter f\u00fcr Korridore"},"content":{"rendered":"<p data-start=\"0\" data-end=\"327\">In belebten Hotelkorridoren, Aufzuglobbys und B\u00fcrofluren m\u00fcssen die Abfallbeh\u00e4lter leicht zu finden sein, ohne wertvollen Platz auf dem Gehweg zu beanspruchen. Dieser schlanke B\u00fcroabfalleimer ist so konstruiert, dass er sich sauber an W\u00e4nden und Ecken entlang einf\u00fcgt und dabei hilft, die Verkehrswege freizuhalten, w\u00e4hrend er gleichzeitig ein gepflegtes Erscheinungsbild der Fassade beibeh\u00e4lt.<\/p>\n<p data-start=\"329\" data-end=\"766\">Die obere \u00d6ffnung erleichtert G\u00e4sten, Besuchern und Mitarbeitern die Entsorgung unterwegs - ideal f\u00fcr Kaffeebecher, Taschent\u00fccher und Verpackungen zum Mitnehmen. Das strapazierf\u00e4hige \u00c4u\u00dfere ist f\u00fcr h\u00e4ufiges Abwischen ausgelegt, so dass das Reinigungspersonal zwischen den Sto\u00dfzeiten schnell wieder ein sauberes Erscheinungsbild herstellen kann. F\u00fcr einen reibungsloseren Betrieb ist der Beh\u00e4lter so konzipiert, dass er einen schnellen Wechsel des Beutels und eine kontrollierte, st\u00f6rungsfreie Entleerung erm\u00f6glicht, so dass das Personal weniger Zeit f\u00fcr die Wartung der \u00f6ffentlichen Bereiche aufwenden muss.<\/p>\n<p data-start=\"768\" data-end=\"1132\">Mit seinem dezenten Design, das sowohl zu modernen als auch zu klassischen Einrichtungen passt, tr\u00e4gt der Beh\u00e4lter dazu bei, die visuelle Unordnung in langen Fluren und gemeinsam genutzten Korridoren zu reduzieren. Verwenden Sie ihn als Einzell\u00f6sung in ruhigeren Etagen oder als Teil eines koordinierten Abfallprogramms in Lobbys, Foyers von Besprechungsr\u00e4umen und \u00dcberg\u00e4ngen von einem Geb\u00e4ude zum anderen, damit Ihr Geb\u00e4ude stets ordentlich und gastfreundlich bleibt.<\/p>","protected":false},"excerpt":{"rendered":"<p data-start=\"1134\" data-end=\"1341\">Ein schlanker, flurfertiger Abfallbeh\u00e4lter, der f\u00fcr Hotels und B\u00fcros entwickelt wurde. Er h\u00e4lt die Gehwege frei, sieht in \u00f6ffentlichen Bereichen unauff\u00e4llig aus und erm\u00f6glicht einen schnellen Wechsel des Abfallbeutels f\u00fcr das Housekeeping und die Facility-Teams.<\/p>","protected":false},"featured_media":278,"template":"","meta":{"_gspb_post_css":""},"product_brand":[],"product_cat":[24,21],"product_tag":[],"class_list":{"0":"post-272","1":"product","2":"type-product","3":"status-publish","4":"has-post-thumbnail","6":"product_cat-office-trash-bins","7":"product_cat-indoor-trash-bins","9":"first","10":"instock","11":"shipping-taxable","12":"purchasable","13":"product-type-simple"},"_links":{"self":[{"href":"https:\/\/facilityprojectsolutions.com\/de\/wp-json\/wp\/v2\/product\/272","targetHints":{"allow":["GET"]}}],"collection":[{"href":"https:\/\/facilityprojectsolutions.com\/de\/wp-json\/wp\/v2\/product"}],"about":[{"href":"https:\/\/facilityprojectsolutions.com\/de\/wp-json\/wp\/v2\/types\/product"}],"wp:featuredmedia":[{"embeddable":true,"href":"https:\/\/facilityprojectsolutions.com\/de\/wp-json\/wp\/v2\/media\/278"}],"wp:attachment":[{"href":"https:\/\/facilityprojectsolutions.com\/de\/wp-json\/wp\/v2\/media?parent=272"}],"wp:term":[{"taxonomy":"product_brand","embeddable":true,"href":"https:\/\/facilityprojectsolutions.com\/de\/wp-json\/wp\/v2\/product_brand?post=272"},{"taxonomy":"product_cat","embeddable":true,"href":"https:\/\/facilityprojectsolutions.com\/de\/wp-json\/wp\/v2\/product_cat?post=272"},{"taxonomy":"product_tag","embeddable":true,"href":"https:\/\/facilityprojectsolutions.com\/de\/wp-json\/wp\/v2\/product_tag?post=272"}],"curies":[{"name":"wp","href":"https:\/\/api.w.org\/{rel}","templated":true}]}}