{"id":287,"date":"2026-02-13T08:36:01","date_gmt":"2026-02-13T08:36:01","guid":{"rendered":"https:\/\/facilityprojectsolutions.com\/?post_type=product&#038;p=287"},"modified":"2026-02-13T08:36:01","modified_gmt":"2026-02-13T08:36:01","slug":"smart-sensor-trash-can-for-offices","status":"publish","type":"product","link":"https:\/\/facilityprojectsolutions.com\/de\/produkt\/smart-sensor-trash-can-for-offices\/","title":{"rendered":"Smart Sensor M\u00fclleimer f\u00fcr B\u00fcros"},"content":{"rendered":"<p data-start=\"0\" data-end=\"375\">In Hotel-Business-Centern, Back-of-House-B\u00fcros und Arbeitsbereichen in der Lobby werden die M\u00fclleimer den ganzen Tag \u00fcber benutzt - und oft sind G\u00e4ste und Mitarbeiter schnell unterwegs. Dieser intelligente, sensorgesteuerte M\u00fclleimer l\u00e4sst sich ber\u00fchrungslos \u00f6ffnen und tr\u00e4gt dazu bei, die Anzahl der gemeinsamen Ber\u00fchrungspunkte zu reduzieren und die Hygiene in \u00f6ffentlichen Bereichen zu verbessern.<\/p>\n<p data-start=\"377\" data-end=\"933\">Der bewegungsaktivierte Deckel ist f\u00fcr den allt\u00e4glichen Verkehr ausgelegt, \u00f6ffnet sich freih\u00e4ndig und schlie\u00dft sich kontrolliert und leise, was besser auf Hotelumgebungen abgestimmt ist, in denen es viel L\u00e4rm gibt. Durch die praktische \u00d6ffnung von oben ist die Entsorgung f\u00fcr die G\u00e4ste intuitiv, w\u00e4hrend die glatten, leicht abwischbaren Oberfl\u00e4chen dem Reinigungspersonal helfen, den Beh\u00e4lter zwischen den Runden schnell zu s\u00e4ubern. Das strapazierf\u00e4hige, leicht zu reinigende \u00c4u\u00dfere ist f\u00fcr vielbesch\u00e4ftigte Schichten gedacht und tr\u00e4gt dazu bei, dass das professionelle Aussehen auf Dauer erhalten bleibt.<\/p>\n<p data-start=\"935\" data-end=\"1295\">Im Inneren befindet sich eine haushaltsfreundliche Auskleidungszone, die einen schnelleren Taschenwechsel erm\u00f6glicht und daf\u00fcr sorgt, dass die Oberkante ordentlich aussieht, so dass die \u00f6ffentlichen Bereiche zwischen den Servicerunden ordentlich bleiben. Platzieren Sie ihn in der N\u00e4he von Besprechungsr\u00e4umen, Mitarbeiterarbeitspl\u00e4tzen oder einem Concierge-Schalter, um Abf\u00e4lle unauff\u00e4llig fernzuhalten und einen gepflegten ersten Eindruck zu hinterlassen.<\/p>","protected":false},"excerpt":{"rendered":"<p data-start=\"1297\" data-end=\"1534\">Ber\u00fchrungsloser Sensor-M\u00fclleimer f\u00fcr Hotelb\u00fcros, Konferenzr\u00e4ume und Arbeitsbereiche in der Lobby. Die leise, kontrollierte Bewegung des Deckels, die leicht abwischbare Au\u00dfenseite und die haushaltsfreundliche Handhabung des Beh\u00e4lters sorgen f\u00fcr Ordnung und Professionalit\u00e4t in \u00f6ffentlichen Bereichen.<\/p>","protected":false},"featured_media":296,"template":"","meta":{"_gspb_post_css":""},"product_brand":[],"product_cat":[26,21],"product_tag":[],"class_list":{"0":"post-287","1":"product","2":"type-product","3":"status-publish","4":"has-post-thumbnail","6":"product_cat-smart-sensor-trash-cans","7":"product_cat-indoor-trash-bins","9":"first","10":"instock","11":"shipping-taxable","12":"purchasable","13":"product-type-simple"},"_links":{"self":[{"href":"https:\/\/facilityprojectsolutions.com\/de\/wp-json\/wp\/v2\/product\/287","targetHints":{"allow":["GET"]}}],"collection":[{"href":"https:\/\/facilityprojectsolutions.com\/de\/wp-json\/wp\/v2\/product"}],"about":[{"href":"https:\/\/facilityprojectsolutions.com\/de\/wp-json\/wp\/v2\/types\/product"}],"wp:featuredmedia":[{"embeddable":true,"href":"https:\/\/facilityprojectsolutions.com\/de\/wp-json\/wp\/v2\/media\/296"}],"wp:attachment":[{"href":"https:\/\/facilityprojectsolutions.com\/de\/wp-json\/wp\/v2\/media?parent=287"}],"wp:term":[{"taxonomy":"product_brand","embeddable":true,"href":"https:\/\/facilityprojectsolutions.com\/de\/wp-json\/wp\/v2\/product_brand?post=287"},{"taxonomy":"product_cat","embeddable":true,"href":"https:\/\/facilityprojectsolutions.com\/de\/wp-json\/wp\/v2\/product_cat?post=287"},{"taxonomy":"product_tag","embeddable":true,"href":"https:\/\/facilityprojectsolutions.com\/de\/wp-json\/wp\/v2\/product_tag?post=287"}],"curies":[{"name":"wp","href":"https:\/\/api.w.org\/{rel}","templated":true}]}}