{"id":302,"date":"2026-02-13T09:02:36","date_gmt":"2026-02-13T09:02:36","guid":{"rendered":"https:\/\/facilityprojectsolutions.com\/?post_type=product&#038;p=302"},"modified":"2026-02-13T09:02:36","modified_gmt":"2026-02-13T09:02:36","slug":"sensor-trash-can-with-inner-bucket","status":"publish","type":"product","link":"https:\/\/facilityprojectsolutions.com\/de\/produkt\/sensor-trash-can-with-inner-bucket\/","title":{"rendered":"Sensor-M\u00fclleimer mit Inneneimer"},"content":{"rendered":"<p data-start=\"0\" data-end=\"327\">Dieser sensorgesteuerte Abfalleimer wurde f\u00fcr Hotelzimmer und Suiten entwickelt und bietet eine saubere, raffinierte Entsorgungsm\u00f6glichkeit, ohne optisch zu st\u00f6ren. Der freih\u00e4ndig zu \u00f6ffnende Deckel reduziert die Anzahl der Ber\u00fchrungen f\u00fcr G\u00e4ste und Personal, w\u00e4hrend der kontrollierte, leise Schlie\u00dfvorgang daf\u00fcr sorgt, dass die Benutzung zu sp\u00e4ter Stunde nicht zu einer Ablenkung wird.<\/p>\n<p data-start=\"329\" data-end=\"798\">Der herausnehmbare Inneneimer vereinfacht das Entleeren und Aussp\u00fclen - ideal f\u00fcr schnelle Raumwechsel. F\u00fcr die Reinigung l\u00e4sst sich der Eimer zusammen mit dem Innenbeh\u00e4lter herausnehmen, um das Auslaufen von Fl\u00fcssigkeiten zu minimieren und das \u00e4u\u00dfere Erscheinungsbild frisch zu halten. Ein Rand, der den Einsatz zur\u00fcckh\u00e4lt, sorgt daf\u00fcr, dass der Beutel an seinem Platz bleibt, und verdeckt den Rand des Einsatzes, so dass die Dose auch zwischen den Hausmeisterbesuchen ordentlich aussieht. Die glatten Oberfl\u00e4chen lassen sich schnell abwischen und erm\u00f6glichen eine einheitliche Pr\u00e4sentation in Zimmern, Fluren und Personalbereichen.<\/p>\n<p data-start=\"800\" data-end=\"1096\">Das Gesamtprofil ist bewusst dezent gehalten, so dass es sich leicht mit modernen oder klassischen Einrichtungen kombinieren l\u00e4sst. Platzieren Sie ihn neben einer Frisierkommode, unter einem Schreibtisch oder in der N\u00e4he der Minibar, um Ihren G\u00e4sten einen intuitiven Platz f\u00fcr allt\u00e4gliche Abf\u00e4lle zu bieten und gleichzeitig Ihrem Team zu helfen, einen gepflegten, gastfreundlichen Raum zu erhalten.<\/p>","protected":false},"excerpt":{"rendered":"<p>Ber\u00fchrungsloser, sensorgesteuerter Abfalleimer f\u00fcr Hotelzimmer mit herausnehmbarem Inneneimer und einem Rand, der den M\u00fcllbeutel zur\u00fcckh\u00e4lt, um die Beutelr\u00e4nder zu verbergen. Das leise Schlie\u00dfen sorgt f\u00fcr Ruhe in den G\u00e4stezimmern und vereinfacht die t\u00e4gliche Reinigung und den Wechsel des M\u00fcllbeutels.<\/p>","protected":false},"featured_media":310,"template":"","meta":{"_gspb_post_css":""},"product_brand":[],"product_cat":[26,21],"product_tag":[],"class_list":{"0":"post-302","1":"product","2":"type-product","3":"status-publish","4":"has-post-thumbnail","6":"product_cat-smart-sensor-trash-cans","7":"product_cat-indoor-trash-bins","9":"first","10":"instock","11":"shipping-taxable","12":"purchasable","13":"product-type-simple"},"_links":{"self":[{"href":"https:\/\/facilityprojectsolutions.com\/de\/wp-json\/wp\/v2\/product\/302","targetHints":{"allow":["GET"]}}],"collection":[{"href":"https:\/\/facilityprojectsolutions.com\/de\/wp-json\/wp\/v2\/product"}],"about":[{"href":"https:\/\/facilityprojectsolutions.com\/de\/wp-json\/wp\/v2\/types\/product"}],"wp:featuredmedia":[{"embeddable":true,"href":"https:\/\/facilityprojectsolutions.com\/de\/wp-json\/wp\/v2\/media\/310"}],"wp:attachment":[{"href":"https:\/\/facilityprojectsolutions.com\/de\/wp-json\/wp\/v2\/media?parent=302"}],"wp:term":[{"taxonomy":"product_brand","embeddable":true,"href":"https:\/\/facilityprojectsolutions.com\/de\/wp-json\/wp\/v2\/product_brand?post=302"},{"taxonomy":"product_cat","embeddable":true,"href":"https:\/\/facilityprojectsolutions.com\/de\/wp-json\/wp\/v2\/product_cat?post=302"},{"taxonomy":"product_tag","embeddable":true,"href":"https:\/\/facilityprojectsolutions.com\/de\/wp-json\/wp\/v2\/product_tag?post=302"}],"curies":[{"name":"wp","href":"https:\/\/api.w.org\/{rel}","templated":true}]}}