{"id":303,"date":"2026-02-13T09:09:28","date_gmt":"2026-02-13T09:09:28","guid":{"rendered":"https:\/\/facilityprojectsolutions.com\/?post_type=product&#038;p=303"},"modified":"2026-02-13T09:09:28","modified_gmt":"2026-02-13T09:09:28","slug":"motion-sensor-trash-can-for-high-traffic-areas","status":"publish","type":"product","link":"https:\/\/facilityprojectsolutions.com\/de\/produkt\/motion-sensor-trash-can-for-high-traffic-areas\/","title":{"rendered":"Bewegungsmelder-M\u00fclleimer f\u00fcr stark frequentierte Bereiche"},"content":{"rendered":"<p data-start=\"0\" data-end=\"631\">Dieser Abfalleimer mit Bewegungssensor wurde f\u00fcr Hotellobbys, Aufzugsb\u00e4nke, Konferenzvorbereitungsbereiche und Personalkorridore entwickelt und unterst\u00fctzt die ber\u00fchrungslose Entsorgung in stark frequentierten Innenbereichen. Durch die ber\u00fchrungslose Bedienung entf\u00e4llt ein h\u00e4ufiger Kontaktpunkt bei der Abfallentsorgung, was den Einrichtungen hilft, die t\u00e4glichen Hygienestandards im Gastgewerbe zu verbessern. Ein einfaches Herantasten mit der Hand l\u00f6st den Deckel aus, und ein kontrolliertes, leises Schlie\u00dfen tr\u00e4gt dazu bei, dass der Raum f\u00fcr den Empfangsservice, G\u00e4stegespr\u00e4che und sp\u00e4te Check-ins ruhig bleibt.<\/p>\n<p data-start=\"633\" data-end=\"1213\">F\u00fcr das Housekeeping und die Technikteams ist das Design so konzipiert, dass es zwischen den Runden pr\u00e4sentabel bleibt: Der Wechsel des Beutels ist einfach, und das Konzept des Beutels, der den Rand h\u00e4lt, hilft dabei, den Beutel sicher zu halten, w\u00e4hrend \u00fcbersch\u00fcssiges Material aus dem Blickfeld verschwindet und f\u00fcr ein sauberes Aussehen sorgt. Das stromlinienf\u00f6rmige \u00c4u\u00dfere passt zu modernen Hotelinterieurs und tr\u00e4gt dazu bei, dass auch bei hohen Ankunftszahlen, Reisegruppen und Veranstaltungspausen ein ordentlicher Eindruck entsteht. Es ist ideal f\u00fcr Eing\u00e4nge, Lounges und Buffetstationen und sorgt daf\u00fcr, dass \u00f6ffentliche Bereiche vom morgendlichen Ansturm bis zum abendlichen Service den ganzen Tag \u00fcber ordentlich aussehen.<\/p>","protected":false},"excerpt":{"rendered":"<p>Ber\u00fchrungsloser M\u00fclleimer mit Bewegungssensor f\u00fcr Hotel-Lobbys und andere stark frequentierte Innenbereiche. Der leise schlie\u00dfende Deckel sorgt f\u00fcr den Komfort der G\u00e4ste, w\u00e4hrend das beutelfreundliche Design dem Personal hilft, die Beutel schnell zu wechseln und die \u00f6ffentlichen Bereiche sauber zu halten.<\/p>","protected":false},"featured_media":315,"template":"","meta":{"_gspb_post_css":""},"product_brand":[],"product_cat":[26,21],"product_tag":[],"class_list":{"0":"post-303","1":"product","2":"type-product","3":"status-publish","4":"has-post-thumbnail","6":"product_cat-smart-sensor-trash-cans","7":"product_cat-indoor-trash-bins","9":"first","10":"instock","11":"shipping-taxable","12":"purchasable","13":"product-type-simple"},"_links":{"self":[{"href":"https:\/\/facilityprojectsolutions.com\/de\/wp-json\/wp\/v2\/product\/303","targetHints":{"allow":["GET"]}}],"collection":[{"href":"https:\/\/facilityprojectsolutions.com\/de\/wp-json\/wp\/v2\/product"}],"about":[{"href":"https:\/\/facilityprojectsolutions.com\/de\/wp-json\/wp\/v2\/types\/product"}],"wp:featuredmedia":[{"embeddable":true,"href":"https:\/\/facilityprojectsolutions.com\/de\/wp-json\/wp\/v2\/media\/315"}],"wp:attachment":[{"href":"https:\/\/facilityprojectsolutions.com\/de\/wp-json\/wp\/v2\/media?parent=303"}],"wp:term":[{"taxonomy":"product_brand","embeddable":true,"href":"https:\/\/facilityprojectsolutions.com\/de\/wp-json\/wp\/v2\/product_brand?post=303"},{"taxonomy":"product_cat","embeddable":true,"href":"https:\/\/facilityprojectsolutions.com\/de\/wp-json\/wp\/v2\/product_cat?post=303"},{"taxonomy":"product_tag","embeddable":true,"href":"https:\/\/facilityprojectsolutions.com\/de\/wp-json\/wp\/v2\/product_tag?post=303"}],"curies":[{"name":"wp","href":"https:\/\/api.w.org\/{rel}","templated":true}]}}