{"id":316,"date":"2026-02-13T09:24:54","date_gmt":"2026-02-13T09:24:54","guid":{"rendered":"https:\/\/facilityprojectsolutions.com\/?post_type=product&#038;p=316"},"modified":"2026-02-13T09:24:54","modified_gmt":"2026-02-13T09:24:54","slug":"commercial-outdoor-trash-bin-with-open-top","status":"publish","type":"product","link":"https:\/\/facilityprojectsolutions.com\/de\/produkt\/commercial-outdoor-trash-bin-with-open-top\/","title":{"rendered":"Gewerblicher M\u00fclleimer f\u00fcr den Au\u00dfenbereich mit offenem Deckel"},"content":{"rendered":"<p data-start=\"0\" data-end=\"374\">Dieser handels\u00fcbliche M\u00fclleimer mit offener Einwurfklappe wurde f\u00fcr stark frequentierte Au\u00dfenbereiche entwickelt - Gehwege auf dem Campus, \u00f6ffentliche Stra\u00dfen, an den Verkehr angrenzende B\u00fcrgersteige und Geb\u00e4udeeing\u00e4nge - und erm\u00f6glicht eine einfache Entsorgung, ohne dass die Benutzer einen Deckel ber\u00fchren m\u00fcssen. Der offene Einwurf f\u00f6rdert die korrekte Nutzung w\u00e4hrend der Hauptverkehrszeiten und tr\u00e4gt dazu bei, die Verm\u00fcllung von Toren, H\u00f6fen und Bordsteinkanten zu reduzieren.<\/p>\n<p data-start=\"376\" data-end=\"773\">F\u00fcr Wartungsteams ist die t\u00e4gliche Wartung einfach zu handhaben. Der Beh\u00e4lter ist so konzipiert, dass er mit einem herausnehmbaren Innenbeutel oder einer Beuteleinrichtung funktioniert, so dass volle Beutel effizient herausgehoben und der Beh\u00e4lter im Rahmen regelm\u00e4\u00dfiger Rundg\u00e4nge abgewischt oder gesp\u00fclt werden kann. Der zug\u00e4ngliche Innenraum hilft dem Personal, \u00dcberlauf oder Verunreinigungen fr\u00fchzeitig zu erkennen, was zu einer sauberen Umgebung und weniger R\u00fcckrufen f\u00fchrt.<\/p>\n<p data-start=\"775\" data-end=\"1183\">Wenn der Beh\u00e4lter an unbeaufsichtigten oder gut sichtbaren Orten aufgestellt wird, kann er mit optionalen Verankerungs- und Manipulationssicherheitsmerkmalen (z. B. Sicherheitsbeschl\u00e4ge f\u00fcr die oberen Komponenten) ausgestattet werden, um die Einheit an ihrem Platz zu halten und St\u00f6rungen zu vermeiden. Dies macht ihn zu einer praktischen Wahl f\u00fcr Parks, B\u00fcrokomplexe, Stra\u00dfen und Eingangsbereiche, die eine zuverl\u00e4ssige Abfallsammlung im Freien mit geringem Wartungsaufwand ben\u00f6tigen.<\/p>","protected":false},"excerpt":{"rendered":"<p>Offener Abfallbeh\u00e4lter f\u00fcr den Au\u00dfenbereich f\u00fcr Gehwege, Stra\u00dfenbilder und Eingangsbereiche auf dem Campus. Konzipiert f\u00fcr eine schnelle Entsorgung und einen schnellen Beutelwechsel \u00fcber einen herausnehmbaren Einsatz, mit optionaler Verankerung und Anti-Tamper-Hardware.<\/p>","protected":false},"featured_media":319,"template":"","meta":{"_gspb_post_css":""},"product_brand":[],"product_cat":[28,27],"product_tag":[],"class_list":{"0":"post-316","1":"product","2":"type-product","3":"status-publish","4":"has-post-thumbnail","6":"product_cat-commercial-outdoor-bins","7":"product_cat-outdoor-trash-bins","9":"first","10":"instock","11":"shipping-taxable","12":"purchasable","13":"product-type-simple"},"_links":{"self":[{"href":"https:\/\/facilityprojectsolutions.com\/de\/wp-json\/wp\/v2\/product\/316","targetHints":{"allow":["GET"]}}],"collection":[{"href":"https:\/\/facilityprojectsolutions.com\/de\/wp-json\/wp\/v2\/product"}],"about":[{"href":"https:\/\/facilityprojectsolutions.com\/de\/wp-json\/wp\/v2\/types\/product"}],"wp:featuredmedia":[{"embeddable":true,"href":"https:\/\/facilityprojectsolutions.com\/de\/wp-json\/wp\/v2\/media\/319"}],"wp:attachment":[{"href":"https:\/\/facilityprojectsolutions.com\/de\/wp-json\/wp\/v2\/media?parent=316"}],"wp:term":[{"taxonomy":"product_brand","embeddable":true,"href":"https:\/\/facilityprojectsolutions.com\/de\/wp-json\/wp\/v2\/product_brand?post=316"},{"taxonomy":"product_cat","embeddable":true,"href":"https:\/\/facilityprojectsolutions.com\/de\/wp-json\/wp\/v2\/product_cat?post=316"},{"taxonomy":"product_tag","embeddable":true,"href":"https:\/\/facilityprojectsolutions.com\/de\/wp-json\/wp\/v2\/product_tag?post=316"}],"curies":[{"name":"wp","href":"https:\/\/api.w.org\/{rel}","templated":true}]}}