{"id":317,"date":"2026-02-13T09:35:30","date_gmt":"2026-02-13T09:35:30","guid":{"rendered":"https:\/\/facilityprojectsolutions.com\/?post_type=product&#038;p=317"},"modified":"2026-02-13T09:35:30","modified_gmt":"2026-02-13T09:35:30","slug":"outdoor-metal-litter-bin-for-entrances","status":"publish","type":"product","link":"https:\/\/facilityprojectsolutions.com\/de\/produkt\/outdoor-metal-litter-bin-for-entrances\/","title":{"rendered":"Metall-Abfallbeh\u00e4lter f\u00fcr den Au\u00dfenbereich f\u00fcr Eing\u00e4nge"},"content":{"rendered":"<p>Dieser Abfallbeh\u00e4lter aus Metall f\u00fcr den Au\u00dfenbereich wurde f\u00fcr stark frequentierte Eing\u00e4nge und \u00f6ffentliche Gehwege entwickelt und bietet einen \u00fcbersichtlichen Entsorgungspunkt f\u00fcr Gewerbegebiete, st\u00e4dtische Stra\u00dfen, Campus-Eing\u00e4nge und an den Verkehr angrenzende B\u00fcrgersteige. Das starre Metallgeh\u00e4use eignet sich f\u00fcr die ganzj\u00e4hrige Aufstellung im Freien und unterst\u00fctzt routinem\u00e4\u00dfige Wartungsprogramme, die h\u00e4ufiges Entleeren, den Austausch von Beuteln und regelm\u00e4\u00dfiges Reinigen von Beh\u00e4ltern und Beuteln umfassen. Ein herausnehmbarer Innenbeh\u00e4lter hilft den Mitarbeitern, den Abfall schnell zu entfernen, die \u00e4u\u00dfere H\u00fclle sauber zu halten und den Beh\u00e4lter ohne lange Ausfallzeiten mit einem neuen Beutel zu best\u00fccken. F\u00fcr Standorte, die Manipulationen oder Windbewegungen ausgesetzt sind, k\u00f6nnen optionale Verankerungs- und Manipulationsschutzfunktionen spezifiziert werden, um den Beh\u00e4lter an seinem Platz zu halten und den unbefugten Zugriff zu begrenzen. Neben Eingangst\u00fcren, Zufahrten zu Parkpl\u00e4tzen oder Wegkreuzungen platziert, bleibt er f\u00fcr die Benutzer erkennbar und tr\u00e4gt dazu bei, die Ansammlung von M\u00fcll an Grundst\u00fccksgrenzen zu reduzieren. Dieses wartungsfreundliche Design hilft den Teams, ihre Runden effizient zu absolvieren und Sch\u00e4den oder Vandalismus fr\u00fchzeitig zu erkennen.<\/p>","protected":false},"excerpt":{"rendered":"<p>Abfallbeh\u00e4lter aus Metall f\u00fcr den Au\u00dfenbereich f\u00fcr Eing\u00e4nge, Stra\u00dfen und Wege auf dem Campus. Der herausnehmbare Innenbeh\u00e4lter erm\u00f6glicht einen schnellen Beutelwechsel und eine saubere Wartung; optionale Verankerungs- und Manipulationsschutzoptionen unterst\u00fctzen eine stabile Aufstellung und routinem\u00e4\u00dfige Wartungsrunden.<\/p>","protected":false},"featured_media":323,"template":"","meta":{"_gspb_post_css":""},"product_brand":[],"product_cat":[28,27],"product_tag":[],"class_list":{"0":"post-317","1":"product","2":"type-product","3":"status-publish","4":"has-post-thumbnail","6":"product_cat-commercial-outdoor-bins","7":"product_cat-outdoor-trash-bins","9":"first","10":"instock","11":"shipping-taxable","12":"purchasable","13":"product-type-simple"},"_links":{"self":[{"href":"https:\/\/facilityprojectsolutions.com\/de\/wp-json\/wp\/v2\/product\/317","targetHints":{"allow":["GET"]}}],"collection":[{"href":"https:\/\/facilityprojectsolutions.com\/de\/wp-json\/wp\/v2\/product"}],"about":[{"href":"https:\/\/facilityprojectsolutions.com\/de\/wp-json\/wp\/v2\/types\/product"}],"wp:featuredmedia":[{"embeddable":true,"href":"https:\/\/facilityprojectsolutions.com\/de\/wp-json\/wp\/v2\/media\/323"}],"wp:attachment":[{"href":"https:\/\/facilityprojectsolutions.com\/de\/wp-json\/wp\/v2\/media?parent=317"}],"wp:term":[{"taxonomy":"product_brand","embeddable":true,"href":"https:\/\/facilityprojectsolutions.com\/de\/wp-json\/wp\/v2\/product_brand?post=317"},{"taxonomy":"product_cat","embeddable":true,"href":"https:\/\/facilityprojectsolutions.com\/de\/wp-json\/wp\/v2\/product_cat?post=317"},{"taxonomy":"product_tag","embeddable":true,"href":"https:\/\/facilityprojectsolutions.com\/de\/wp-json\/wp\/v2\/product_tag?post=317"}],"curies":[{"name":"wp","href":"https:\/\/api.w.org\/{rel}","templated":true}]}}