{"id":332,"date":"2026-02-13T10:29:52","date_gmt":"2026-02-13T10:29:52","guid":{"rendered":"https:\/\/facilityprojectsolutions.com\/?post_type=product&#038;p=332"},"modified":"2026-02-13T10:29:52","modified_gmt":"2026-02-13T10:29:52","slug":"commercial-outdoor-bin-with-ashtray-top","status":"publish","type":"product","link":"https:\/\/facilityprojectsolutions.com\/de\/produkt\/commercial-outdoor-bin-with-ashtray-top\/","title":{"rendered":"Kommerzieller Abfallbeh\u00e4lter f\u00fcr den Au\u00dfenbereich mit Aschenbecheraufsatz"},"content":{"rendered":"<p data-start=\"0\" data-end=\"326\">Sorgen Sie f\u00fcr Ordnung in stark frequentierten Au\u00dfenbereichen, ohne die t\u00e4gliche Reinigung zu vernachl\u00e4ssigen. Dieser gewerbliche Abfallbeh\u00e4lter f\u00fcr den Au\u00dfenbereich kombiniert die Sammlung allgemeiner Abf\u00e4lle mit einem Aschenbecheraufsatz, was ihn zu einer praktischen Wahl f\u00fcr Gewerbegebiete, Gehwege auf dem Campus, Haltestellen und Stra\u00dfeneing\u00e4nge macht, wo Raucherbereiche in der N\u00e4he von Fu\u00dfg\u00e4ngerstr\u00f6men liegen.<\/p>\n<p data-start=\"328\" data-end=\"827\">Der oben angebrachte Aschebereich bietet den Benutzern einen \u00fcbersichtlichen Platz zum L\u00f6schen und Entsorgen von Zigarettenabf\u00e4llen, bevor diese den Boden oder den Hauptm\u00fcllstrom erreichen. Die Bereitstellung eines speziellen Beh\u00e4lters kann dazu beitragen, die Verschmutzung durch Zigarettenkippen und den Reinigungsaufwand an Eing\u00e4ngen zu verringern. Das \u00c4u\u00dfere ist f\u00fcr den ganzj\u00e4hrigen Einsatz und die routinem\u00e4\u00dfige Reinigung konzipiert und soll mit einfacher, regelm\u00e4\u00dfiger Wartung und nicht mit besonderer Pflege instand gehalten werden.<\/p>\n<p data-start=\"829\" data-end=\"1246\">Die Wartung ist einfach: Der Zugang ist f\u00fcr einen schnellen Beutelwechsel und eine kontrollierte Entleerung ausgelegt, was gleichm\u00e4\u00dfige Runden an gro\u00dfen Standorten erm\u00f6glicht. F\u00fcr Standorte, die zus\u00e4tzliche Sicherheit erfordern - wie z. B. \u00f6ffentliche Gehwege oder offene H\u00f6fe - helfen optionale Verankerungs- und Manipulationsschutzfunktionen, das Ger\u00e4t an seinem Platz zu halten und St\u00f6rungen zu verhindern. Das Ergebnis ist ein ordentlicher, langlebiger Abfallbeh\u00e4lter, der langfristige Wartungspl\u00e4ne f\u00fcr den Au\u00dfenbereich unterst\u00fctzt.<\/p>","protected":false},"excerpt":{"rendered":"<p>Gewerblicher Abfallbeh\u00e4lter f\u00fcr den Au\u00dfenbereich mit Aschenbecheraufsatz f\u00fcr Park- und Stra\u00dfeneing\u00e4nge. Entwickelt f\u00fcr eine saubere Zigarettenentsorgung, eine stabile Platzierung mit optionaler Verankerung und eine schnelle t\u00e4gliche Wartung zur Unterst\u00fctzung einer effizienten, langfristigen Au\u00dfenpflege.<\/p>","protected":false},"featured_media":341,"template":"","meta":{"_gspb_post_css":""},"product_brand":[],"product_cat":[28,27],"product_tag":[],"class_list":{"0":"post-332","1":"product","2":"type-product","3":"status-publish","4":"has-post-thumbnail","6":"product_cat-commercial-outdoor-bins","7":"product_cat-outdoor-trash-bins","9":"first","10":"instock","11":"shipping-taxable","12":"purchasable","13":"product-type-simple"},"_links":{"self":[{"href":"https:\/\/facilityprojectsolutions.com\/de\/wp-json\/wp\/v2\/product\/332","targetHints":{"allow":["GET"]}}],"collection":[{"href":"https:\/\/facilityprojectsolutions.com\/de\/wp-json\/wp\/v2\/product"}],"about":[{"href":"https:\/\/facilityprojectsolutions.com\/de\/wp-json\/wp\/v2\/types\/product"}],"wp:featuredmedia":[{"embeddable":true,"href":"https:\/\/facilityprojectsolutions.com\/de\/wp-json\/wp\/v2\/media\/341"}],"wp:attachment":[{"href":"https:\/\/facilityprojectsolutions.com\/de\/wp-json\/wp\/v2\/media?parent=332"}],"wp:term":[{"taxonomy":"product_brand","embeddable":true,"href":"https:\/\/facilityprojectsolutions.com\/de\/wp-json\/wp\/v2\/product_brand?post=332"},{"taxonomy":"product_cat","embeddable":true,"href":"https:\/\/facilityprojectsolutions.com\/de\/wp-json\/wp\/v2\/product_cat?post=332"},{"taxonomy":"product_tag","embeddable":true,"href":"https:\/\/facilityprojectsolutions.com\/de\/wp-json\/wp\/v2\/product_tag?post=332"}],"curies":[{"name":"wp","href":"https:\/\/api.w.org\/{rel}","templated":true}]}}