{"id":333,"date":"2026-02-13T10:35:24","date_gmt":"2026-02-13T10:35:24","guid":{"rendered":"https:\/\/facilityprojectsolutions.com\/?post_type=product&#038;p=333"},"modified":"2026-02-13T10:35:24","modified_gmt":"2026-02-13T10:35:24","slug":"heavy-duty-outdoor-waste-bin-with-steel-body","status":"publish","type":"product","link":"https:\/\/facilityprojectsolutions.com\/de\/produkt\/heavy-duty-outdoor-waste-bin-with-steel-body\/","title":{"rendered":"Robuster Abfallbeh\u00e4lter f\u00fcr den Au\u00dfenbereich mit Stahlgeh\u00e4use"},"content":{"rendered":"<p>Entlang der Gehwege auf dem Campus und an den Haltestellen ist das Stahlgeh\u00e4use f\u00fcr den t\u00e4glichen Kontakt geeignet und erm\u00f6glicht es den Mitarbeitern, Kratzer und versch\u00fcttete Fl\u00fcssigkeiten bei Routineg\u00e4ngen abzuwischen. An Geb\u00e4udeeing\u00e4ngen und Pf\u00f6rtnerh\u00e4usern hilft eine sch\u00fctzende Oberfl\u00e4che, Sonne, Regen und Enteisungsspritzer zu bew\u00e4ltigen, so dass das Erscheinungsbild durch einfaches Abwaschen und nicht durch intensives Nachpolieren erhalten bleibt. An Stra\u00dfenr\u00e4ndern und Pl\u00e4tzen sorgen optionale Verankerungen und Manipulationssicherungen daf\u00fcr, dass der Beh\u00e4lter an seinem Platz bleibt und nach St\u00f6\u00dfen oder unsachgem\u00e4\u00dfem Gebrauch weniger Arbeit mit dem Herausnehmen, Neuausrichten und Auswechseln verbunden ist. In Gewerbegebieten und gemeinsam genutzten Innenh\u00f6fen unterst\u00fctzt ein herausnehmbarer Innenbeh\u00e4lter den schnellen Austausch von Beuteln und h\u00e4lt die Au\u00dfenh\u00fclle sauber, was die Servicezeit pro Standort verk\u00fcrzt. In der N\u00e4he von Gastro-Terrassen und Sitzgelegenheiten im Freien erm\u00f6glicht die harte Au\u00dfenseite ein schnelleres Abwischen nach klebrigen Abf\u00e4llen und hilft den Teams, die Hygiene ohne Spezialreiniger aufrechtzuerhalten. An stark frequentierten Eingangspunkten von Museen, Bahnh\u00f6fen und Einzelhandelszentren erm\u00f6glichen die Entfernung der Auskleidung und der Zugang zum Aussp\u00fclen eine vorhersehbare Wartung, wenn Lecks auftreten. Bei Langzeiteins\u00e4tzen im Freien in Gemeinden und auf dem Campus tragen regelm\u00e4\u00dfige Inspektionen, die \u00dcberpr\u00fcfung der Befestigungen, wenn sie verankert sind, und die Reinigung der Auskleidung dazu bei, die Nutzungsdauer zu verl\u00e4ngern und die Nachverfolgung der Anlagen zu vereinfachen.<\/p>","protected":false},"excerpt":{"rendered":"<p>Auf Gehwegen und an Stra\u00dfeneing\u00e4ngen auf dem Campus sorgt der herausnehmbare M\u00fcllbeutel des Stahlk\u00f6rpers f\u00fcr einen schnellen Beutelwechsel und eine schnelle Reinigung. In Parks und an Stra\u00dfeneing\u00e4ngen reduzieren die Verankerungsoptionen und der Manipulationsschutz das Umstellen und die ungeplante Wartung.<\/p>","protected":false},"featured_media":345,"template":"","meta":{"_gspb_post_css":""},"product_brand":[],"product_cat":[30,27],"product_tag":[],"class_list":{"0":"post-333","1":"product","2":"type-product","3":"status-publish","4":"has-post-thumbnail","6":"product_cat-heavy-duty-waste-bins","7":"product_cat-outdoor-trash-bins","9":"first","10":"instock","11":"shipping-taxable","12":"purchasable","13":"product-type-simple"},"_links":{"self":[{"href":"https:\/\/facilityprojectsolutions.com\/de\/wp-json\/wp\/v2\/product\/333","targetHints":{"allow":["GET"]}}],"collection":[{"href":"https:\/\/facilityprojectsolutions.com\/de\/wp-json\/wp\/v2\/product"}],"about":[{"href":"https:\/\/facilityprojectsolutions.com\/de\/wp-json\/wp\/v2\/types\/product"}],"wp:featuredmedia":[{"embeddable":true,"href":"https:\/\/facilityprojectsolutions.com\/de\/wp-json\/wp\/v2\/media\/345"}],"wp:attachment":[{"href":"https:\/\/facilityprojectsolutions.com\/de\/wp-json\/wp\/v2\/media?parent=333"}],"wp:term":[{"taxonomy":"product_brand","embeddable":true,"href":"https:\/\/facilityprojectsolutions.com\/de\/wp-json\/wp\/v2\/product_brand?post=333"},{"taxonomy":"product_cat","embeddable":true,"href":"https:\/\/facilityprojectsolutions.com\/de\/wp-json\/wp\/v2\/product_cat?post=333"},{"taxonomy":"product_tag","embeddable":true,"href":"https:\/\/facilityprojectsolutions.com\/de\/wp-json\/wp\/v2\/product_tag?post=333"}],"curies":[{"name":"wp","href":"https:\/\/api.w.org\/{rel}","templated":true}]}}