{"id":346,"date":"2026-02-13T10:55:10","date_gmt":"2026-02-13T10:55:10","guid":{"rendered":"https:\/\/facilityprojectsolutions.com\/?post_type=product&#038;p=346"},"modified":"2026-02-13T10:55:10","modified_gmt":"2026-02-13T10:55:10","slug":"industrial-trash-bin-for-high-use-areas","status":"publish","type":"product","link":"https:\/\/facilityprojectsolutions.com\/de\/produkt\/industrial-trash-bin-for-high-use-areas\/","title":{"rendered":"Industriem\u00fclleimer f\u00fcr stark frequentierte Bereiche"},"content":{"rendered":"<p data-start=\"0\" data-end=\"393\">Dieser Industrieabfallbeh\u00e4lter wurde f\u00fcr stark beanspruchte Au\u00dfenbereiche wie Gewerbegebiete, Stra\u00dfen, Gehwege in der N\u00e4he von Verkehrsmitteln und Geb\u00e4udeeing\u00e4nge entwickelt und sorgt f\u00fcr Ordnung in \u00f6ffentlichen Bereichen, ohne die Arbeit der Mitarbeiter zu erschweren. Das Geh\u00e4use ist f\u00fcr den ganzj\u00e4hrigen Einsatz konzipiert und verf\u00fcgt \u00fcber ein wetterfestes \u00c4u\u00dferes, das routinem\u00e4\u00dfige Abwaschvorg\u00e4nge unterst\u00fctzt und den Bedarf an Ausbesserungsarbeiten w\u00e4hrend der Nutzungsdauer reduziert.<\/p>\n<p data-start=\"395\" data-end=\"816\">F\u00fcr Standorte, an denen ein Umkippen oder eine St\u00f6rung problematisch ist - in der N\u00e4he von Laderampen, Gesch\u00e4ftseing\u00e4ngen oder Campus-Toren - k\u00f6nnen optionale Verankerungs- und Manipulationssicherheitsmerkmale spezifiziert werden, um die Stabilit\u00e4t zu verbessern und unbefugten Zugriff zu verhindern. Die Wartung wird durch ein internes Beutelsystem vereinfacht, das zum Wechseln und Reinigen der Beutel herausgehoben werden kann, wodurch der Kontakt mit dem Inneren des Beh\u00e4lters minimiert und die Sammelzeit auf dicht befahrenen Strecken verk\u00fcrzt wird.<\/p>\n<p data-start=\"818\" data-end=\"1159\">Einfache, werkzeugfreundliche Zug\u00e4nge und glatte Innenfl\u00e4chen sollen eine schnelle Sp\u00fclung nach Veranstaltungen, weniger Geruchsprobleme und eine einheitliche Pr\u00e4sentation in besucherfreundlichen Bereichen unterst\u00fctzen. Das Ergebnis ist ein praktischer Beh\u00e4lter f\u00fcr Kommunen und Bauleiter, die eine zuverl\u00e4ssige Abfallentsorgung im Freien mit vorhersehbarem Wartungsaufwand ben\u00f6tigen.<\/p>","protected":false},"excerpt":{"rendered":"<p data-start=\"1161\" data-end=\"1371\">Dieser f\u00fcr Parks, Stra\u00dfen und belebte Eingangsbereiche konzipierte Industrieabfallbeh\u00e4lter tr\u00e4gt mit optionalen Verankerungs- und Manipulationsschutzmerkmalen sowie einem herausnehmbaren M\u00fcllbeutel f\u00fcr eine schnellere und sicherere Entleerung zu einem sauberen \u00f6ffentlichen Raum bei.<\/p>","protected":false},"featured_media":350,"template":"","meta":{"_gspb_post_css":""},"product_brand":[],"product_cat":[30,27],"product_tag":[],"class_list":{"0":"post-346","1":"product","2":"type-product","3":"status-publish","4":"has-post-thumbnail","6":"product_cat-heavy-duty-waste-bins","7":"product_cat-outdoor-trash-bins","9":"first","10":"instock","11":"shipping-taxable","12":"purchasable","13":"product-type-simple"},"_links":{"self":[{"href":"https:\/\/facilityprojectsolutions.com\/de\/wp-json\/wp\/v2\/product\/346","targetHints":{"allow":["GET"]}}],"collection":[{"href":"https:\/\/facilityprojectsolutions.com\/de\/wp-json\/wp\/v2\/product"}],"about":[{"href":"https:\/\/facilityprojectsolutions.com\/de\/wp-json\/wp\/v2\/types\/product"}],"wp:featuredmedia":[{"embeddable":true,"href":"https:\/\/facilityprojectsolutions.com\/de\/wp-json\/wp\/v2\/media\/350"}],"wp:attachment":[{"href":"https:\/\/facilityprojectsolutions.com\/de\/wp-json\/wp\/v2\/media?parent=346"}],"wp:term":[{"taxonomy":"product_brand","embeddable":true,"href":"https:\/\/facilityprojectsolutions.com\/de\/wp-json\/wp\/v2\/product_brand?post=346"},{"taxonomy":"product_cat","embeddable":true,"href":"https:\/\/facilityprojectsolutions.com\/de\/wp-json\/wp\/v2\/product_cat?post=346"},{"taxonomy":"product_tag","embeddable":true,"href":"https:\/\/facilityprojectsolutions.com\/de\/wp-json\/wp\/v2\/product_tag?post=346"}],"curies":[{"name":"wp","href":"https:\/\/api.w.org\/{rel}","templated":true}]}}