{"id":347,"date":"2026-02-13T11:04:42","date_gmt":"2026-02-13T11:04:42","guid":{"rendered":"https:\/\/facilityprojectsolutions.com\/?post_type=product&#038;p=347"},"modified":"2026-02-13T11:04:42","modified_gmt":"2026-02-13T11:04:42","slug":"heavy-gauge-metal-waste-bin-for-facilities","status":"publish","type":"product","link":"https:\/\/facilityprojectsolutions.com\/de\/produkt\/heavy-gauge-metal-waste-bin-for-facilities\/","title":{"rendered":"Schwerer Metallabfallbeh\u00e4lter f\u00fcr Einrichtungen"},"content":{"rendered":"<p data-start=\"0\" data-end=\"529\">Dieser Abfallbeh\u00e4lter aus schwerem Metall wurde f\u00fcr stark frequentierte Au\u00dfenbereiche entwickelt und tr\u00e4gt zur Sauberkeit auf dem Campus, im Stra\u00dfenbild und an den Eing\u00e4ngen von Einrichtungen bei, wo st\u00e4ndig Fu\u00dfg\u00e4nger und Servicewagen unterwegs sind. Das starre Metallgeh\u00e4use ist so konzipiert, dass es den t\u00e4glichen St\u00f6\u00dfen in \u00f6ffentlich zug\u00e4nglichen Bereichen standh\u00e4lt. F\u00fcr Standorte wie Haltestellen, Pf\u00f6rtnerh\u00e4user und Pl\u00e4tze mit Haupteingang k\u00f6nnen optionale Verankerungen und Manipulationssicherungen spezifiziert werden, um ein Umkippen, Verschieben oder einen unbefugten Zugriff zu verhindern.<\/p>\n<p data-start=\"531\" data-end=\"906\">Ein herausnehmbarer Innenbeh\u00e4lter vereinfacht die t\u00e4gliche Arbeit: Die Mitarbeiter nehmen den Beh\u00e4lter heraus, binden die S\u00e4cke ab und stellen den Beh\u00e4lter wieder in Betrieb, ohne die \u00e4u\u00dfere H\u00fclle zu bewegen, wodurch die Gefahr des Versch\u00fcttens auf Gehwegen und in begr\u00fcnten Innenh\u00f6fen verringert wird. Herausnehmbare Innenbeh\u00e4lter werden h\u00e4ufig in gewerblichen Beh\u00e4ltern verwendet, da sie eine schnellere Entleerung und kontinuierliche Sauberkeit erm\u00f6glichen.<\/p>\n<p data-start=\"908\" data-end=\"1194\">F\u00fcr die langfristige Instandhaltung unterst\u00fctzt die einfache Konstruktion schnelle Sp\u00fclungen und Routineinspektionen, hilft bei der Standardisierung der Wartung in mehreren Geb\u00e4uden und Au\u00dfenbereichen und reduziert die Ausfallzeiten, wenn die Beh\u00e4lter nach Veranstaltungen gereinigt werden m\u00fcssen.<\/p>","protected":false},"excerpt":{"rendered":"<p>Abfallbeh\u00e4lter aus schwerem Metall f\u00fcr den Au\u00dfenbereich auf dem Campus, auf Stra\u00dfen und an Eingangsbereichen. Optionale Verankerungs-\/Anti-Stampfer-Funktionen und ein herausnehmbarer Einsatz helfen den Mitarbeitern bei der schnellen Entleerung und halten die Umgebung sauberer.<\/p>","protected":false},"featured_media":356,"template":"","meta":{"_gspb_post_css":""},"product_brand":[],"product_cat":[30,27],"product_tag":[],"class_list":{"0":"post-347","1":"product","2":"type-product","3":"status-publish","4":"has-post-thumbnail","6":"product_cat-heavy-duty-waste-bins","7":"product_cat-outdoor-trash-bins","9":"first","10":"instock","11":"shipping-taxable","12":"purchasable","13":"product-type-simple"},"_links":{"self":[{"href":"https:\/\/facilityprojectsolutions.com\/de\/wp-json\/wp\/v2\/product\/347","targetHints":{"allow":["GET"]}}],"collection":[{"href":"https:\/\/facilityprojectsolutions.com\/de\/wp-json\/wp\/v2\/product"}],"about":[{"href":"https:\/\/facilityprojectsolutions.com\/de\/wp-json\/wp\/v2\/types\/product"}],"wp:featuredmedia":[{"embeddable":true,"href":"https:\/\/facilityprojectsolutions.com\/de\/wp-json\/wp\/v2\/media\/356"}],"wp:attachment":[{"href":"https:\/\/facilityprojectsolutions.com\/de\/wp-json\/wp\/v2\/media?parent=347"}],"wp:term":[{"taxonomy":"product_brand","embeddable":true,"href":"https:\/\/facilityprojectsolutions.com\/de\/wp-json\/wp\/v2\/product_brand?post=347"},{"taxonomy":"product_cat","embeddable":true,"href":"https:\/\/facilityprojectsolutions.com\/de\/wp-json\/wp\/v2\/product_cat?post=347"},{"taxonomy":"product_tag","embeddable":true,"href":"https:\/\/facilityprojectsolutions.com\/de\/wp-json\/wp\/v2\/product_tag?post=347"}],"curies":[{"name":"wp","href":"https:\/\/api.w.org\/{rel}","templated":true}]}}