{"id":348,"date":"2026-02-13T11:09:44","date_gmt":"2026-02-13T11:09:44","guid":{"rendered":"https:\/\/facilityprojectsolutions.com\/?post_type=product&#038;p=348"},"modified":"2026-02-13T11:09:44","modified_gmt":"2026-02-13T11:09:44","slug":"high-capacity-outdoor-litter-receptacle","status":"publish","type":"product","link":"https:\/\/facilityprojectsolutions.com\/de\/produkt\/high-capacity-outdoor-litter-receptacle\/","title":{"rendered":"Abfallbeh\u00e4lter f\u00fcr den Au\u00dfenbereich mit hohem Fassungsverm\u00f6gen"},"content":{"rendered":"<p data-start=\"0\" data-end=\"447\">Dieser Beh\u00e4lter mit gro\u00dfem Fassungsverm\u00f6gen f\u00fcr den Au\u00dfenbereich wurde f\u00fcr Parks, Stra\u00dfen, Verkehrswege und Geb\u00e4udeeing\u00e4nge entwickelt, in denen das Abfallaufkommen schnell ansteigt, und tr\u00e4gt dazu bei, dass \u00f6ffentliche Bereiche mit weniger Sammeltouren in Ordnung gehalten werden. Die witterungsbest\u00e4ndige Konstruktion erm\u00f6glicht eine ganzj\u00e4hrige Aufstellung und routinem\u00e4\u00dfige Reinigung, so dass die Einrichtungsteams weniger Zeit f\u00fcr die Nachreinigung aufwenden m\u00fcssen und die Fassaden sauber gehalten werden k\u00f6nnen.<\/p>\n<p data-start=\"449\" data-end=\"1081\">An besonders gef\u00e4hrlichen Stellen wie Bordsteinkanten, Schultoren und Bahnhofsvorpl\u00e4tzen k\u00f6nnen optionale Verankerungs- und Manipulationsschutzvorrichtungen daf\u00fcr sorgen, dass das Ger\u00e4t sicher an Ort und Stelle bleibt und unbeabsichtigte Eingriffe verhindert werden. Im Inneren vereinfacht ein herausnehmbarer Beh\u00e4lter die Wartung: Die Mitarbeiter nehmen den Beh\u00e4lter heraus, verpacken und entsorgen ihn und bringen ihn dann zur\u00fcck, ohne den losen Abfall gegen die \u00e4u\u00dfere H\u00fclle zu dr\u00fccken - so werden Unordnung, Geruchsverschleppung und die Reinigungszeit zwischen den Eins\u00e4tzen reduziert. Dieser Arbeitsablauf, bei dem die Auskleidung im Vordergrund steht, tr\u00e4gt auch zum Schutz des Beh\u00e4lterk\u00f6rpers bei, was eine l\u00e4ngere Lebensdauer und eine einfachere vorbeugende Wartung erm\u00f6glicht.<\/p>\n<p data-start=\"1083\" data-end=\"1371\">Verwenden Sie einzelne Ger\u00e4te an Eingangspunkten, um Abfall aufzusammeln, oder stellen Sie sie in Reihen entlang von Promenaden und Fu\u00dfg\u00e4ngerzonen auf, um sie an die Fu\u00dfg\u00e4ngerstr\u00f6me anzupassen. Die \u00fcbersichtliche Innenaufteilung erleichtert Inspektionen und saisonale Tiefenreinigungen nach St\u00fcrmen, M\u00e4rkten oder Wochenendveranstaltungen.<\/p>","protected":false},"excerpt":{"rendered":"<p data-start=\"1373\" data-end=\"1614\">Abfallbeh\u00e4lter f\u00fcr den Au\u00dfenbereich mit gro\u00dfem Fassungsverm\u00f6gen f\u00fcr Campus, Stra\u00dfen und Eingangsbereiche. Optionale Verankerungs-\/Anti-Stampfer-Funktionen verbessern die Stabilit\u00e4t, w\u00e4hrend ein herausnehmbarer Innenbeh\u00e4lter die Entleerung beschleunigt und die routinem\u00e4\u00dfige Wartung vereinfacht.<\/p>","protected":false},"featured_media":357,"template":"","meta":{"_gspb_post_css":""},"product_brand":[],"product_cat":[30,27],"product_tag":[],"class_list":{"0":"post-348","1":"product","2":"type-product","3":"status-publish","4":"has-post-thumbnail","6":"product_cat-heavy-duty-waste-bins","7":"product_cat-outdoor-trash-bins","9":"first","10":"instock","11":"shipping-taxable","12":"purchasable","13":"product-type-simple"},"_links":{"self":[{"href":"https:\/\/facilityprojectsolutions.com\/de\/wp-json\/wp\/v2\/product\/348","targetHints":{"allow":["GET"]}}],"collection":[{"href":"https:\/\/facilityprojectsolutions.com\/de\/wp-json\/wp\/v2\/product"}],"about":[{"href":"https:\/\/facilityprojectsolutions.com\/de\/wp-json\/wp\/v2\/types\/product"}],"wp:featuredmedia":[{"embeddable":true,"href":"https:\/\/facilityprojectsolutions.com\/de\/wp-json\/wp\/v2\/media\/357"}],"wp:attachment":[{"href":"https:\/\/facilityprojectsolutions.com\/de\/wp-json\/wp\/v2\/media?parent=348"}],"wp:term":[{"taxonomy":"product_brand","embeddable":true,"href":"https:\/\/facilityprojectsolutions.com\/de\/wp-json\/wp\/v2\/product_brand?post=348"},{"taxonomy":"product_cat","embeddable":true,"href":"https:\/\/facilityprojectsolutions.com\/de\/wp-json\/wp\/v2\/product_cat?post=348"},{"taxonomy":"product_tag","embeddable":true,"href":"https:\/\/facilityprojectsolutions.com\/de\/wp-json\/wp\/v2\/product_tag?post=348"}],"curies":[{"name":"wp","href":"https:\/\/api.w.org\/{rel}","templated":true}]}}