{"id":362,"date":"2026-02-13T11:26:43","date_gmt":"2026-02-13T11:26:43","guid":{"rendered":"https:\/\/facilityprojectsolutions.com\/?post_type=product&#038;p=362"},"modified":"2026-02-13T11:26:43","modified_gmt":"2026-02-13T11:26:43","slug":"reinforced-commercial-waste-bin-on-base","status":"publish","type":"product","link":"https:\/\/facilityprojectsolutions.com\/de\/produkt\/reinforced-commercial-waste-bin-on-base\/","title":{"rendered":"Verst\u00e4rkter Gewerbeabfallbeh\u00e4lter auf Sockel"},"content":{"rendered":"<p data-start=\"0\" data-end=\"1119\">Dieser verst\u00e4rkte gewerbliche Abfallbeh\u00e4lter wurde f\u00fcr stark frequentierte Au\u00dfenbereiche entwickelt und steht auf einem stabilen Sockel, der sich f\u00fcr Gewerbegebiete, Gehwege auf dem Campus, Stra\u00dfenecken und Geb\u00e4udeeingangsbereiche eignet. Der verst\u00e4rkte Korpus h\u00e4lt den t\u00e4glichen Belastungen durch Einkaufswagen, Fu\u00dfg\u00e4nger und die routinem\u00e4\u00dfige Abholung stand, w\u00e4hrend optionale Verankerungs- und Manipulationsschutzfunktionen eine sicherere Platzierung erm\u00f6glichen, wenn Diebstahl oder Vandalismus zu bef\u00fcrchten sind - h\u00e4ufige Priorit\u00e4ten bei Beh\u00e4ltern im \u00f6ffentlichen Raum. F\u00fcr Wartungsteams ist die Wartung rationalisiert: Der Beh\u00e4lter ist f\u00fcr einen schnellen Beutelwechsel ausgelegt und kann mit einem herausnehmbaren Innenbeh\u00e4lter konfiguriert werden, wodurch der Kontakt mit R\u00fcckst\u00e4nden reduziert und die Entleerungszeit verk\u00fcrzt wird. Die Wartung auf der Basis von Beuteln und die leicht zug\u00e4ngliche Entleerung sind weit verbreitete Ans\u00e4tze bei Beh\u00e4ltern f\u00fcr den Au\u00dfenbereich, um die Au\u00dfenh\u00fclle langfristig sauber zu halten. Die auf den Au\u00dfenbereich ausgerichtete Konstruktion ist f\u00fcr Witterungseinfl\u00fcsse und wiederholte Reinigung ausgelegt und tr\u00e4gt dazu bei, h\u00e4ufige Nacharbeiten und ungeplante Reparaturen zu reduzieren. Stellen Sie einen solchen Beh\u00e4lter an Haltestellen, an Parkeing\u00e4ngen oder entlang von Ladengesch\u00e4ften auf, um die ordnungsgem\u00e4\u00dfe Entsorgung zu f\u00f6rdern und das Einsammeln von M\u00fcll zu reduzieren.<\/p>","protected":false},"excerpt":{"rendered":"<p>Verst\u00e4rkter Gewerbeabfallbeh\u00e4lter auf einem stabilen Sockel f\u00fcr Parks, Stra\u00dfen und Werkszufahrten. Optionale Verankerungs- und Manipulationsschutzfunktionen sowie ein herausnehmbarer, einsatzbereiter Beh\u00e4lter helfen dem Personal, die t\u00e4gliche Leerung und Reinigung zu beschleunigen.<\/p>","protected":false},"featured_media":367,"template":"","meta":{"_gspb_post_css":""},"product_brand":[],"product_cat":[30,27],"product_tag":[],"class_list":{"0":"post-362","1":"product","2":"type-product","3":"status-publish","4":"has-post-thumbnail","6":"product_cat-heavy-duty-waste-bins","7":"product_cat-outdoor-trash-bins","9":"first","10":"instock","11":"shipping-taxable","12":"purchasable","13":"product-type-simple"},"_links":{"self":[{"href":"https:\/\/facilityprojectsolutions.com\/de\/wp-json\/wp\/v2\/product\/362","targetHints":{"allow":["GET"]}}],"collection":[{"href":"https:\/\/facilityprojectsolutions.com\/de\/wp-json\/wp\/v2\/product"}],"about":[{"href":"https:\/\/facilityprojectsolutions.com\/de\/wp-json\/wp\/v2\/types\/product"}],"wp:featuredmedia":[{"embeddable":true,"href":"https:\/\/facilityprojectsolutions.com\/de\/wp-json\/wp\/v2\/media\/367"}],"wp:attachment":[{"href":"https:\/\/facilityprojectsolutions.com\/de\/wp-json\/wp\/v2\/media?parent=362"}],"wp:term":[{"taxonomy":"product_brand","embeddable":true,"href":"https:\/\/facilityprojectsolutions.com\/de\/wp-json\/wp\/v2\/product_brand?post=362"},{"taxonomy":"product_cat","embeddable":true,"href":"https:\/\/facilityprojectsolutions.com\/de\/wp-json\/wp\/v2\/product_cat?post=362"},{"taxonomy":"product_tag","embeddable":true,"href":"https:\/\/facilityprojectsolutions.com\/de\/wp-json\/wp\/v2\/product_tag?post=362"}],"curies":[{"name":"wp","href":"https:\/\/api.w.org\/{rel}","templated":true}]}}