{"id":378,"date":"2026-02-13T12:21:27","date_gmt":"2026-02-13T12:21:27","guid":{"rendered":"https:\/\/facilityprojectsolutions.com\/?post_type=product&#038;p=378"},"modified":"2026-02-13T12:21:27","modified_gmt":"2026-02-13T12:21:27","slug":"city-park-garbage-bin-with-wide-mouth","status":"publish","type":"product","link":"https:\/\/facilityprojectsolutions.com\/de\/produkt\/city-park-garbage-bin-with-wide-mouth\/","title":{"rendered":"Stadtpark-M\u00fclleimer mit breiter \u00d6ffnung"},"content":{"rendered":"<p data-start=\"0\" data-end=\"342\">Halten Sie stark frequentierte \u00f6ffentliche Bereiche sauber mit einem Abfallbeh\u00e4lter mit breiter \u00d6ffnung, der f\u00fcr Stadtparks, Stra\u00dfenlandschaften und Geb\u00e4ude- oder Verkehrseing\u00e4nge entwickelt wurde. Die gro\u00dfz\u00fcgige \u00d6ffnung erm\u00f6glicht eine schnelle Entleerung durch Fu\u00dfg\u00e4nger, Familien und Wartungsteams und tr\u00e4gt dazu bei, die Verschmutzung von Wegen, Spielplatzr\u00e4ndern, Pl\u00e4tzen und Torlinien zu reduzieren.<\/p>\n<p data-start=\"344\" data-end=\"733\">F\u00fcr die ganzj\u00e4hrige Aufstellung im Freien ist der Beh\u00e4lter f\u00fcr Witterungseinfl\u00fcsse und routinem\u00e4\u00dfiges Abwaschen ausgelegt und erm\u00f6glicht lange Wartungsintervalle mit weniger Ausbesserungsarbeiten. Die Beh\u00e4lter f\u00fcr den Au\u00dfenbereich sind in der Regel mit Schutzlacken und Beschichtungen versehen, um den Witterungseinfl\u00fcssen standzuhalten, und das wartungsfreundliche Design hilft den Mitarbeitern, die Standorte mit einfachen Reinigungsschritten vorzeigbar zu halten.<\/p>\n<p data-start=\"735\" data-end=\"1326\">Die t\u00e4gliche Wartung wird durch eine herausnehmbare Innenauskleidung rationalisiert: Das Personal kann die Auskleidung schnell anheben, eint\u00fcten und zur\u00fcckgeben, wodurch die Sammelrouten in Bewegung bleiben und der Kontakt mit der Au\u00dfenh\u00fclle minimiert wird. Der Einsatz des Innenbeh\u00e4lters macht es auch einfacher, versch\u00fcttete Fl\u00fcssigkeiten f\u00fcr eine schnelle Sp\u00fclung zu isolieren, was die Geruchs- und R\u00fcckstandsbildung zwischen den geplanten Reinigungen reduziert. An Standorten, an denen die Gefahr des Umkippens oder der unbefugten Verlagerung besteht, k\u00f6nnen optionale Verankerungs- und Manipulationssicherheitsmerkmale spezifiziert werden, um die Platzierung konsistent zu halten und ungeplante Betriebsunterbrechungen zu reduzieren.<\/p>","protected":false},"excerpt":{"rendered":"<p data-start=\"1328\" data-end=\"1577\">Weithals-M\u00fclleimer f\u00fcr Parks, Stra\u00dfen und Eingangsbereiche. Der herausnehmbare Innenbeh\u00e4lter vereinfacht das Wechseln der Beutel und das Absp\u00fclen. Optionale Verankerungs- und Anti-Tamper-Optionen sorgen f\u00fcr eine gleichm\u00e4\u00dfige Platzierung in belebten \u00f6ffentlichen Bereichen.<\/p>","protected":false},"featured_media":387,"template":"","meta":{"_gspb_post_css":""},"product_brand":[],"product_cat":[29,27],"product_tag":[],"class_list":{"0":"post-378","1":"product","2":"type-product","3":"status-publish","4":"has-post-thumbnail","6":"product_cat-park-street-trash-cans","7":"product_cat-outdoor-trash-bins","9":"first","10":"instock","11":"shipping-taxable","12":"purchasable","13":"product-type-simple"},"_links":{"self":[{"href":"https:\/\/facilityprojectsolutions.com\/de\/wp-json\/wp\/v2\/product\/378","targetHints":{"allow":["GET"]}}],"collection":[{"href":"https:\/\/facilityprojectsolutions.com\/de\/wp-json\/wp\/v2\/product"}],"about":[{"href":"https:\/\/facilityprojectsolutions.com\/de\/wp-json\/wp\/v2\/types\/product"}],"wp:featuredmedia":[{"embeddable":true,"href":"https:\/\/facilityprojectsolutions.com\/de\/wp-json\/wp\/v2\/media\/387"}],"wp:attachment":[{"href":"https:\/\/facilityprojectsolutions.com\/de\/wp-json\/wp\/v2\/media?parent=378"}],"wp:term":[{"taxonomy":"product_brand","embeddable":true,"href":"https:\/\/facilityprojectsolutions.com\/de\/wp-json\/wp\/v2\/product_brand?post=378"},{"taxonomy":"product_cat","embeddable":true,"href":"https:\/\/facilityprojectsolutions.com\/de\/wp-json\/wp\/v2\/product_cat?post=378"},{"taxonomy":"product_tag","embeddable":true,"href":"https:\/\/facilityprojectsolutions.com\/de\/wp-json\/wp\/v2\/product_tag?post=378"}],"curies":[{"name":"wp","href":"https:\/\/api.w.org\/{rel}","templated":true}]}}