{"id":393,"date":"2026-02-13T13:06:08","date_gmt":"2026-02-13T13:06:08","guid":{"rendered":"https:\/\/facilityprojectsolutions.com\/?post_type=product&#038;p=393"},"modified":"2026-02-13T13:06:08","modified_gmt":"2026-02-13T13:06:08","slug":"rainproof-outdoor-waste-bin-with-covered-top","status":"publish","type":"product","link":"https:\/\/facilityprojectsolutions.com\/de\/produkt\/rainproof-outdoor-waste-bin-with-covered-top\/","title":{"rendered":"Regenfester Abfallbeh\u00e4lter f\u00fcr den Au\u00dfenbereich mit abgedecktem Deckel"},"content":{"rendered":"<p data-start=\"0\" data-end=\"599\">Dieser regensichere Abfallbeh\u00e4lter f\u00fcr den Au\u00dfenbereich wurde f\u00fcr Parks, Universit\u00e4tsgel\u00e4nde, Stra\u00dfen und Geb\u00e4udeeing\u00e4nge entwickelt und verf\u00fcgt \u00fcber einen abgedeckten Deckel (Regenhaube), der die \u00d6ffnung vor Regen und Spritzwasser sch\u00fctzt. Dadurch bleibt der M\u00fcllbeutelbereich trockener, und unangenehme Leckagen und Geruchsbel\u00e4stigungen bei Routineg\u00e4ngen werden vermieden, insbesondere an Kontrollstellen, Fu\u00dfg\u00e4ngerzonen und Bushaltestellen. Das Kapuzenprofil kann auch windgetriebene Abf\u00e4lle einschr\u00e4nken und erschwert es V\u00f6geln, Abf\u00e4lle wieder herauszuziehen, was zu einem saubereren Stra\u00dfenbild und einem besseren ersten Eindruck an den Eing\u00e4ngen beitr\u00e4gt.<\/p>\n<p data-start=\"601\" data-end=\"1167\">F\u00fcr die Teams von Einrichtungen und Kommunen ist der Beh\u00e4lter servicefreundlich: optionale Verankerungs- und Manipulationssicherungsfunktionen verhindern, dass der Beh\u00e4lter in unbeaufsichtigten \u00f6ffentlichen Bereichen verschoben oder gest\u00f6rt wird. Ein herausnehmbarer Innenbeh\u00e4lter oder ein Beh\u00e4lterr\u00fcckhaltesystem erm\u00f6glicht ein schnelles Herausnehmen und Wechseln des Beutels, ohne dass die gesamte Einheit gekippt werden muss, was den Arbeitsaufwand und den Kontakt mit dem Abfall reduziert. Nach Unwettern oder an Tagen mit hoher Beanspruchung lassen sich die zug\u00e4nglichen Oberfl\u00e4chen leicht abwischen oder abwaschen, so dass das Ger\u00e4t mit vorhersehbaren Wartungsarbeiten auf den \u00fcblichen Wartungswegen pr\u00e4sentabel bleibt.<\/p>","protected":false},"excerpt":{"rendered":"<p data-start=\"1169\" data-end=\"1429\">Abfallbeh\u00e4lter mit Regenhaube f\u00fcr den Au\u00dfenbereich auf dem Campus, auf Stra\u00dfen und in Eingangsbereichen. Das abgedeckte Oberteil h\u00e4lt den M\u00fcllbeutel trockener und sorgt so f\u00fcr eine sauberere Wartung; optionale Verankerungs- und Manipulationssicherungsoptionen eignen sich f\u00fcr \u00f6ffentliche Bereiche, und ein herausnehmbarer M\u00fcllbeutel erm\u00f6glicht eine schnelle, ber\u00fchrungsarme Entleerung.<\/p>","protected":false},"featured_media":405,"template":"","meta":{"_gspb_post_css":""},"product_brand":[],"product_cat":[31,27],"product_tag":[],"class_list":{"0":"post-393","1":"product","2":"type-product","3":"status-publish","4":"has-post-thumbnail","6":"product_cat-weather-resistant-bins","7":"product_cat-outdoor-trash-bins","9":"first","10":"instock","11":"shipping-taxable","12":"purchasable","13":"product-type-simple"},"_links":{"self":[{"href":"https:\/\/facilityprojectsolutions.com\/de\/wp-json\/wp\/v2\/product\/393","targetHints":{"allow":["GET"]}}],"collection":[{"href":"https:\/\/facilityprojectsolutions.com\/de\/wp-json\/wp\/v2\/product"}],"about":[{"href":"https:\/\/facilityprojectsolutions.com\/de\/wp-json\/wp\/v2\/types\/product"}],"wp:featuredmedia":[{"embeddable":true,"href":"https:\/\/facilityprojectsolutions.com\/de\/wp-json\/wp\/v2\/media\/405"}],"wp:attachment":[{"href":"https:\/\/facilityprojectsolutions.com\/de\/wp-json\/wp\/v2\/media?parent=393"}],"wp:term":[{"taxonomy":"product_brand","embeddable":true,"href":"https:\/\/facilityprojectsolutions.com\/de\/wp-json\/wp\/v2\/product_brand?post=393"},{"taxonomy":"product_cat","embeddable":true,"href":"https:\/\/facilityprojectsolutions.com\/de\/wp-json\/wp\/v2\/product_cat?post=393"},{"taxonomy":"product_tag","embeddable":true,"href":"https:\/\/facilityprojectsolutions.com\/de\/wp-json\/wp\/v2\/product_tag?post=393"}],"curies":[{"name":"wp","href":"https:\/\/api.w.org\/{rel}","templated":true}]}}