{"id":406,"date":"2026-02-13T13:19:01","date_gmt":"2026-02-13T13:19:01","guid":{"rendered":"https:\/\/facilityprojectsolutions.com\/?post_type=product&#038;p=406"},"modified":"2026-02-13T13:19:01","modified_gmt":"2026-02-13T13:19:01","slug":"uv-resistant-outdoor-garbage-bin","status":"publish","type":"product","link":"https:\/\/facilityprojectsolutions.com\/de\/produkt\/uv-resistant-outdoor-garbage-bin\/","title":{"rendered":"UV-best\u00e4ndiger Outdoor-M\u00fclleimer"},"content":{"rendered":"<p data-start=\"0\" data-end=\"1361\">Dieser UV-best\u00e4ndige Abfallbeh\u00e4lter f\u00fcr den Au\u00dfenbereich wurde f\u00fcr Parks, Campusgel\u00e4nde, Gemeindestra\u00dfen und Grundst\u00fcckseing\u00e4nge entwickelt und tr\u00e4gt dazu bei, stark frequentierte Gehwege sauber und vorzeigbar zu halten. Das UV-best\u00e4ndige \u00c4u\u00dfere soll das sonnenbedingte Ausbleichen und die Spr\u00f6digkeit begrenzen, so dass der Beh\u00e4lter \u00fcber lange Zeitr\u00e4ume im Freien ein einheitliches Aussehen beh\u00e4lt. <br data-start=\"385\" data-end=\"388\" \/>Stellen Sie sie dort auf, wo die Menschen sie brauchen - in der N\u00e4he von Fu\u00dfg\u00e4nger\u00fcberwegen, Bushaltestellen, B\u00e4nken, Imbissbuden, Pl\u00e4tzen und wichtigen Geb\u00e4udeeing\u00e4ngen -, um die Verschmutzung zu reduzieren, ohne die Fu\u00dfg\u00e4ngerstr\u00f6me zu st\u00f6ren. <br data-start=\"608\" data-end=\"611\" \/>F\u00fcr die Betriebsteams wird die Wartung durch eine herausnehmbare Innenauskleidung vereinfacht, die einen schnellen Beutelwechsel erm\u00f6glicht und den direkten Kontakt mit dem Abfall reduziert, so dass die Schale zwischen den Reinigungsvorg\u00e4ngen sauberer bleibt. <br data-start=\"847\" data-end=\"850\" \/>Optionale Verankerungs- und Manipulationsschutzfunktionen verhindern das Umkippen, Verschieben oder den unbefugten Zugriff an \u00f6ffentlich zug\u00e4nglichen Standorten. Im Betrieb h\u00e4ngt die Leistung nach wie vor von einer gleichm\u00e4\u00dfigen Entleerungsroutine und klaren Standortentscheidungen ab, so dass der Beh\u00e4lter so gebaut ist, dass er ohne komplizierte bewegliche Teile h\u00e4ufig gewartet werden kann. <br data-start=\"1192\" data-end=\"1195\" \/>Damit werden Sanit\u00e4rprogramme unterst\u00fctzt, die sich auf einen bequemen Zugang zu den Beh\u00e4ltern und eine konsequente Instandhaltung konzentrieren, um den st\u00e4dtischen Abfall zu reduzieren.<\/p>","protected":false},"excerpt":{"rendered":"<p>UV-best\u00e4ndiger Abfallbeh\u00e4lter f\u00fcr den Au\u00dfenbereich f\u00fcr Stra\u00dfenbilder, Campus und Eingangsbereiche. Die optionale Verankerung und der herausnehmbare Innenbeh\u00e4lter reduzieren das Umkippen und beschleunigen die t\u00e4gliche Leerung und Reinigung.<\/p>","protected":false},"featured_media":411,"template":"","meta":{"_gspb_post_css":""},"product_brand":[],"product_cat":[31,27],"product_tag":[],"class_list":{"0":"post-406","1":"product","2":"type-product","3":"status-publish","4":"has-post-thumbnail","6":"product_cat-weather-resistant-bins","7":"product_cat-outdoor-trash-bins","9":"first","10":"instock","11":"shipping-taxable","12":"purchasable","13":"product-type-simple"},"_links":{"self":[{"href":"https:\/\/facilityprojectsolutions.com\/de\/wp-json\/wp\/v2\/product\/406","targetHints":{"allow":["GET"]}}],"collection":[{"href":"https:\/\/facilityprojectsolutions.com\/de\/wp-json\/wp\/v2\/product"}],"about":[{"href":"https:\/\/facilityprojectsolutions.com\/de\/wp-json\/wp\/v2\/types\/product"}],"wp:featuredmedia":[{"embeddable":true,"href":"https:\/\/facilityprojectsolutions.com\/de\/wp-json\/wp\/v2\/media\/411"}],"wp:attachment":[{"href":"https:\/\/facilityprojectsolutions.com\/de\/wp-json\/wp\/v2\/media?parent=406"}],"wp:term":[{"taxonomy":"product_brand","embeddable":true,"href":"https:\/\/facilityprojectsolutions.com\/de\/wp-json\/wp\/v2\/product_brand?post=406"},{"taxonomy":"product_cat","embeddable":true,"href":"https:\/\/facilityprojectsolutions.com\/de\/wp-json\/wp\/v2\/product_cat?post=406"},{"taxonomy":"product_tag","embeddable":true,"href":"https:\/\/facilityprojectsolutions.com\/de\/wp-json\/wp\/v2\/product_tag?post=406"}],"curies":[{"name":"wp","href":"https:\/\/api.w.org\/{rel}","templated":true}]}}