{"id":408,"date":"2026-02-13T13:32:53","date_gmt":"2026-02-13T13:32:53","guid":{"rendered":"https:\/\/facilityprojectsolutions.com\/?post_type=product&#038;p=408"},"modified":"2026-02-13T13:32:53","modified_gmt":"2026-02-13T13:32:53","slug":"2-stream-waste-sorting-bin-for-hotels","status":"publish","type":"product","link":"https:\/\/facilityprojectsolutions.com\/de\/produkt\/2-stream-waste-sorting-bin-for-hotels\/","title":{"rendered":"2-Stream-Abfallsortierbeh\u00e4lter f\u00fcr Hotels"},"content":{"rendered":"<p data-start=\"0\" data-end=\"359\">Dieser f\u00fcr Hotellobbys, Speiser\u00e4ume und B\u00fcroetagen konzipierte 2-Sorten-Abfallsortierbeh\u00e4lter sorgt f\u00fcr eine klare Trennung von Deponiem\u00fcll und Wertstoffen in einer eleganten Station. Jeder Strom verf\u00fcgt \u00fcber eine auff\u00e4llige, leicht zu lesende Beschriftung und eine begrenzte, zweckm\u00e4\u00dfige \u00d6ffnung, die G\u00e4ste und Mitarbeiter zur richtigen Wahl f\u00fchrt und die Str\u00f6me sauberer h\u00e4lt.<\/p>\n<p data-start=\"361\" data-end=\"695\">Im Inneren vereinfachen herausnehmbare Eins\u00e4tze und eine servicefreundliche T\u00fcr die Entleerung und t\u00e4gliche Reinigung, selbst in stark frequentierten Bereichen. Modulare Eins\u00e4tze und konfigurierbare \u00d6ffnungen sorgen f\u00fcr ein \u201cintelligentes\u201d Benutzererlebnis. So k\u00f6nnen Sie Ihr lokales Programm anpassen (z. B. Flaschen und Dosen vs. Papier oder gemischtes Recycling vs. Abfall), ohne die gesamte Einheit zu \u00fcberholen.<\/p>\n<p data-start=\"697\" data-end=\"1121\">M\u00fcssen Sie \u00fcber zwei Str\u00f6me hinaus wachsen? Das modulare Geh\u00e4use ist f\u00fcr eine einheitliche Platzierung auf Ihrem Gel\u00e4nde ausgelegt und kann mit zus\u00e4tzlichen Modulen erweitert werden, um einen Sortierpunkt f\u00fcr 3 oder mehrere Str\u00f6me zu schaffen. Optionale Grafiksets unterst\u00fctzen ein einheitliches Messaging in allen G\u00e4stebereichen. Das Ergebnis ist ein aufger\u00e4umtes Erscheinungsbild an der Vorderseite des Hauses, eine schnellere Abwicklung hinter dem Haus und eine Recycling-Einrichtung, die zur Teilnahme am Recycling anregt, ohne Unordnung zu schaffen.<\/p>","protected":false},"excerpt":{"rendered":"<p>Eine raffinierte 2-Strom-Sortierstation f\u00fcr Hotel-Lobbys, Caf\u00e9s und B\u00fcros. Klare Etiketten und begrenzte \u00d6ffnungen leiten die korrekte Entsorgung, w\u00e4hrend herausnehmbare Eins\u00e4tze, eine Servicet\u00fcr und modulare Eins\u00e4tze die Wartung schnell und flexibel machen.<\/p>","protected":false},"featured_media":419,"template":"","meta":{"_gspb_post_css":""},"product_brand":[],"product_cat":[34,32],"product_tag":[],"class_list":{"0":"post-408","1":"product","2":"type-product","3":"status-publish","4":"has-post-thumbnail","6":"product_cat-classification-stations","7":"product_cat-recycling-sorting-systems","9":"first","10":"instock","11":"shipping-taxable","12":"purchasable","13":"product-type-simple"},"_links":{"self":[{"href":"https:\/\/facilityprojectsolutions.com\/de\/wp-json\/wp\/v2\/product\/408","targetHints":{"allow":["GET"]}}],"collection":[{"href":"https:\/\/facilityprojectsolutions.com\/de\/wp-json\/wp\/v2\/product"}],"about":[{"href":"https:\/\/facilityprojectsolutions.com\/de\/wp-json\/wp\/v2\/types\/product"}],"wp:featuredmedia":[{"embeddable":true,"href":"https:\/\/facilityprojectsolutions.com\/de\/wp-json\/wp\/v2\/media\/419"}],"wp:attachment":[{"href":"https:\/\/facilityprojectsolutions.com\/de\/wp-json\/wp\/v2\/media?parent=408"}],"wp:term":[{"taxonomy":"product_brand","embeddable":true,"href":"https:\/\/facilityprojectsolutions.com\/de\/wp-json\/wp\/v2\/product_brand?post=408"},{"taxonomy":"product_cat","embeddable":true,"href":"https:\/\/facilityprojectsolutions.com\/de\/wp-json\/wp\/v2\/product_cat?post=408"},{"taxonomy":"product_tag","embeddable":true,"href":"https:\/\/facilityprojectsolutions.com\/de\/wp-json\/wp\/v2\/product_tag?post=408"}],"curies":[{"name":"wp","href":"https:\/\/api.w.org\/{rel}","templated":true}]}}