{"id":444,"date":"2026-02-14T03:11:40","date_gmt":"2026-02-14T03:11:40","guid":{"rendered":"https:\/\/facilityprojectsolutions.com\/?post_type=product&#038;p=444"},"modified":"2026-02-14T03:11:41","modified_gmt":"2026-02-14T03:11:41","slug":"custom-3-stream-recycling-bin-project","status":"publish","type":"product","link":"https:\/\/facilityprojectsolutions.com\/de\/produkt\/custom-3-stream-recycling-bin-project\/","title":{"rendered":"Kundenspezifisches 3-Stream-Recyclingbeh\u00e4lter-Projekt"},"content":{"rendered":"<p data-start=\"0\" data-end=\"431\">Dieser ma\u00dfgeschneiderte 3-Stoff-Recyclingbeh\u00e4lter wurde f\u00fcr Hotellobbys, Speiser\u00e4ume und moderne B\u00fcros entwickelt und macht die Frage \u201cWohin geh\u00f6rt das?\u201d zu einer einfachen, sicheren Angelegenheit. Jeder Abfallstrom wird durch fettgedruckte, standortspezifische Grafiken und optionale Farbhinweise geleitet, w\u00e4hrend restriktive \u00d6ffnungen (Flaschen\/Dosen, Papierschlitz, Deponie, organische Abf\u00e4lle usw.) sanft verhindern, dass die falschen Gegenst\u00e4nde in den falschen Beh\u00e4lter gelangen.<\/p>\n<p data-start=\"433\" data-end=\"818\">Hinter dem sauberen \u00c4u\u00dferen verbirgt sich ein servicefreundliches Innenleben, das den Zeitaufwand f\u00fcr das Personal gering h\u00e4lt: herausnehmbare Eins\u00e4tze, intuitive Beutelaufbewahrung und ein T\u00fcrzugang, der f\u00fcr schnelles Auswechseln und Abwischen ausgelegt ist. Das System f\u00fchlt sich in der Anwendung \u201cintelligent\u201d an - nicht durch Sensoren, sondern durch modulare Eins\u00e4tze und konfigurierbare \u00d6ffnungen, die je nach Entwicklung Ihres Programms ausgetauscht werden k\u00f6nnen.<\/p>\n<p data-start=\"820\" data-end=\"1187\">F\u00fcgen Sie Str\u00f6me hinzu oder entfernen Sie sie, um eine Zwei- oder Drei-Str\u00f6me-Einrichtung zu schaffen, erweitern Sie die Stationen im Laufe der Zeit oder vereinheitlichen Sie das Aussehen in mehreren Geb\u00e4uden. Das Ergebnis ist eine Recycling-Station, die bewusst aussieht, eine bessere Sortierung unterst\u00fctzt und dazu beitr\u00e4gt, die Beteiligung von G\u00e4sten und Mitarbeitern zu erh\u00f6hen, vom morgendlichen Kaffee bis zu Konferenzpausen.<\/p>","protected":false},"excerpt":{"rendered":"<p>Eine anpassbare 3-Stream-Recyclingstation mit durchsichtigen, begrenzten \u00d6ffnungen und modularen Eins\u00e4tzen f\u00fcr die Sortierung in Hotellobbys, Essbereichen und B\u00fcros - leicht zug\u00e4ngliche Abdeckungen und T\u00fcren sorgen f\u00fcr eine schnelle Wartung.<\/p>","protected":false},"featured_media":449,"template":"","meta":{"_gspb_post_css":""},"product_brand":[],"product_cat":[36,32],"product_tag":[],"class_list":{"0":"post-444","1":"product","2":"type-product","3":"status-publish","4":"has-post-thumbnail","6":"product_cat-custom-recycling-projects","7":"product_cat-recycling-sorting-systems","9":"first","10":"instock","11":"shipping-taxable","12":"purchasable","13":"product-type-simple"},"_links":{"self":[{"href":"https:\/\/facilityprojectsolutions.com\/de\/wp-json\/wp\/v2\/product\/444","targetHints":{"allow":["GET"]}}],"collection":[{"href":"https:\/\/facilityprojectsolutions.com\/de\/wp-json\/wp\/v2\/product"}],"about":[{"href":"https:\/\/facilityprojectsolutions.com\/de\/wp-json\/wp\/v2\/types\/product"}],"wp:featuredmedia":[{"embeddable":true,"href":"https:\/\/facilityprojectsolutions.com\/de\/wp-json\/wp\/v2\/media\/449"}],"wp:attachment":[{"href":"https:\/\/facilityprojectsolutions.com\/de\/wp-json\/wp\/v2\/media?parent=444"}],"wp:term":[{"taxonomy":"product_brand","embeddable":true,"href":"https:\/\/facilityprojectsolutions.com\/de\/wp-json\/wp\/v2\/product_brand?post=444"},{"taxonomy":"product_cat","embeddable":true,"href":"https:\/\/facilityprojectsolutions.com\/de\/wp-json\/wp\/v2\/product_cat?post=444"},{"taxonomy":"product_tag","embeddable":true,"href":"https:\/\/facilityprojectsolutions.com\/de\/wp-json\/wp\/v2\/product_tag?post=444"}],"curies":[{"name":"wp","href":"https:\/\/api.w.org\/{rel}","templated":true}]}}