{"id":460,"date":"2026-02-14T08:34:23","date_gmt":"2026-02-14T08:34:23","guid":{"rendered":"https:\/\/facilityprojectsolutions.com\/?post_type=product&#038;p=460"},"modified":"2026-02-14T08:34:23","modified_gmt":"2026-02-14T08:34:23","slug":"luxury-recycling-bin-with-marble-finish-panels","status":"publish","type":"product","link":"https:\/\/facilityprojectsolutions.com\/de\/produkt\/luxury-recycling-bin-with-marble-finish-panels\/","title":{"rendered":"Luxus-Recyclingbeh\u00e4lter mit marmorierten Paneelen"},"content":{"rendered":"<p data-start=\"0\" data-end=\"780\">Das Modell wurde f\u00fcr den Front-of-House-Bereich entwickelt, wo das Aussehen ebenso wichtig ist wie die Leistung. <strong data-start=\"110\" data-end=\"160\">Luxus-Recyclingbeh\u00e4lter mit marmorierten Paneelen<\/strong> verleiht Hotellobbys, Restauranteing\u00e4ngen, Caf\u00e9zeilen und Empfangsbereichen in B\u00fcros ein erhabenes, von Stein inspiriertes Aussehen und sorgt gleichzeitig f\u00fcr eine klare Ordnung der Abfallstr\u00f6me. W\u00e4hlen Sie eine <strong data-start=\"336\" data-end=\"348\">2-Strom<\/strong> oder <strong data-start=\"352\" data-end=\"364\">3-Strom<\/strong> Konfiguration und weisen Sie jedem Stream ein eigenes Titel-Panel sowie eine Form zu, <strong data-start=\"441\" data-end=\"464\">restriktive \u00d6ffnung<\/strong> (Papierschlitz, runde Flaschen-\/Dosen\u00f6ffnung oder Deponieklappe) mit <strong data-start=\"528\" data-end=\"547\" data-is-only-node=\"\">modulare Eins\u00e4tze<\/strong> die mit der Entwicklung Ihres Programms neu konfiguriert werden k\u00f6nnen. Durchdachte visuelle Hinweise - klare Etiketten gepaart mit str\u00f6mungsspezifischen \u00d6ffnungen - helfen, das Entsorgungsverhalten zu steuern und Verwechslungen in belebten \u00f6ffentlichen Bereichen zu vermeiden.<\/p>\n<p data-start=\"782\" data-end=\"1191\">Auch an die Wartung wurde gedacht: Eine unauff\u00e4llige Vordert\u00fcr erm\u00f6glicht einen schnellen Zugang, die Auskleidungen lassen sich f\u00fcr einen schnellen Wechsel herausnehmen, und die glatten Innenfl\u00e4chen sind f\u00fcr effiziente Reinigungsvorg\u00e4nge abwischbar. Das modulare Format unterst\u00fctzt auch die Erweiterung um eine weitere Einheit oder einen Strom, ohne dass Sie Ihren Raum umgestalten m\u00fcssen, und sorgt f\u00fcr eine einheitliche, hochwertige \u00c4sthetik auf mehreren Etagen und an verschiedenen Orten.<\/p>","protected":false},"excerpt":{"rendered":"<p>Eine Recyclingstation in Marmoroptik f\u00fcr Lobbys, Speises\u00e4le und B\u00fcros. W\u00e4hlen Sie zwischen 2- oder 3-Stream-Sortierung mit klaren Etiketten, begrenzten \u00d6ffnungen und modularen Eins\u00e4tzen. Die Frontt\u00fcr und die herausnehmbaren Eins\u00e4tze machen die Wartung einfach.<\/p>","protected":false},"featured_media":470,"template":"","meta":{"_gspb_post_css":""},"product_brand":[],"product_cat":[33,32],"product_tag":[],"class_list":{"0":"post-460","1":"product","2":"type-product","3":"status-publish","4":"has-post-thumbnail","6":"product_cat-recycling-bins","7":"product_cat-recycling-sorting-systems","9":"first","10":"instock","11":"shipping-taxable","12":"purchasable","13":"product-type-simple"},"_links":{"self":[{"href":"https:\/\/facilityprojectsolutions.com\/de\/wp-json\/wp\/v2\/product\/460","targetHints":{"allow":["GET"]}}],"collection":[{"href":"https:\/\/facilityprojectsolutions.com\/de\/wp-json\/wp\/v2\/product"}],"about":[{"href":"https:\/\/facilityprojectsolutions.com\/de\/wp-json\/wp\/v2\/types\/product"}],"wp:featuredmedia":[{"embeddable":true,"href":"https:\/\/facilityprojectsolutions.com\/de\/wp-json\/wp\/v2\/media\/470"}],"wp:attachment":[{"href":"https:\/\/facilityprojectsolutions.com\/de\/wp-json\/wp\/v2\/media?parent=460"}],"wp:term":[{"taxonomy":"product_brand","embeddable":true,"href":"https:\/\/facilityprojectsolutions.com\/de\/wp-json\/wp\/v2\/product_brand?post=460"},{"taxonomy":"product_cat","embeddable":true,"href":"https:\/\/facilityprojectsolutions.com\/de\/wp-json\/wp\/v2\/product_cat?post=460"},{"taxonomy":"product_tag","embeddable":true,"href":"https:\/\/facilityprojectsolutions.com\/de\/wp-json\/wp\/v2\/product_tag?post=460"}],"curies":[{"name":"wp","href":"https:\/\/api.w.org\/{rel}","templated":true}]}}