{"id":490,"date":"2026-02-14T10:09:37","date_gmt":"2026-02-14T10:09:37","guid":{"rendered":"https:\/\/facilityprojectsolutions.com\/?post_type=product&#038;p=490"},"modified":"2026-02-14T10:09:37","modified_gmt":"2026-02-14T10:09:37","slug":"smart-sorting-receptacle-with-modular-inserts","status":"publish","type":"product","link":"https:\/\/facilityprojectsolutions.com\/de\/produkt\/smart-sorting-receptacle-with-modular-inserts\/","title":{"rendered":"Intelligenter Sortierbeh\u00e4lter mit modularen Eins\u00e4tzen"},"content":{"rendered":"<p data-start=\"0\" data-end=\"612\">Der Smart Sorting Receptacle wurde f\u00fcr stark frequentierte Bereiche im Gastgewerbe und am Arbeitsplatz entwickelt und macht Abfalltrennung zu einer einfachen, gef\u00fchrten Erfahrung. W\u00e4hlen Sie eine <strong data-start=\"174\" data-end=\"186\">2-Strom<\/strong>, <strong data-start=\"188\" data-end=\"200\">3-Strom<\/strong>, oder eine h\u00f6here Konfiguration, indem Sie modulare Eins\u00e4tze und konfigurierbare obere \u00d6ffnungen austauschen, die zu Ihrem Programm passen - M\u00fcll, gemischte Wertstoffe, Papier, organische Stoffe oder benutzerdefinierte Abfallstr\u00f6me. Die fettgedruckte, \u00fcbersichtliche Beschriftung in Verbindung mit eingeschr\u00e4nkten, stromspezifischen \u00d6ffnungen hilft G\u00e4sten und Mitarbeitern, die richtige Wahl zu treffen, und kann im Vergleich zu offenen \u201cAlles-ist-m\u00f6glich\u201d-Beh\u00e4ltern Kreuzkontaminationen reduzieren.<\/p>\n<p data-start=\"614\" data-end=\"1064\">Hinter der Vordert\u00fcr halten herausnehmbare Innens\u00e4cke die Taschen stabil und erm\u00f6glichen eine schnelle Entnahme durch das Housekeeping- und Facility-Team. Eine abwischbare Au\u00dfenseite und eine leicht zug\u00e4ngliche T\u00fcr vereinfachen das t\u00e4gliche Zur\u00fccksetzen zwischen Check-in-Anst\u00fcrmen und Spitzenzeiten f\u00fcr die Mahlzeiten. Der vernetzte, modulare Ansatz unterst\u00fctzt auch zuk\u00fcnftige Erweiterungen - f\u00fcgen Sie einen Stream hinzu, aktualisieren Sie die Nachrichten oder konfigurieren Sie die \u00d6ffnungen neu, wenn sich Mieter, Men\u00fcs und lokale Regeln \u00e4ndern.<\/p>","protected":false},"excerpt":{"rendered":"<p>Eine konfigurierbare Abfall- und Recyclingstation f\u00fcr Hotels und B\u00fcros. Modulare Eins\u00e4tze erm\u00f6glichen eine 2- oder 3-stufige Sortierung mit klarer Kennzeichnung und gef\u00fchrten \u00d6ffnungen, w\u00e4hrend der Zugang von vorne und die herausnehmbaren Eins\u00e4tze eine schnelle und saubere Wartung erm\u00f6glichen.<\/p>","protected":false},"featured_media":499,"template":"","meta":{"_gspb_post_css":""},"product_brand":[],"product_cat":[35,32],"product_tag":[],"class_list":{"0":"post-490","1":"product","2":"type-product","3":"status-publish","4":"has-post-thumbnail","6":"product_cat-smart-sorting-systems","7":"product_cat-recycling-sorting-systems","9":"first","10":"instock","11":"shipping-taxable","12":"purchasable","13":"product-type-simple"},"_links":{"self":[{"href":"https:\/\/facilityprojectsolutions.com\/de\/wp-json\/wp\/v2\/product\/490","targetHints":{"allow":["GET"]}}],"collection":[{"href":"https:\/\/facilityprojectsolutions.com\/de\/wp-json\/wp\/v2\/product"}],"about":[{"href":"https:\/\/facilityprojectsolutions.com\/de\/wp-json\/wp\/v2\/types\/product"}],"wp:featuredmedia":[{"embeddable":true,"href":"https:\/\/facilityprojectsolutions.com\/de\/wp-json\/wp\/v2\/media\/499"}],"wp:attachment":[{"href":"https:\/\/facilityprojectsolutions.com\/de\/wp-json\/wp\/v2\/media?parent=490"}],"wp:term":[{"taxonomy":"product_brand","embeddable":true,"href":"https:\/\/facilityprojectsolutions.com\/de\/wp-json\/wp\/v2\/product_brand?post=490"},{"taxonomy":"product_cat","embeddable":true,"href":"https:\/\/facilityprojectsolutions.com\/de\/wp-json\/wp\/v2\/product_cat?post=490"},{"taxonomy":"product_tag","embeddable":true,"href":"https:\/\/facilityprojectsolutions.com\/de\/wp-json\/wp\/v2\/product_tag?post=490"}],"curies":[{"name":"wp","href":"https:\/\/api.w.org\/{rel}","templated":true}]}}