{"id":50,"date":"2026-02-12T08:51:04","date_gmt":"2026-02-12T08:51:04","guid":{"rendered":"https:\/\/facilityprojectsolutions.com\/?post_type=product&#038;p=50"},"modified":"2026-02-12T08:51:04","modified_gmt":"2026-02-12T08:51:04","slug":"custom-linen-amenity-cart-for-hotels","status":"publish","type":"product","link":"https:\/\/facilityprojectsolutions.com\/de\/produkt\/custom-linen-amenity-cart-for-hotels\/","title":{"rendered":"Individueller W\u00e4schewagen f\u00fcr Hotels"},"content":{"rendered":"<p>Dieser ma\u00dfgeschneiderte W\u00e4schewagen wurde f\u00fcr den t\u00e4glichen Wechsel von G\u00e4stezimmern entwickelt und hilft Teams dabei, ihre Vorr\u00e4te nach Bereichen statt nach Stapeln zu ordnen. Durch die verstellbaren Regale k\u00f6nnen Sie den Platz f\u00fcr gefaltete Handt\u00fccher, Ersatzkissen oder verpackte Annehmlichkeiten neu konfigurieren, w\u00e4hrend spezielle F\u00e4cher h\u00e4ufig verwendete Artikel sichtbar und in Reichweite halten. Ein praktisches Oberdeck unterst\u00fctzt die schnelle Sortierung und sorgt f\u00fcr Ordnung auf dem Zimmer zwischen den Stopps. Lenkrollen sorgen f\u00fcr sicheres Lenken in engen Servicekorridoren, und spurlose R\u00e4der schonen den Fu\u00dfboden bei kontinuierlichen Runden. Sto\u00dfd\u00e4mpfende, nicht scheuernde Sto\u00dff\u00e4nger sch\u00fctzen W\u00e4nde, T\u00fcrrahmen und Aufzugsinnenr\u00e4ume vor Kratzern. Die leicht zu reinigenden Oberfl\u00e4chen und die robuste Konstruktion halten wiederholtem Abwischen und t\u00e4glicher Handhabung stand, ohne abgenutzt auszusehen. Der Wagen ist so konzipiert, dass er sich reibungslos durch Flure und Aufz\u00fcge bewegen l\u00e4sst, und unterst\u00fctzt einheitliche Aufstellungen in G\u00e4stezimmern, Suiten und Etagen mit l\u00e4ngeren Aufenthalten, in denen die Lagerr\u00e4ume variieren. Da die Konfiguration auf Ihre Arbeitsabl\u00e4ufe abgestimmt ist, verbringen die Mitarbeiter weniger Zeit mit der Suche nach Gegenst\u00e4nden und haben mehr Zeit, die Zimmer nach den Standards einzurichten. Das Ergebnis ist ein schnelleres Auff\u00fcllen der Best\u00e4nde, weniger Unterbrechungen und eine Back-of-House-Pr\u00e4sentation, die den Standards Ihres Hauses entspricht.<\/p>","protected":false},"excerpt":{"rendered":"<p>Kundenspezifischer W\u00e4schewagen f\u00fcr Hotels, Apartments und Resorts. Unterteilter Stauraum mit verstellbaren F\u00e4chern, leichtg\u00e4ngige Lenkung, spurlose Rollen und sch\u00fctzende Sto\u00dfd\u00e4mpfer - leicht zu reinigen f\u00fcr die t\u00e4glichen Hausmeisterg\u00e4nge.<\/p>","protected":false},"featured_media":60,"template":"","meta":{"_gspb_post_css":""},"product_brand":[],"product_cat":[20,15],"product_tag":[],"class_list":{"0":"post-50","1":"product","2":"type-product","3":"status-publish","4":"has-post-thumbnail","6":"product_cat-custom-hotel-carts","7":"product_cat-hotel-service-carts","9":"first","10":"instock","11":"shipping-taxable","12":"purchasable","13":"product-type-simple"},"_links":{"self":[{"href":"https:\/\/facilityprojectsolutions.com\/de\/wp-json\/wp\/v2\/product\/50","targetHints":{"allow":["GET"]}}],"collection":[{"href":"https:\/\/facilityprojectsolutions.com\/de\/wp-json\/wp\/v2\/product"}],"about":[{"href":"https:\/\/facilityprojectsolutions.com\/de\/wp-json\/wp\/v2\/types\/product"}],"wp:featuredmedia":[{"embeddable":true,"href":"https:\/\/facilityprojectsolutions.com\/de\/wp-json\/wp\/v2\/media\/60"}],"wp:attachment":[{"href":"https:\/\/facilityprojectsolutions.com\/de\/wp-json\/wp\/v2\/media?parent=50"}],"wp:term":[{"taxonomy":"product_brand","embeddable":true,"href":"https:\/\/facilityprojectsolutions.com\/de\/wp-json\/wp\/v2\/product_brand?post=50"},{"taxonomy":"product_cat","embeddable":true,"href":"https:\/\/facilityprojectsolutions.com\/de\/wp-json\/wp\/v2\/product_cat?post=50"},{"taxonomy":"product_tag","embeddable":true,"href":"https:\/\/facilityprojectsolutions.com\/de\/wp-json\/wp\/v2\/product_tag?post=50"}],"curies":[{"name":"wp","href":"https:\/\/api.w.org\/{rel}","templated":true}]}}