{"id":504,"date":"2026-02-14T11:54:24","date_gmt":"2026-02-14T11:54:24","guid":{"rendered":"https:\/\/facilityprojectsolutions.com\/?post_type=product&#038;p=504"},"modified":"2026-02-14T11:54:24","modified_gmt":"2026-02-14T11:54:24","slug":"multi-compartment-sorting-station-for-lobbies","status":"publish","type":"product","link":"https:\/\/facilityprojectsolutions.com\/de\/produkt\/multi-compartment-sorting-station-for-lobbies\/","title":{"rendered":"Multikompartiment-Sortierstation f\u00fcr Lobbys"},"content":{"rendered":"<p data-start=\"0\" data-end=\"449\">Diese Sortierstation mit mehreren F\u00e4chern wurde f\u00fcr stark frequentierte Hotellobbys, Speiser\u00e4ume und B\u00fcror\u00e4ume entwickelt und erm\u00f6glicht eine intuitive Abfalltrennung, ohne den Raum zu \u00fcberfrachten. W\u00e4hlen Sie ein Layout mit 2 oder 3 Abfallstr\u00f6men (und erweitern Sie es sp\u00e4ter), um Ihre Ziele f\u00fcr die Abfallvermeidung zu erreichen, und leiten Sie dann G\u00e4ste und Mitarbeiter mit gro\u00dfen Beschriftungsfl\u00e4chen, symbolfreundlicher Beschilderung und restriktiven, stromspezifischen \u00d6ffnungen an, um Verunreinigungen und \u201cWunschcycling\u201d zu vermeiden.\u201d<\/p>\n<p data-start=\"451\" data-end=\"797\">Eine modulare Architektur erm\u00f6glicht das Hinzuf\u00fcgen, Entfernen oder Neukonfigurieren von F\u00e4chern, je nachdem, wie sich die Programme entwickeln - heute gemischtes Recycling, morgen Kompost -, w\u00e4hrend konfigurierbare Eins\u00e4tze und \u00d6ffnungsarten ein \u201cintelligentes\u201d Erlebnis schaffen, das sanft zum richtigen Verhalten anregt. Optionale Schilder unterst\u00fctzen das Branding der Anlage und mehrsprachige Nachrichten f\u00fcr internationale G\u00e4ste.<\/p>\n<p data-start=\"799\" data-end=\"1174\">Hinter den Kulissen ist der Service schnell: Herausnehmbare Innenbeh\u00e4lter und\/oder T\u00fcren mit Frontzugang sorgen f\u00fcr einen sauberen und effizienten Austausch, so dass Ihr Team weniger Zeit f\u00fcr die Wartung und mehr Zeit f\u00fcr das G\u00e4steerlebnis aufwenden muss. Platzieren Sie ihn neben Aufz\u00fcgen, Buffetr\u00fcckgaben oder Pausenraumkorridoren, um die Entsorgung zu einem klaren, konsistenten Moment der Nachhaltigkeit zu machen.<\/p>","protected":false},"excerpt":{"rendered":"<p>Eine Multi-Stream-Sortierstation f\u00fcr Hotels und B\u00fcros, mit klaren Etiketten, begrenzten \u00d6ffnungen und modularen F\u00e4chern. Konfigurierbare Eins\u00e4tze und wartungsfreundliche Eins\u00e4tze\/T\u00fcren sorgen f\u00fcr eine genaue Trennung und einfache Wartung.<\/p>","protected":false},"featured_media":512,"template":"","meta":{"_gspb_post_css":""},"product_brand":[],"product_cat":[34,32],"product_tag":[],"class_list":{"0":"post-504","1":"product","2":"type-product","3":"status-publish","4":"has-post-thumbnail","6":"product_cat-classification-stations","7":"product_cat-recycling-sorting-systems","9":"first","10":"instock","11":"shipping-taxable","12":"purchasable","13":"product-type-simple"},"_links":{"self":[{"href":"https:\/\/facilityprojectsolutions.com\/de\/wp-json\/wp\/v2\/product\/504","targetHints":{"allow":["GET"]}}],"collection":[{"href":"https:\/\/facilityprojectsolutions.com\/de\/wp-json\/wp\/v2\/product"}],"about":[{"href":"https:\/\/facilityprojectsolutions.com\/de\/wp-json\/wp\/v2\/types\/product"}],"wp:featuredmedia":[{"embeddable":true,"href":"https:\/\/facilityprojectsolutions.com\/de\/wp-json\/wp\/v2\/media\/512"}],"wp:attachment":[{"href":"https:\/\/facilityprojectsolutions.com\/de\/wp-json\/wp\/v2\/media?parent=504"}],"wp:term":[{"taxonomy":"product_brand","embeddable":true,"href":"https:\/\/facilityprojectsolutions.com\/de\/wp-json\/wp\/v2\/product_brand?post=504"},{"taxonomy":"product_cat","embeddable":true,"href":"https:\/\/facilityprojectsolutions.com\/de\/wp-json\/wp\/v2\/product_cat?post=504"},{"taxonomy":"product_tag","embeddable":true,"href":"https:\/\/facilityprojectsolutions.com\/de\/wp-json\/wp\/v2\/product_tag?post=504"}],"curies":[{"name":"wp","href":"https:\/\/api.w.org\/{rel}","templated":true}]}}