{"id":51,"date":"2026-02-12T09:04:07","date_gmt":"2026-02-12T09:04:07","guid":{"rendered":"https:\/\/facilityprojectsolutions.com\/?post_type=product&#038;p=51"},"modified":"2026-02-12T09:04:07","modified_gmt":"2026-02-12T09:04:07","slug":"personalized-room-service-cart-with-cabinet","status":"publish","type":"product","link":"https:\/\/facilityprojectsolutions.com\/de\/produkt\/personalized-room-service-cart-with-cabinet\/","title":{"rendered":"Personalisierter Zimmerservice-Wagen mit Kabinett"},"content":{"rendered":"<p>Dieser personalisierte Wagen wurde f\u00fcr den Zimmerservice in Hotels, Appartements und Ferienanlagen entwickelt und bietet ein Gleichgewicht zwischen reibungsloser Handhabung und geordneter, sicherer Aufbewahrung. Die leichtg\u00e4ngige Lenkung und die spurlosen Rollen helfen dem Personal, durch Korridore, T\u00fcr\u00f6ffnungen und Aufz\u00fcge zu gleiten und gleichzeitig St\u00f6\u00dfe und Bodenabdr\u00fccke zu vermeiden. Ein zoniertes Layout sorgt f\u00fcr die Trennung von Tabletts, Getr\u00e4nken und G\u00e4steutensilien, was eine saubere Bereitstellung und schnellere Abl\u00e4ufe erm\u00f6glicht. Verstellbare Einlegeb\u00f6den und optionale Trennw\u00e4nde erm\u00f6glichen eine schnelle Neukonfiguration f\u00fcr unterschiedliche Men\u00fcs, sp\u00e4te Abl\u00e4ufe oder \u00dcberlauf bei Banketten. Der integrierte Schrank bietet Platz f\u00fcr Reserveartikel und empfindliche Vorr\u00e4te; er kann auch mit abschlie\u00dfbaren Beschl\u00e4gen ausgestattet werden, wenn eine Zugangskontrolle erforderlich ist. Strapazierf\u00e4hige, leicht zu reinigende Oberfl\u00e4chen erleichtern das t\u00e4gliche Abwischen und sorgen f\u00fcr ein einheitliches Erscheinungsbild des Wagens vor dem Haus. Sch\u00fctzende Sto\u00dff\u00e4nger und Kantenschutzvorrichtungen sorgen f\u00fcr zus\u00e4tzliche Sicherheit in stark frequentierten Servicebereichen und helfen, den Kontakt mit W\u00e4nden und T\u00fcrrahmen zu vermeiden. Der Wagen h\u00e4lt das Wesentliche in Reichweite und reduziert die Anzahl der Fahrten zur Speisekammer, wodurch die Effizienz des Personals gesteigert und ein einheitliches Erscheinungsbild f\u00fcr die G\u00e4ste gew\u00e4hrleistet wird. Sie k\u00f6nnen die Oberfl\u00e4che, die Beschriftung und die interne Organisation an die Markenstandards und die betrieblichen Abl\u00e4ufe anpassen.<\/p>","protected":false},"excerpt":{"rendered":"<p>Personalisierter Zimmerservicewagen mit integriertem Schrank f\u00fcr geschlossene Aufbewahrung. Zonierte F\u00e4cher und verstellbare Einlegeb\u00f6den sorgen f\u00fcr Ordnung, w\u00e4hrend spurlose Rollen, Sto\u00dfd\u00e4mpfer und leicht zu reinigende Oberfl\u00e4chen f\u00fcr Flure und Aufz\u00fcge geeignet sind.<\/p>","protected":false},"featured_media":66,"template":"","meta":{"_gspb_post_css":""},"product_brand":[],"product_cat":[20,15],"product_tag":[],"class_list":{"0":"post-51","1":"product","2":"type-product","3":"status-publish","4":"has-post-thumbnail","6":"product_cat-custom-hotel-carts","7":"product_cat-hotel-service-carts","9":"first","10":"instock","11":"shipping-taxable","12":"purchasable","13":"product-type-simple"},"_links":{"self":[{"href":"https:\/\/facilityprojectsolutions.com\/de\/wp-json\/wp\/v2\/product\/51","targetHints":{"allow":["GET"]}}],"collection":[{"href":"https:\/\/facilityprojectsolutions.com\/de\/wp-json\/wp\/v2\/product"}],"about":[{"href":"https:\/\/facilityprojectsolutions.com\/de\/wp-json\/wp\/v2\/types\/product"}],"wp:featuredmedia":[{"embeddable":true,"href":"https:\/\/facilityprojectsolutions.com\/de\/wp-json\/wp\/v2\/media\/66"}],"wp:attachment":[{"href":"https:\/\/facilityprojectsolutions.com\/de\/wp-json\/wp\/v2\/media?parent=51"}],"wp:term":[{"taxonomy":"product_brand","embeddable":true,"href":"https:\/\/facilityprojectsolutions.com\/de\/wp-json\/wp\/v2\/product_brand?post=51"},{"taxonomy":"product_cat","embeddable":true,"href":"https:\/\/facilityprojectsolutions.com\/de\/wp-json\/wp\/v2\/product_cat?post=51"},{"taxonomy":"product_tag","embeddable":true,"href":"https:\/\/facilityprojectsolutions.com\/de\/wp-json\/wp\/v2\/product_tag?post=51"}],"curies":[{"name":"wp","href":"https:\/\/api.w.org\/{rel}","templated":true}]}}