{"id":91,"date":"2026-02-12T11:44:34","date_gmt":"2026-02-12T11:44:34","guid":{"rendered":"https:\/\/facilityprojectsolutions.com\/?post_type=product&#038;p=91"},"modified":"2026-02-12T11:44:34","modified_gmt":"2026-02-12T11:44:34","slug":"heavy-duty-cleaning-cart-for-hotel-floors","status":"publish","type":"product","link":"https:\/\/facilityprojectsolutions.com\/de\/produkt\/heavy-duty-cleaning-cart-for-hotel-floors\/","title":{"rendered":"Schwerer Reinigungswagen f\u00fcr Hotelb\u00f6den"},"content":{"rendered":"<p data-start=\"0\" data-end=\"1224\">Dieser strapazierf\u00e4hige Reinigungswagen wurde f\u00fcr den t\u00e4glichen Hotelbetrieb entwickelt und sorgt daf\u00fcr, dass die f\u00fcr die Bodenpflege ben\u00f6tigten Utensilien geordnet und leicht von Zimmer zu Zimmer transportiert werden k\u00f6nnen. Leichtg\u00e4ngige, spurlose Rollen und Ecksto\u00dfd\u00e4mpfer sch\u00fctzen W\u00e4nde, T\u00fcrrahmen und Aufz\u00fcge und erm\u00f6glichen ein sicheres Lenken durch enge G\u00e4nge. Ein zoniertes Layout trennt Chemikalien, Werkzeuge und Verbrauchsmaterialien, wodurch Kreuzkontaminationen vermieden werden und die Wiederauff\u00fcllung schneller erfolgt. Durch die verstellbaren Regale k\u00f6nnen die Teams den Raum f\u00fcr verschiedene Schichten neu konfigurieren - morgens f\u00fcr die Punktreinigung, sp\u00e4ter f\u00fcr die Arbeit auf dem Boden. Die abwischbaren Oberfl\u00e4chen und die robuste Konstruktion halten h\u00e4ufigen Reinigungsvorg\u00e4ngen und hoher Beanspruchung stand. Das stromlinienf\u00f6rmige Profil des Wagens erm\u00f6glicht einen diskreten Service auf den G\u00e4steetagen, und eine stabile Plattform sorgt daf\u00fcr, dass die Gegenst\u00e4nde an Ort und Stelle bleiben, wenn sie an den T\u00fcren angehalten werden. Spezielle F\u00e4cher f\u00fcr W\u00e4sche, Abfall und h\u00e4ufig verwendetes Zubeh\u00f6r helfen dem Housekeeping-Team, die SOPs einzuhalten, ohne den Wagen zu \u00fcberladen. Ruhige Bewegungen und kontrolliertes Parken unterst\u00fctzen die Arbeit w\u00e4hrend der g\u00e4steorientierten Zeiten. Dadurch, dass alles in Reichweite ist, m\u00fcssen die Mitarbeiter weniger Zeit damit verbringen, zu den Schr\u00e4nken zur\u00fcckzukehren, und haben mehr Zeit, ihre Aufgaben effizient zu erledigen - und das bei einer professionellen, einheitlichen Pr\u00e4sentation.<\/p>","protected":false},"excerpt":{"rendered":"<p data-start=\"1226\" data-end=\"1470\">Hochbelastbarer Reinigungswagen f\u00fcr die Reinigung der G\u00e4steb\u00f6den mit leichtg\u00e4ngiger Lenkung, zonierter Ablage und verstellbaren F\u00e4chern. Dank der spurlosen Rollen und sch\u00fctzenden Sto\u00dfd\u00e4mpfer gleitet er ohne Kratzer durch Flure und Aufz\u00fcge.<\/p>","protected":false},"featured_media":104,"template":"","meta":{"_gspb_post_css":""},"product_brand":[],"product_cat":[18,15],"product_tag":[],"class_list":{"0":"post-91","1":"product","2":"type-product","3":"status-publish","4":"has-post-thumbnail","6":"product_cat-housekeeping-carts","7":"product_cat-hotel-service-carts","9":"first","10":"instock","11":"shipping-taxable","12":"purchasable","13":"product-type-simple"},"_links":{"self":[{"href":"https:\/\/facilityprojectsolutions.com\/de\/wp-json\/wp\/v2\/product\/91","targetHints":{"allow":["GET"]}}],"collection":[{"href":"https:\/\/facilityprojectsolutions.com\/de\/wp-json\/wp\/v2\/product"}],"about":[{"href":"https:\/\/facilityprojectsolutions.com\/de\/wp-json\/wp\/v2\/types\/product"}],"wp:featuredmedia":[{"embeddable":true,"href":"https:\/\/facilityprojectsolutions.com\/de\/wp-json\/wp\/v2\/media\/104"}],"wp:attachment":[{"href":"https:\/\/facilityprojectsolutions.com\/de\/wp-json\/wp\/v2\/media?parent=91"}],"wp:term":[{"taxonomy":"product_brand","embeddable":true,"href":"https:\/\/facilityprojectsolutions.com\/de\/wp-json\/wp\/v2\/product_brand?post=91"},{"taxonomy":"product_cat","embeddable":true,"href":"https:\/\/facilityprojectsolutions.com\/de\/wp-json\/wp\/v2\/product_cat?post=91"},{"taxonomy":"product_tag","embeddable":true,"href":"https:\/\/facilityprojectsolutions.com\/de\/wp-json\/wp\/v2\/product_tag?post=91"}],"curies":[{"name":"wp","href":"https:\/\/api.w.org\/{rel}","templated":true}]}}