{"id":115,"date":"2026-02-12T12:50:58","date_gmt":"2026-02-12T12:50:58","guid":{"rendered":"https:\/\/facilityprojectsolutions.com\/?post_type=product&#038;p=115"},"modified":"2026-02-12T12:50:58","modified_gmt":"2026-02-12T12:50:58","slug":"commercial-laundry-sorting-cart-with-bag","status":"publish","type":"product","link":"https:\/\/facilityprojectsolutions.com\/es\/commercial-laundry-sorting-cart-with-bag\/","title":{"rendered":"Carro clasificador de ropa comercial con bolsa"},"content":{"rendered":"<p>Dise\u00f1ado para la rotaci\u00f3n diaria de la ropa, este carro clasificador de lavander\u00eda comercial mantiene los textiles sucios contenidos y en movimiento a trav\u00e9s de las rutas de la parte trasera de la casa. Un bastidor estable soporta una bolsa extra\u00edble que se puede levantar para un cambio y limpieza r\u00e1pidos, ayudando a los equipos a mantener la manipulaci\u00f3n de la ropa sucia separada de los espacios orientados a los hu\u00e9spedes. Las ruedas giratorias de rodamiento suave permiten una conducci\u00f3n segura en esquinas estrechas, mientras que las ruedas que no dejan marcas y los parachoques perimetrales ayudan a reducir las rozaduras en paredes, marcos de puertas e interiores de ascensores. La zona espec\u00edfica para bolsas mantiene las cargas contenidas y organizadas para una clasificaci\u00f3n m\u00e1s r\u00e1pida por planta, bloque de habitaciones o departamento, y facilita la entrega a la lavander\u00eda. Dado que la bolsa es extra\u00edble, el personal puede colocar un nuevo forro, mantener un aspecto ordenado durante las horas punta y mantener los flujos de trabajo en movimiento. Las superficies de f\u00e1cil limpieza facilitan las limpiezas rutinarias, reforzando una presentaci\u00f3n profesional de la limpieza. Dise\u00f1ado para recorrer pasillos y ascensores, el carro reduce los viajes repetidos entre las habitaciones y la zona de lavander\u00eda, de modo que los equipos pueden centrarse en el tiempo de entrega en lugar de luchar con voluminosas cestas.<\/p>","protected":false},"excerpt":{"rendered":"<p data-start=\"1174\" data-end=\"1450\">Un carro clasificador de ropa para pasillos con bolsa extra\u00edble para hoteles, apartamentos y complejos tur\u00edsticos. Ruedas giratorias que no dejan marcas y parachoques de protecci\u00f3n para una conducci\u00f3n suave y un flujo de trabajo ordenado y eficiente.<\/p>","protected":false},"featured_media":130,"template":"","meta":{"_gspb_post_css":""},"product_brand":[],"product_cat":[19,15],"product_tag":[],"class_list":{"0":"post-115","1":"product","2":"type-product","3":"status-publish","4":"has-post-thumbnail","6":"product_cat-laundry-linen-carts","7":"product_cat-hotel-service-carts","9":"first","10":"instock","11":"shipping-taxable","12":"purchasable","13":"product-type-simple"},"_links":{"self":[{"href":"https:\/\/facilityprojectsolutions.com\/es\/wp-json\/wp\/v2\/product\/115","targetHints":{"allow":["GET"]}}],"collection":[{"href":"https:\/\/facilityprojectsolutions.com\/es\/wp-json\/wp\/v2\/product"}],"about":[{"href":"https:\/\/facilityprojectsolutions.com\/es\/wp-json\/wp\/v2\/types\/product"}],"wp:featuredmedia":[{"embeddable":true,"href":"https:\/\/facilityprojectsolutions.com\/es\/wp-json\/wp\/v2\/media\/130"}],"wp:attachment":[{"href":"https:\/\/facilityprojectsolutions.com\/es\/wp-json\/wp\/v2\/media?parent=115"}],"wp:term":[{"taxonomy":"product_brand","embeddable":true,"href":"https:\/\/facilityprojectsolutions.com\/es\/wp-json\/wp\/v2\/product_brand?post=115"},{"taxonomy":"product_cat","embeddable":true,"href":"https:\/\/facilityprojectsolutions.com\/es\/wp-json\/wp\/v2\/product_cat?post=115"},{"taxonomy":"product_tag","embeddable":true,"href":"https:\/\/facilityprojectsolutions.com\/es\/wp-json\/wp\/v2\/product_tag?post=115"}],"curies":[{"name":"wp","href":"https:\/\/api.w.org\/{rel}","templated":true}]}}