{"id":116,"date":"2026-02-12T12:28:35","date_gmt":"2026-02-12T12:28:35","guid":{"rendered":"https:\/\/facilityprojectsolutions.com\/?post_type=product&#038;p=116"},"modified":"2026-02-12T12:28:35","modified_gmt":"2026-02-12T12:28:35","slug":"double-bag-laundry-cart-for-housekeeping","status":"publish","type":"product","link":"https:\/\/facilityprojectsolutions.com\/es\/double-bag-laundry-cart-for-housekeeping\/","title":{"rendered":"Carro de lavander\u00eda de doble bolsa para el servicio de limpieza"},"content":{"rendered":"<p data-start=\"0\" data-end=\"322\">Dise\u00f1ado para el servicio diario de limpieza, este carro de lavander\u00eda de doble bolsa agiliza la recogida de la ropa blanca sin ralentizar el trabajo de su equipo. Las dos bolsas independientes facilitan la separaci\u00f3n de s\u00e1banas, toallas y art\u00edculos sucios que se dirigen a diferentes rutas de la parte trasera de la casa, de modo que los equipos pasan menos tiempo clasific\u00e1ndolos en la lavander\u00eda.<\/p>\n<p data-start=\"324\" data-end=\"716\">La movilidad fluida es importante en las zonas de invitados. El carro est\u00e1 dise\u00f1ado para una direcci\u00f3n controlada y giros cerrados, lo que ayuda a los asistentes a recorrer las esquinas de los pasillos y los umbrales de los ascensores con menos paradas y menos esfuerzo. Las ruedas silenciosas y respetuosas con el suelo permiten un desplazamiento y posicionamiento uniformes, mientras que los puntos de contacto protectores ayudan a minimizar los ara\u00f1azos en paredes, marcos de puertas y acabados en pasillos muy transitados.<\/p>\n<p data-start=\"718\" data-end=\"1198\">La durabilidad y la higiene son igualmente importantes en la hosteler\u00eda. Las superficies f\u00e1ciles de limpiar y la construcci\u00f3n resistente facilitan la desinfecci\u00f3n frecuente, y las bolsas extra\u00edbles simplifican los cambios entre habitaciones, plantas o turnos. Utilice la segunda bolsa para mantener los flujos separados, como los art\u00edculos h\u00famedos frente a los secos, o la ropa de cama frente a los residuos, seg\u00fan sus procedimientos normalizados de trabajo. La presentaci\u00f3n general se mantiene ordenada y profesional, lo que refuerza la buena gesti\u00f3n de las operaciones internas de hoteles, apartamentos y complejos tur\u00edsticos.<\/p>","protected":false},"excerpt":{"rendered":"<p>Dise\u00f1ado para hoteles, apartamentos y complejos tur\u00edsticos, este carro de lavander\u00eda de doble bolsa separa la ropa de cama para una clasificaci\u00f3n m\u00e1s r\u00e1pida, al tiempo que es f\u00e1cil de dirigir, apto para pasillos y f\u00e1cil de limpiar entre turnos.<\/p>","protected":false},"featured_media":121,"template":"","meta":{"_gspb_post_css":""},"product_brand":[],"product_cat":[19,15],"product_tag":[],"class_list":{"0":"post-116","1":"product","2":"type-product","3":"status-publish","4":"has-post-thumbnail","6":"product_cat-laundry-linen-carts","7":"product_cat-hotel-service-carts","9":"first","10":"instock","11":"shipping-taxable","12":"purchasable","13":"product-type-simple"},"_links":{"self":[{"href":"https:\/\/facilityprojectsolutions.com\/es\/wp-json\/wp\/v2\/product\/116","targetHints":{"allow":["GET"]}}],"collection":[{"href":"https:\/\/facilityprojectsolutions.com\/es\/wp-json\/wp\/v2\/product"}],"about":[{"href":"https:\/\/facilityprojectsolutions.com\/es\/wp-json\/wp\/v2\/types\/product"}],"wp:featuredmedia":[{"embeddable":true,"href":"https:\/\/facilityprojectsolutions.com\/es\/wp-json\/wp\/v2\/media\/121"}],"wp:attachment":[{"href":"https:\/\/facilityprojectsolutions.com\/es\/wp-json\/wp\/v2\/media?parent=116"}],"wp:term":[{"taxonomy":"product_brand","embeddable":true,"href":"https:\/\/facilityprojectsolutions.com\/es\/wp-json\/wp\/v2\/product_brand?post=116"},{"taxonomy":"product_cat","embeddable":true,"href":"https:\/\/facilityprojectsolutions.com\/es\/wp-json\/wp\/v2\/product_cat?post=116"},{"taxonomy":"product_tag","embeddable":true,"href":"https:\/\/facilityprojectsolutions.com\/es\/wp-json\/wp\/v2\/product_tag?post=116"}],"curies":[{"name":"wp","href":"https:\/\/api.w.org\/{rel}","templated":true}]}}