{"id":117,"date":"2026-02-12T12:41:09","date_gmt":"2026-02-12T12:41:09","guid":{"rendered":"https:\/\/facilityprojectsolutions.com\/?post_type=product&#038;p=117"},"modified":"2026-02-12T12:41:09","modified_gmt":"2026-02-12T12:41:09","slug":"collapsible-linen-collection-cart-with-casters","status":"publish","type":"product","link":"https:\/\/facilityprojectsolutions.com\/es\/collapsible-linen-collection-cart-with-casters\/","title":{"rendered":"Carro de recogida de ropa plegable con ruedas"},"content":{"rendered":"<p>Dise\u00f1ado para las rutas diarias de limpieza, este carro plegable de recogida de ropa blanca permite girar las habitaciones m\u00e1s r\u00e1pidamente sin saturar los almacenes. Util\u00edcelo para recoger s\u00e1banas sucias, toallas y textiles de las habitaciones y mantener ordenadas las zonas de tr\u00e1nsito en hoteles, apartamentos y complejos tur\u00edsticos. Despu\u00e9s de su uso, el carro se pliega para un almacenamiento compacto, pr\u00e1ctico para propiedades donde el espacio en la trastienda es escaso y los armarios de servicio se mantienen organizados. Las ruedas giratorias facilitan el movimiento en esquinas estrechas y las ruedas que no dejan marcas protegen el suelo mientras ruedan suavemente por superficies mixtas. La direcci\u00f3n controlada tambi\u00e9n facilita las transferencias por pasillos y ascensores, reduciendo las inc\u00f3modas elevaciones y minimizando el contacto con las paredes y los marcos de las puertas durante las horas punta. Los materiales duraderos y f\u00e1ciles de limpiar se han elegido para un uso diario repetido, lo que ayuda a los equipos de limpieza a mantener un aspecto ordenado y profesional con un simple mantenimiento. Como se pliega r\u00e1pidamente, los equipos pueden organizar los carros por planta o zona de servicio y guardarlos ordenadamente entre turnos, mejorando el flujo de trabajo y la visibilidad.<\/p>","protected":false},"excerpt":{"rendered":"<p data-start=\"1166\" data-end=\"1395\">Un carro plegable para recoger ropa de cama y toallas usadas. Las ruedas giratorias que no dejan marcas se desplazan f\u00e1cilmente por pasillos estrechos y ascensores, ayudando a los equipos de limpieza a mover las cargas sin problemas y a mantener ordenadas las zonas de la parte trasera de la casa.<\/p>","protected":false},"featured_media":125,"template":"","meta":{"_gspb_post_css":""},"product_brand":[],"product_cat":[15,19],"product_tag":[],"class_list":{"0":"post-117","1":"product","2":"type-product","3":"status-publish","4":"has-post-thumbnail","6":"product_cat-hotel-service-carts","7":"product_cat-laundry-linen-carts","9":"first","10":"instock","11":"shipping-taxable","12":"purchasable","13":"product-type-simple"},"_links":{"self":[{"href":"https:\/\/facilityprojectsolutions.com\/es\/wp-json\/wp\/v2\/product\/117","targetHints":{"allow":["GET"]}}],"collection":[{"href":"https:\/\/facilityprojectsolutions.com\/es\/wp-json\/wp\/v2\/product"}],"about":[{"href":"https:\/\/facilityprojectsolutions.com\/es\/wp-json\/wp\/v2\/types\/product"}],"wp:featuredmedia":[{"embeddable":true,"href":"https:\/\/facilityprojectsolutions.com\/es\/wp-json\/wp\/v2\/media\/125"}],"wp:attachment":[{"href":"https:\/\/facilityprojectsolutions.com\/es\/wp-json\/wp\/v2\/media?parent=117"}],"wp:term":[{"taxonomy":"product_brand","embeddable":true,"href":"https:\/\/facilityprojectsolutions.com\/es\/wp-json\/wp\/v2\/product_brand?post=117"},{"taxonomy":"product_cat","embeddable":true,"href":"https:\/\/facilityprojectsolutions.com\/es\/wp-json\/wp\/v2\/product_cat?post=117"},{"taxonomy":"product_tag","embeddable":true,"href":"https:\/\/facilityprojectsolutions.com\/es\/wp-json\/wp\/v2\/product_tag?post=117"}],"curies":[{"name":"wp","href":"https:\/\/api.w.org\/{rel}","templated":true}]}}