{"id":131,"date":"2026-02-12T13:07:28","date_gmt":"2026-02-12T13:07:28","guid":{"rendered":"https:\/\/facilityprojectsolutions.com\/?post_type=product&#038;p=131"},"modified":"2026-02-12T13:07:29","modified_gmt":"2026-02-12T13:07:29","slug":"room-service-trolley-with-stainless-shelves","status":"publish","type":"product","link":"https:\/\/facilityprojectsolutions.com\/es\/room-service-trolley-with-stainless-shelves\/","title":{"rendered":"Carro de servicio de habitaciones con estantes inoxidables"},"content":{"rendered":"<p data-start=\"0\" data-end=\"413\">Cuando el servicio de habitaciones se desplaza de la cocina a la habitaci\u00f3n, el carro tiene que maniobrar con limpieza, permanecer en silencio y mantener todo en su sitio. Este carro de servicio de habitaciones utiliza estanter\u00edas de acero inoxidable para ofrecer una superficie higi\u00e9nica y f\u00e1cil de limpiar que resiste las rutinas de limpieza diarias y los frecuentes cambios de turno. Las superficies de acero inoxidable se limpian r\u00e1pidamente entre clientes y turnos.<\/p>\n<p data-start=\"415\" data-end=\"888\">Los estantes abiertos y escalonados crean zonas despejadas para bandejas, platos cubiertos, servicios de bebidas y art\u00edculos para los clientes, de modo que los equipos pueden cargar en secuencia y descargar sin necesidad de buscar. Las ruedas de deslizamiento suave que no dejan marcas facilitan las maniobras y ayudan a reducir las rozaduras en el suelo durante los turnos de trabajo, mientras que los topes protectores ayudan a minimizar las marcas de contacto en paredes, marcos de puertas y muebles. El acceso de esquina a esquina tambi\u00e9n facilita la reposici\u00f3n entre turnos.<\/p>\n<p data-start=\"890\" data-end=\"1195\">Dise\u00f1ado para la circulaci\u00f3n en la parte trasera de la casa y en las plantas de hu\u00e9spedes, el carro es c\u00f3modo de empujar por pasillos largos y estable al entrar en ascensores o en giros cerrados. El resultado es un flujo de trabajo m\u00e1s limpio, menos interrupciones y una presentaci\u00f3n del servicio coherente con los est\u00e1ndares de su establecimiento.<\/p>\n<p data-start=\"1197\" data-end=\"1483\">","protected":false},"excerpt":{"rendered":"<p data-start=\"1197\" data-end=\"1483\">Un carro de servicio de habitaciones con estantes inoxidables que mantiene organizadas las bandejas y los servicios. Las ruedas de deslizamiento suave que no dejan marcas y los topes protectores ayudan al personal a moverse silenciosamente por pasillos y ascensores, simplificando las entregas.<\/p>","protected":false},"featured_media":137,"template":"","meta":{"_gspb_post_css":""},"product_brand":[],"product_cat":[17,15],"product_tag":[],"class_list":{"0":"post-131","1":"product","2":"type-product","3":"status-publish","4":"has-post-thumbnail","6":"product_cat-room-service-trolleys","7":"product_cat-hotel-service-carts","9":"first","10":"instock","11":"shipping-taxable","12":"purchasable","13":"product-type-simple"},"_links":{"self":[{"href":"https:\/\/facilityprojectsolutions.com\/es\/wp-json\/wp\/v2\/product\/131","targetHints":{"allow":["GET"]}}],"collection":[{"href":"https:\/\/facilityprojectsolutions.com\/es\/wp-json\/wp\/v2\/product"}],"about":[{"href":"https:\/\/facilityprojectsolutions.com\/es\/wp-json\/wp\/v2\/types\/product"}],"wp:featuredmedia":[{"embeddable":true,"href":"https:\/\/facilityprojectsolutions.com\/es\/wp-json\/wp\/v2\/media\/137"}],"wp:attachment":[{"href":"https:\/\/facilityprojectsolutions.com\/es\/wp-json\/wp\/v2\/media?parent=131"}],"wp:term":[{"taxonomy":"product_brand","embeddable":true,"href":"https:\/\/facilityprojectsolutions.com\/es\/wp-json\/wp\/v2\/product_brand?post=131"},{"taxonomy":"product_cat","embeddable":true,"href":"https:\/\/facilityprojectsolutions.com\/es\/wp-json\/wp\/v2\/product_cat?post=131"},{"taxonomy":"product_tag","embeddable":true,"href":"https:\/\/facilityprojectsolutions.com\/es\/wp-json\/wp\/v2\/product_tag?post=131"}],"curies":[{"name":"wp","href":"https:\/\/api.w.org\/{rel}","templated":true}]}}