{"id":132,"date":"2026-02-12T13:31:45","date_gmt":"2026-02-12T13:31:45","guid":{"rendered":"https:\/\/facilityprojectsolutions.com\/?post_type=product&#038;p=132"},"modified":"2026-02-12T13:31:45","modified_gmt":"2026-02-12T13:31:45","slug":"covered-room-service-cart-with-sliding-doors","status":"publish","type":"product","link":"https:\/\/facilityprojectsolutions.com\/es\/covered-room-service-cart-with-sliding-doors\/","title":{"rendered":"Carro cubierto de servicio de habitaciones con puertas correderas"},"content":{"rendered":"<p data-start=\"0\" data-end=\"347\">Dise\u00f1ado para un discreto servicio de comidas en la habitaci\u00f3n, este carro de servicio de habitaciones cubierto utiliza puertas correderas lisas para mantener las bandejas, la vajilla y los servicios protegidos del tr\u00e1fico del pasillo. Como las puertas se deslizan en lugar de girar, el personal puede acceder al armario en pasillos estrechos y ascensores sin necesidad de espacio adicional en el umbral de la habitaci\u00f3n.<\/p>\n<p data-start=\"349\" data-end=\"766\">En el interior, los compartimentos divididos en zonas ayudan a organizar la presentaci\u00f3n, separando los art\u00edculos fr\u00edos y calientes, las bebidas y las peticiones de los clientes, mientras que las estanter\u00edas ajustables ayudan a adaptarse a diferentes servicios sin necesidad de volver a embalar. El almacenamiento cerrado tambi\u00e9n ayuda a reducir el desorden visual y mantiene los utensilios de servicio contenidos durante el transporte, favoreciendo una presentaci\u00f3n m\u00e1s tranquila de cara al cliente.<\/p>\n<p data-start=\"768\" data-end=\"1109\">La maniobrabilidad est\u00e1 pensada para la trastienda de la hosteler\u00eda: las ruedas pivotantes ofrecen una gran capacidad de respuesta, las zonas de invitados son silenciosas y las ruedas no dejan marcas, lo que ayuda a proteger los suelos acabados. Los topes perimetrales reducen las rozaduras en paredes, marcos de puertas y ascensores durante los giros cerrados, manteniendo los espacios p\u00fablicos presentables.<\/p>\n<p data-start=\"1111\" data-end=\"1321\">Su dise\u00f1o duradero y f\u00e1cil de limpiar est\u00e1 pensado para el uso diario, ya que ayuda a los equipos a reajustarse r\u00e1pidamente entre llamadas y a mantener un flujo uniforme y profesional desde la cocina hasta la habitaci\u00f3n.<\/p>","protected":false},"excerpt":{"rendered":"<p data-start=\"1323\" data-end=\"1614\">Un carro de servicio de habitaciones cerrado con puertas correderas para una entrega discreta. El almacenamiento por zonas y los estantes ajustables mantienen los art\u00edculos organizados, mientras que las ruedas giratorias que no dejan marcas y los topes protectores ayudan a recorrer pasillos y ascensores de forma limpia.<\/p>","protected":false},"featured_media":141,"template":"","meta":{"_gspb_post_css":""},"product_brand":[],"product_cat":[17,15],"product_tag":[],"class_list":{"0":"post-132","1":"product","2":"type-product","3":"status-publish","4":"has-post-thumbnail","6":"product_cat-room-service-trolleys","7":"product_cat-hotel-service-carts","9":"first","10":"instock","11":"shipping-taxable","12":"purchasable","13":"product-type-simple"},"_links":{"self":[{"href":"https:\/\/facilityprojectsolutions.com\/es\/wp-json\/wp\/v2\/product\/132","targetHints":{"allow":["GET"]}}],"collection":[{"href":"https:\/\/facilityprojectsolutions.com\/es\/wp-json\/wp\/v2\/product"}],"about":[{"href":"https:\/\/facilityprojectsolutions.com\/es\/wp-json\/wp\/v2\/types\/product"}],"wp:featuredmedia":[{"embeddable":true,"href":"https:\/\/facilityprojectsolutions.com\/es\/wp-json\/wp\/v2\/media\/141"}],"wp:attachment":[{"href":"https:\/\/facilityprojectsolutions.com\/es\/wp-json\/wp\/v2\/media?parent=132"}],"wp:term":[{"taxonomy":"product_brand","embeddable":true,"href":"https:\/\/facilityprojectsolutions.com\/es\/wp-json\/wp\/v2\/product_brand?post=132"},{"taxonomy":"product_cat","embeddable":true,"href":"https:\/\/facilityprojectsolutions.com\/es\/wp-json\/wp\/v2\/product_cat?post=132"},{"taxonomy":"product_tag","embeddable":true,"href":"https:\/\/facilityprojectsolutions.com\/es\/wp-json\/wp\/v2\/product_tag?post=132"}],"curies":[{"name":"wp","href":"https:\/\/api.w.org\/{rel}","templated":true}]}}