{"id":147,"date":"2026-02-12T14:02:56","date_gmt":"2026-02-12T14:02:56","guid":{"rendered":"https:\/\/facilityprojectsolutions.com\/?post_type=product&#038;p=147"},"modified":"2026-02-12T14:02:56","modified_gmt":"2026-02-12T14:02:56","slug":"multi-tier-service-trolley-for-banquets","status":"publish","type":"product","link":"https:\/\/facilityprojectsolutions.com\/es\/multi-tier-service-trolley-for-banquets\/","title":{"rendered":"Carro de servicio de varios pisos para banquetes"},"content":{"rendered":"<p data-start=\"0\" data-end=\"522\">Mantenga el servicio de banquetes en movimiento desde el \u00e1rea de preparaci\u00f3n hasta el sal\u00f3n de baile sin desorden. Este carro de servicio de varios niveles crea zonas despejadas para platos, cristaler\u00eda, bebidas y manteler\u00eda doblada, de modo que los equipos pueden preparar, entregar y recoger con menos desplazamientos. La direcci\u00f3n sensible permite giros cerrados alrededor de las puertas de servicio y los dise\u00f1os de los comedores, mientras que las ruedas que no dejan marcas ruedan suavemente sobre suelos mixtos y ayudan a evitar rozaduras. La protecci\u00f3n de las esquinas ayuda a reducir el contacto accidental con paredes, marcos de puertas y paneles de ascensores.<\/p>\n<p data-start=\"524\" data-end=\"1065\">El almacenamiento por niveles mantiene el flujo de trabajo intuitivo: los art\u00edculos limpios en un nivel, la reposici\u00f3n en otro y las devoluciones separadas cuando sea necesario. Los suministros de uso frecuente permanecen visibles para un recuento m\u00e1s r\u00e1pido, y cada estante se puede organizar por estaci\u00f3n para que coincida con los procedimientos operativos est\u00e1ndar del banquete. Las superficies duraderas y f\u00e1ciles de limpiar simplifican el reajuste al final del turno y mantienen un aspecto uniforme entre eventos. Fabricado pensando en la circulaci\u00f3n del hotel, el carro es f\u00e1cil de guiar por pasillos y ascensores, lo que contribuye a un servicio eficiente y a una imagen pulida de la parte delantera y trasera de la casa.<\/p>","protected":false},"excerpt":{"rendered":"<p>Carro de servicio de varios niveles para banquetes, que ofrece una disposici\u00f3n separada para la vajilla y la manteler\u00eda, una maniobrabilidad suave a trav\u00e9s de pasillos y ascensores, y una durabilidad de f\u00e1cil limpieza que favorece unos flujos de trabajo eficientes y profesionales tanto en la entrada como en la salida.<\/p>","protected":false},"featured_media":152,"template":"","meta":{"_gspb_post_css":""},"product_brand":[],"product_cat":[17,15],"product_tag":[],"class_list":{"0":"post-147","1":"product","2":"type-product","3":"status-publish","4":"has-post-thumbnail","6":"product_cat-room-service-trolleys","7":"product_cat-hotel-service-carts","9":"first","10":"instock","11":"shipping-taxable","12":"purchasable","13":"product-type-simple"},"_links":{"self":[{"href":"https:\/\/facilityprojectsolutions.com\/es\/wp-json\/wp\/v2\/product\/147","targetHints":{"allow":["GET"]}}],"collection":[{"href":"https:\/\/facilityprojectsolutions.com\/es\/wp-json\/wp\/v2\/product"}],"about":[{"href":"https:\/\/facilityprojectsolutions.com\/es\/wp-json\/wp\/v2\/types\/product"}],"wp:featuredmedia":[{"embeddable":true,"href":"https:\/\/facilityprojectsolutions.com\/es\/wp-json\/wp\/v2\/media\/152"}],"wp:attachment":[{"href":"https:\/\/facilityprojectsolutions.com\/es\/wp-json\/wp\/v2\/media?parent=147"}],"wp:term":[{"taxonomy":"product_brand","embeddable":true,"href":"https:\/\/facilityprojectsolutions.com\/es\/wp-json\/wp\/v2\/product_brand?post=147"},{"taxonomy":"product_cat","embeddable":true,"href":"https:\/\/facilityprojectsolutions.com\/es\/wp-json\/wp\/v2\/product_cat?post=147"},{"taxonomy":"product_tag","embeddable":true,"href":"https:\/\/facilityprojectsolutions.com\/es\/wp-json\/wp\/v2\/product_tag?post=147"}],"curies":[{"name":"wp","href":"https:\/\/api.w.org\/{rel}","templated":true}]}}