{"id":161,"date":"2026-02-12T14:46:10","date_gmt":"2026-02-12T14:46:10","guid":{"rendered":"https:\/\/facilityprojectsolutions.com\/?post_type=product&#038;p=161"},"modified":"2026-02-12T14:46:10","modified_gmt":"2026-02-12T14:46:10","slug":"outdoor-smoking-ashtray-bin-with-sand-fill","status":"publish","type":"product","link":"https:\/\/facilityprojectsolutions.com\/es\/outdoor-smoking-ashtray-bin-with-sand-fill\/","title":{"rendered":"Cenicero de exterior para fumadores con relleno de arena"},"content":{"rendered":"<p data-start=\"0\" data-end=\"1070\">Dise\u00f1ado para entradas comerciales y zonas designadas para fumadores, este cenicero de exterior permite la autoextinci\u00f3n con una c\u00e1mara opcional de limitaci\u00f3n de ox\u00edgeno y una superficie de relleno de arena. En la entrada de un empleado, en un punto protegido para fumadores junto a la puerta de un almac\u00e9n o en un pasillo de servicio cerca del muelle de carga, los usuarios pueden apagar las brasas en la arena y tirar los residuos a trav\u00e9s de una abertura restringida, lo que ayuda a limitar la basura arrastrada por el viento y a mantener los residuos fuera del paso de los peatones. El exterior, resistente a la intemperie y a la corrosi\u00f3n, est\u00e1 pensado para su colocaci\u00f3n en el exterior durante todo el a\u00f1o, mientras que una base estable ayuda a la unidad a mantenerse en posici\u00f3n vertical y puede fijarse a superficies duras cuando sea necesario. El mantenimiento diario es sencillo: la bolsa interior extra\u00edble se levanta para un vaciado r\u00e1pido, lo que reduce el contacto con residuos sueltos y simplifica las comprobaciones en el lugar. Con una generosa superficie de almacenamiento (capacidad no especificada), ayuda a reducir las rondas de servicio y favorece una primera impresi\u00f3n m\u00e1s limpia y segura para los clientes y el personal que llegan a la propiedad.<\/p>","protected":false},"excerpt":{"rendered":"<p>Este cenicero con relleno de arena centraliza los residuos de cigarrillos en las porter\u00edas de los hoteles y en los patios de descanso al aire libre. El dise\u00f1o limitador de ox\u00edgeno opcional ayuda a sofocar las colillas humeantes; su construcci\u00f3n resistente a la intemperie y su bolsa extra\u00edble agilizan el vaciado rutinario.<\/p>","protected":false},"featured_media":164,"template":"","meta":{"_gspb_post_css":""},"product_brand":[],"product_cat":[37],"product_tag":[],"class_list":{"0":"post-161","1":"product","2":"type-product","3":"status-publish","4":"has-post-thumbnail","6":"product_cat-ashtrays-smoking-stations","8":"first","9":"instock","10":"shipping-taxable","11":"purchasable","12":"product-type-simple"},"_links":{"self":[{"href":"https:\/\/facilityprojectsolutions.com\/es\/wp-json\/wp\/v2\/product\/161","targetHints":{"allow":["GET"]}}],"collection":[{"href":"https:\/\/facilityprojectsolutions.com\/es\/wp-json\/wp\/v2\/product"}],"about":[{"href":"https:\/\/facilityprojectsolutions.com\/es\/wp-json\/wp\/v2\/types\/product"}],"wp:featuredmedia":[{"embeddable":true,"href":"https:\/\/facilityprojectsolutions.com\/es\/wp-json\/wp\/v2\/media\/164"}],"wp:attachment":[{"href":"https:\/\/facilityprojectsolutions.com\/es\/wp-json\/wp\/v2\/media?parent=161"}],"wp:term":[{"taxonomy":"product_brand","embeddable":true,"href":"https:\/\/facilityprojectsolutions.com\/es\/wp-json\/wp\/v2\/product_brand?post=161"},{"taxonomy":"product_cat","embeddable":true,"href":"https:\/\/facilityprojectsolutions.com\/es\/wp-json\/wp\/v2\/product_cat?post=161"},{"taxonomy":"product_tag","embeddable":true,"href":"https:\/\/facilityprojectsolutions.com\/es\/wp-json\/wp\/v2\/product_tag?post=161"}],"curies":[{"name":"wp","href":"https:\/\/api.w.org\/{rel}","templated":true}]}}