{"id":163,"date":"2026-02-12T15:13:18","date_gmt":"2026-02-12T15:13:18","guid":{"rendered":"https:\/\/facilityprojectsolutions.com\/?post_type=product&#038;p=163"},"modified":"2026-02-12T15:13:18","modified_gmt":"2026-02-12T15:13:18","slug":"luxury-metal-ashtray-pillar-for-entrances","status":"publish","type":"product","link":"https:\/\/facilityprojectsolutions.com\/es\/luxury-metal-ashtray-pillar-for-entrances\/","title":{"rendered":"Pilar Cenicero Met\u00e1lico de Lujo para Entradas"},"content":{"rendered":"<p data-start=\"0\" data-end=\"388\">Dise\u00f1ado para las porter\u00edas de los hoteles y los aparcacoches, el cenicero met\u00e1lico de lujo ayuda a los equipos de los establecimientos a gestionar los puntos designados para fumadores, al tiempo que protege la primera impresi\u00f3n en la puerta. Su perfil delgado y arquitect\u00f3nico coloca los residuos exactamente donde los hu\u00e9spedes se detienen, reduciendo la suciedad en el pavimento y manteniendo los residuos de cigarrillos lejos de alfombras, macetas y acabados de fachada.<\/p>\n<p data-start=\"390\" data-end=\"1022\">Para una recogida m\u00e1s segura, un <strong data-start=\"415\" data-end=\"450\">dise\u00f1o limitador de ox\u00edgeno opcional<\/strong> puede especificarse para restringir el flujo de aire en el interior del recept\u00e1culo, soportando un <strong data-start=\"524\" data-end=\"546\">autoextinguible<\/strong> El cuerpo met\u00e1lico est\u00e1 preparado para la intemperie y tiene un acabado resistente a la corrosi\u00f3n. El cuerpo met\u00e1lico, preparado para la intemperie, tiene un acabado resistente a la corrosi\u00f3n y a la intemperie, por lo que puede permanecer en su sitio a pesar de la lluvia, el sol y los lavados exteriores rutinarios. Una base estable est\u00e1 pensada para una colocaci\u00f3n segura y puede especificarse para una instalaci\u00f3n fija cuando las pol\u00edticas del emplazamiento as\u00ed lo requieran.<\/p>\n<p data-start=\"1024\" data-end=\"1368\">El mantenimiento es sencillo: el revestimiento interior se extrae para vaciarlo y limpiarlo r\u00e1pidamente, lo que reduce el tiempo de servicio durante las horas punta. En general, la unidad mejora la limpieza de la entrada, contribuye a reducir el riesgo de incendio y proporciona una se\u00f1alizaci\u00f3n clara y profesional de la zona de fumadores para las operaciones de atenci\u00f3n al p\u00fablico.<\/p>","protected":false},"excerpt":{"rendered":"<p data-start=\"1370\" data-end=\"1648\">Para vest\u00edbulos de oficinas de clase A y zonas designadas para fumadores al aire libre, este cenicero met\u00e1lico permite una eliminaci\u00f3n m\u00e1s segura con limitaci\u00f3n de ox\u00edgeno opcional, un cuerpo resistente a la intemperie y una bolsa extra\u00edble para un mantenimiento r\u00e1pido y limpio.<\/p>","protected":false},"featured_media":173,"template":"","meta":{"_gspb_post_css":""},"product_brand":[],"product_cat":[37],"product_tag":[],"class_list":{"0":"post-163","1":"product","2":"type-product","3":"status-publish","4":"has-post-thumbnail","6":"product_cat-ashtrays-smoking-stations","8":"first","9":"instock","10":"shipping-taxable","11":"purchasable","12":"product-type-simple"},"_links":{"self":[{"href":"https:\/\/facilityprojectsolutions.com\/es\/wp-json\/wp\/v2\/product\/163","targetHints":{"allow":["GET"]}}],"collection":[{"href":"https:\/\/facilityprojectsolutions.com\/es\/wp-json\/wp\/v2\/product"}],"about":[{"href":"https:\/\/facilityprojectsolutions.com\/es\/wp-json\/wp\/v2\/types\/product"}],"wp:featuredmedia":[{"embeddable":true,"href":"https:\/\/facilityprojectsolutions.com\/es\/wp-json\/wp\/v2\/media\/173"}],"wp:attachment":[{"href":"https:\/\/facilityprojectsolutions.com\/es\/wp-json\/wp\/v2\/media?parent=163"}],"wp:term":[{"taxonomy":"product_brand","embeddable":true,"href":"https:\/\/facilityprojectsolutions.com\/es\/wp-json\/wp\/v2\/product_brand?post=163"},{"taxonomy":"product_cat","embeddable":true,"href":"https:\/\/facilityprojectsolutions.com\/es\/wp-json\/wp\/v2\/product_cat?post=163"},{"taxonomy":"product_tag","embeddable":true,"href":"https:\/\/facilityprojectsolutions.com\/es\/wp-json\/wp\/v2\/product_tag?post=163"}],"curies":[{"name":"wp","href":"https:\/\/api.w.org\/{rel}","templated":true}]}}