{"id":184,"date":"2026-02-12T15:36:12","date_gmt":"2026-02-12T15:36:12","guid":{"rendered":"https:\/\/facilityprojectsolutions.com\/?post_type=product&#038;p=184"},"modified":"2026-02-12T15:36:12","modified_gmt":"2026-02-12T15:36:12","slug":"windproof-outdoor-cigarette-bin-with-lid","status":"publish","type":"product","link":"https:\/\/facilityprojectsolutions.com\/es\/windproof-outdoor-cigarette-bin-with-lid\/","title":{"rendered":"Cigarrera de exterior resistente al viento con tapa"},"content":{"rendered":"<p data-start=\"0\" data-end=\"1109\">En las ajetreadas entradas de hospitales y cl\u00ednicas, la basura de los cigarrillos y el riesgo de que salgan brasas aparecen r\u00e1pidamente, sobre todo en las v\u00edas de bajada con mucho viento. Esta papelera de exterior a prueba de viento utiliza una abertura de ca\u00edda y una tapa cubiertas para evitar que la lluvia y las r\u00e1fagas esparzan las colillas y las cenizas. Un dise\u00f1o opcional de limitaci\u00f3n de ox\u00edgeno ayuda a sofocar las brasas en el interior, favoreciendo la eliminaci\u00f3n por autoextinci\u00f3n y reduciendo la exposici\u00f3n al fuego alrededor de puertas, jardineras y papeleras exteriores. Construida para su colocaci\u00f3n durante todo el a\u00f1o, la unidad est\u00e1 especificada para resistir a la intemperie y a la corrosi\u00f3n para ayudar a mantener un aspecto uniforme en condiciones de aire costero o sal de deshielo. Una base estable permite la colocaci\u00f3n independiente sobre plataformas de hormig\u00f3n, con opciones para asegurar o fijar la unidad donde lo requiera la pol\u00edtica del lugar. El mantenimiento es sencillo: levante la parte superior, retire la bolsa interior, vac\u00edela y vuelva a ponerla en servicio con un contacto m\u00ednimo. La bolsa est\u00e1 dise\u00f1ada para lugares de uso intensivo con el fin de reducir la frecuencia de mantenimiento. El resultado es un punto de fumado m\u00e1s limpio y controlado que protege las entradas, reduce las rondas de limpieza y favorece una primera impresi\u00f3n m\u00e1s segura para los visitantes y el personal.<\/p>","protected":false},"excerpt":{"rendered":"<p data-start=\"1111\" data-end=\"1378\">Para refugios de fumadores en torres de oficinas y salidas de garajes, este contenedor de cigarrillos con tapa y resistente al viento gu\u00eda las colillas hasta una c\u00e1mara protegida, admite la eliminaci\u00f3n autoextinguible con limitaci\u00f3n de ox\u00edgeno opcional y se vac\u00eda mediante una bolsa extra\u00edble para las rondas rutinarias.<\/p>","protected":false},"featured_media":186,"template":"","meta":{"_gspb_post_css":""},"product_brand":[],"product_cat":[37],"product_tag":[],"class_list":{"0":"post-184","1":"product","2":"type-product","3":"status-publish","4":"has-post-thumbnail","6":"product_cat-ashtrays-smoking-stations","8":"first","9":"instock","10":"shipping-taxable","11":"purchasable","12":"product-type-simple"},"_links":{"self":[{"href":"https:\/\/facilityprojectsolutions.com\/es\/wp-json\/wp\/v2\/product\/184","targetHints":{"allow":["GET"]}}],"collection":[{"href":"https:\/\/facilityprojectsolutions.com\/es\/wp-json\/wp\/v2\/product"}],"about":[{"href":"https:\/\/facilityprojectsolutions.com\/es\/wp-json\/wp\/v2\/types\/product"}],"wp:featuredmedia":[{"embeddable":true,"href":"https:\/\/facilityprojectsolutions.com\/es\/wp-json\/wp\/v2\/media\/186"}],"wp:attachment":[{"href":"https:\/\/facilityprojectsolutions.com\/es\/wp-json\/wp\/v2\/media?parent=184"}],"wp:term":[{"taxonomy":"product_brand","embeddable":true,"href":"https:\/\/facilityprojectsolutions.com\/es\/wp-json\/wp\/v2\/product_brand?post=184"},{"taxonomy":"product_cat","embeddable":true,"href":"https:\/\/facilityprojectsolutions.com\/es\/wp-json\/wp\/v2\/product_cat?post=184"},{"taxonomy":"product_tag","embeddable":true,"href":"https:\/\/facilityprojectsolutions.com\/es\/wp-json\/wp\/v2\/product_tag?post=184"}],"curies":[{"name":"wp","href":"https:\/\/api.w.org\/{rel}","templated":true}]}}