{"id":189,"date":"2026-02-13T03:58:54","date_gmt":"2026-02-13T03:58:54","guid":{"rendered":"https:\/\/facilityprojectsolutions.com\/?post_type=product&#038;p=189"},"modified":"2026-02-13T03:58:54","modified_gmt":"2026-02-13T03:58:54","slug":"fireproof-indoor-waste-bin-with-ashtray-top","status":"publish","type":"product","link":"https:\/\/facilityprojectsolutions.com\/es\/fireproof-indoor-waste-bin-with-ashtray-top\/","title":{"rendered":"Papelera ign\u00edfuga de interior con tapa de cenicero"},"content":{"rendered":"<p data-start=\"0\" data-end=\"639\">Dise\u00f1ada para interiores de hosteler\u00eda en los que est\u00e1 permitido fumar, esta papelera ign\u00edfuga para interiores incorpora un cenicero en la parte superior para recoger las cenizas y colillas antes de que lleguen al contenedor principal. La parte superior de tipo apagavajillas anima a los clientes a apagar los cigarrillos en una zona controlada, lo que ayuda al personal a proteger las alfombras y los acabados, al tiempo que mantiene las zonas p\u00fablicas con un aspecto pulido. Una construcci\u00f3n centrada en la seguridad contra incendios -a menudo combinada con un concepto opcional de autoextinci\u00f3n que limita el ox\u00edgeno alrededor de las brasas- a\u00f1ade otra capa de seguridad para vest\u00edbulos, pasillos, salones de fumadores y zonas de personal.<\/p>\n<p data-start=\"641\" data-end=\"1193\">Los detalles de funcionamiento siguen siendo sencillos: levante la secci\u00f3n del cenicero para vaciarlo r\u00e1pidamente, limpie las superficies lisas y renueve la bolsa sin complicaciones. Un discreto borde ayuda a mantener la bolsa limpia y la apertura ordenada, reduciendo el desorden visual para los clientes. Sin pedal ni puerta batiente, el triturador es silencioso, ideal para pisos de invitados y salas de reuniones donde las interrupciones son importantes. El triturador de cigarrillos espec\u00edfico tambi\u00e9n ayuda a mantener las colillas fuera de la vista y contribuye a un entorno m\u00e1s limpio y agradable para los clientes.<\/p>","protected":false},"excerpt":{"rendered":"<p>Un refinado recept\u00e1culo de interior para hoteles, que combina un cenicero en la parte superior con una papelera en la parte inferior. Facilita la eliminaci\u00f3n responsable de los cigarrillos, ayuda a mantener el suelo ordenado y se limpia r\u00e1pidamente para que los hu\u00e9spedes disfruten de su estancia sin interrupciones.<\/p>","protected":false},"featured_media":196,"template":"","meta":{"_gspb_post_css":""},"product_brand":[],"product_cat":[25,21],"product_tag":[],"class_list":{"0":"post-189","1":"product","2":"type-product","3":"status-publish","4":"has-post-thumbnail","6":"product_cat-fireproof-waste-bins","7":"product_cat-indoor-trash-bins","9":"first","10":"instock","11":"shipping-taxable","12":"purchasable","13":"product-type-simple"},"_links":{"self":[{"href":"https:\/\/facilityprojectsolutions.com\/es\/wp-json\/wp\/v2\/product\/189","targetHints":{"allow":["GET"]}}],"collection":[{"href":"https:\/\/facilityprojectsolutions.com\/es\/wp-json\/wp\/v2\/product"}],"about":[{"href":"https:\/\/facilityprojectsolutions.com\/es\/wp-json\/wp\/v2\/types\/product"}],"wp:featuredmedia":[{"embeddable":true,"href":"https:\/\/facilityprojectsolutions.com\/es\/wp-json\/wp\/v2\/media\/196"}],"wp:attachment":[{"href":"https:\/\/facilityprojectsolutions.com\/es\/wp-json\/wp\/v2\/media?parent=189"}],"wp:term":[{"taxonomy":"product_brand","embeddable":true,"href":"https:\/\/facilityprojectsolutions.com\/es\/wp-json\/wp\/v2\/product_brand?post=189"},{"taxonomy":"product_cat","embeddable":true,"href":"https:\/\/facilityprojectsolutions.com\/es\/wp-json\/wp\/v2\/product_cat?post=189"},{"taxonomy":"product_tag","embeddable":true,"href":"https:\/\/facilityprojectsolutions.com\/es\/wp-json\/wp\/v2\/product_tag?post=189"}],"curies":[{"name":"wp","href":"https:\/\/api.w.org\/{rel}","templated":true}]}}