{"id":190,"date":"2026-02-13T04:07:59","date_gmt":"2026-02-13T04:07:59","guid":{"rendered":"https:\/\/facilityprojectsolutions.com\/?post_type=product&#038;p=190"},"modified":"2026-02-13T04:07:59","modified_gmt":"2026-02-13T04:07:59","slug":"metal-fire-safe-trash-can-for-public-areas","status":"publish","type":"product","link":"https:\/\/facilityprojectsolutions.com\/es\/metal-fire-safe-trash-can-for-public-areas\/","title":{"rendered":"Papelera met\u00e1lica ign\u00edfuga para espacios p\u00fablicos"},"content":{"rendered":"<p data-start=\"0\" data-end=\"384\">En los vest\u00edbulos, pasillos y espacios de reuni\u00f3n de los hoteles, las papeleras deben tener un aspecto refinado y, al mismo tiempo, contribuir a un entorno m\u00e1s seguro. Esta papelera met\u00e1lica ign\u00edfuga est\u00e1 pensada para zonas p\u00fablicas en las que la durabilidad y la eficiencia de la limpieza son importantes. El cuerpo totalmente met\u00e1lico est\u00e1 dise\u00f1ado para ser limpiado con frecuencia y soportar el tr\u00e1fico diario, con un perfil limpio y neutro que se integra en interiores de lujo.<\/p>\n<p data-start=\"386\" data-end=\"1070\">Dise\u00f1ada teniendo en cuenta la seguridad contra incendios, su construcci\u00f3n est\u00e1 pensada para limitar la exposici\u00f3n a las llamas; se puede especificar un concepto de autoextinci\u00f3n opcional para adaptarse a su enfoque de gesti\u00f3n de riesgos. Una abertura de acceso superior hace que la eliminaci\u00f3n sea intuitiva para los clientes y el personal, al tiempo que ayuda a contener los residuos visibles. Sin un complejo mecanismo de tapa que mantener, reduce el ruido y simplifica las comprobaciones diarias. El interior despejado permite cambiar la bolsa con rapidez, lo que reduce el tiempo dedicado al mantenimiento de zonas de mucho uso, como los ascensores, la recepci\u00f3n y los pasillos de oficinas. Los bordes lisos y el interior f\u00e1cil de limpiar garantizan una higiene constante, y la base estable ayuda a que el cubo permanezca en su sitio durante los periodos de mayor actividad.<\/p>","protected":false},"excerpt":{"rendered":"<p>Papelera met\u00e1lica ign\u00edfuga para zonas p\u00fablicas de hoteles. Su dise\u00f1o neutro se adapta a vest\u00edbulos y pasillos, con una c\u00f3moda apertura superior, superficies f\u00e1ciles de limpiar y un interior despejado que agiliza el cambio de bolsas y el mantenimiento diario.<\/p>","protected":false},"featured_media":201,"template":"","meta":{"_gspb_post_css":""},"product_brand":[],"product_cat":[25,21],"product_tag":[],"class_list":{"0":"post-190","1":"product","2":"type-product","3":"status-publish","4":"has-post-thumbnail","6":"product_cat-fireproof-waste-bins","7":"product_cat-indoor-trash-bins","9":"first","10":"instock","11":"shipping-taxable","12":"purchasable","13":"product-type-simple"},"_links":{"self":[{"href":"https:\/\/facilityprojectsolutions.com\/es\/wp-json\/wp\/v2\/product\/190","targetHints":{"allow":["GET"]}}],"collection":[{"href":"https:\/\/facilityprojectsolutions.com\/es\/wp-json\/wp\/v2\/product"}],"about":[{"href":"https:\/\/facilityprojectsolutions.com\/es\/wp-json\/wp\/v2\/types\/product"}],"wp:featuredmedia":[{"embeddable":true,"href":"https:\/\/facilityprojectsolutions.com\/es\/wp-json\/wp\/v2\/media\/201"}],"wp:attachment":[{"href":"https:\/\/facilityprojectsolutions.com\/es\/wp-json\/wp\/v2\/media?parent=190"}],"wp:term":[{"taxonomy":"product_brand","embeddable":true,"href":"https:\/\/facilityprojectsolutions.com\/es\/wp-json\/wp\/v2\/product_brand?post=190"},{"taxonomy":"product_cat","embeddable":true,"href":"https:\/\/facilityprojectsolutions.com\/es\/wp-json\/wp\/v2\/product_cat?post=190"},{"taxonomy":"product_tag","embeddable":true,"href":"https:\/\/facilityprojectsolutions.com\/es\/wp-json\/wp\/v2\/product_tag?post=190"}],"curies":[{"name":"wp","href":"https:\/\/api.w.org\/{rel}","templated":true}]}}