{"id":191,"date":"2026-02-13T04:26:40","date_gmt":"2026-02-13T04:26:40","guid":{"rendered":"https:\/\/facilityprojectsolutions.com\/?post_type=product&#038;p=191"},"modified":"2026-02-13T04:26:41","modified_gmt":"2026-02-13T04:26:41","slug":"self-extinguishing-waste-bin-for-hotels","status":"publish","type":"product","link":"https:\/\/facilityprojectsolutions.com\/es\/self-extinguishing-waste-bin-for-hotels\/","title":{"rendered":"Papelera autoextinguible para hoteles"},"content":{"rendered":"<p>En las habitaciones de los hu\u00e9spedes, los cubos de basura deben integrarse en la decoraci\u00f3n y, al mismo tiempo, apoyar pr\u00e1cticas prudentes de seguridad contra incendios. Esta papelera autoextinguible para hoteles utiliza un concepto de tapa cubierta y limitadora de ox\u00edgeno dise\u00f1ada para ayudar a sofocar una peque\u00f1a fuente de ignici\u00f3n dentro del recept\u00e1culo, en lugar de dejar que crezca. <br data-start=\"351\" data-end=\"354\" \/>Dise\u00f1ada para el aseo diario, es f\u00e1cil de limpiar y configurar para un cambio r\u00e1pido de bolsas. Un cubo interior opcional y un borde que retiene la bolsa mantienen el borde de la bolsa oculto para un aspecto m\u00e1s limpio y simplifican el vaciado sin ensuciar. Ocupa poco espacio al lado de un tocador, un minibar o un escritorio, dejando el paso libre a los invitados y los carritos.<br data-start=\"680\" data-end=\"683\" \/>Para pasillos, salones y zonas de reuniones, el mismo perfil discreto ayuda a mantener un espacio p\u00fablico ordenado: los hu\u00e9spedes pueden tirar la basura r\u00e1pidamente a trav\u00e9s de la abertura superior, mientras que el interior oculto reduce el desorden visual. Elija acabados que complementen la paleta de colores de sus habitaciones y los est\u00e1ndares de su marca, y estandarice un estilo de papelera en toda la propiedad para conseguir una experiencia uniforme y pulida.<\/p>","protected":false},"excerpt":{"rendered":"<p data-start=\"1102\" data-end=\"1332\">Papelera preparada para hoteles con un concepto superior autoextinguible que limita el ox\u00edgeno. El cubo interior opcional y el borde interior ocultan los bordes de la bolsa, agilizan la limpieza y mantienen las habitaciones, los pasillos y los vest\u00edbulos con un aspecto impecable.<\/p>","protected":false},"featured_media":206,"template":"","meta":{"_gspb_post_css":""},"product_brand":[],"product_cat":[25,21],"product_tag":[],"class_list":{"0":"post-191","1":"product","2":"type-product","3":"status-publish","4":"has-post-thumbnail","6":"product_cat-fireproof-waste-bins","7":"product_cat-indoor-trash-bins","9":"first","10":"instock","11":"shipping-taxable","12":"purchasable","13":"product-type-simple"},"_links":{"self":[{"href":"https:\/\/facilityprojectsolutions.com\/es\/wp-json\/wp\/v2\/product\/191","targetHints":{"allow":["GET"]}}],"collection":[{"href":"https:\/\/facilityprojectsolutions.com\/es\/wp-json\/wp\/v2\/product"}],"about":[{"href":"https:\/\/facilityprojectsolutions.com\/es\/wp-json\/wp\/v2\/types\/product"}],"wp:featuredmedia":[{"embeddable":true,"href":"https:\/\/facilityprojectsolutions.com\/es\/wp-json\/wp\/v2\/media\/206"}],"wp:attachment":[{"href":"https:\/\/facilityprojectsolutions.com\/es\/wp-json\/wp\/v2\/media?parent=191"}],"wp:term":[{"taxonomy":"product_brand","embeddable":true,"href":"https:\/\/facilityprojectsolutions.com\/es\/wp-json\/wp\/v2\/product_brand?post=191"},{"taxonomy":"product_cat","embeddable":true,"href":"https:\/\/facilityprojectsolutions.com\/es\/wp-json\/wp\/v2\/product_cat?post=191"},{"taxonomy":"product_tag","embeddable":true,"href":"https:\/\/facilityprojectsolutions.com\/es\/wp-json\/wp\/v2\/product_tag?post=191"}],"curies":[{"name":"wp","href":"https:\/\/api.w.org\/{rel}","templated":true}]}}