{"id":197,"date":"2026-02-13T04:51:14","date_gmt":"2026-02-13T04:51:14","guid":{"rendered":"https:\/\/facilityprojectsolutions.com\/?post_type=product&#038;p=197"},"modified":"2026-02-13T04:51:14","modified_gmt":"2026-02-13T04:51:14","slug":"stainless-steel-fireproof-litter-bin-with-lid","status":"publish","type":"product","link":"https:\/\/facilityprojectsolutions.com\/es\/stainless-steel-fireproof-litter-bin-with-lid\/","title":{"rendered":"Papelera ign\u00edfuga de acero inoxidable con tapa"},"content":{"rendered":"<p data-start=\"0\" data-end=\"438\">El acero inoxidable y una silueta limpia hacen que esta papelera con tapa encaje f\u00e1cilmente junto a una mesilla de noche, un tocador o un minibar. Dise\u00f1ada para interiores de hoteles, se centra en la seguridad contra incendios con una tapa que ayuda a contener los residuos; los modelos seleccionados pueden seguir un concepto de autoextinci\u00f3n opcional limitando el flujo de aire dentro de la papelera en lugar de depender de certificaciones declaradas.<\/p>\n<p data-start=\"440\" data-end=\"835\">Los clientes s\u00f3lo ven un exterior cuidado: un cubo interior y\/o un anillo de retenci\u00f3n del forro mantienen el borde de la bolsa recogido para ofrecer un aspecto siempre elegante. Las superficies met\u00e1licas lisas se limpian r\u00e1pidamente despu\u00e9s de la limpieza, y el acero inoxidable resiste la desinfecci\u00f3n frecuente en ba\u00f1os h\u00famedos. La tapa se asienta suavemente para reducir el ruido durante el uso nocturno, manteniendo la habitaci\u00f3n en silencio.<\/p>\n<p data-start=\"837\" data-end=\"1113\">Para el servicio de limpieza, el forro extra\u00edble se levanta para un vaciado y cambio de bolsas m\u00e1s r\u00e1pidos, ayudando al personal a reajustar las habitaciones de forma eficiente y mantener los pasillos ordenados. Adecuado para habitaciones de hu\u00e9spedes, suites, salas de reuniones y otros espacios interiores de hoteles donde la durabilidad y la presentaci\u00f3n discreta son importantes.<\/p>","protected":false},"excerpt":{"rendered":"<p data-start=\"1115\" data-end=\"1344\">Papelera con tapa de acero inoxidable para habitaciones y suites de hotel. Dise\u00f1o pensado para la seguridad contra incendios, cubo\/anillo interior opcional para ocultar los bordes de la bolsa, superficies lisas que se limpian con un pa\u00f1o y asiento de la tapa silencioso y agradable para los hu\u00e9spedes.<\/p>","protected":false},"featured_media":208,"template":"","meta":{"_gspb_post_css":""},"product_brand":[],"product_cat":[25,21],"product_tag":[],"class_list":{"0":"post-197","1":"product","2":"type-product","3":"status-publish","4":"has-post-thumbnail","6":"product_cat-fireproof-waste-bins","7":"product_cat-indoor-trash-bins","9":"first","10":"instock","11":"shipping-taxable","12":"purchasable","13":"product-type-simple"},"_links":{"self":[{"href":"https:\/\/facilityprojectsolutions.com\/es\/wp-json\/wp\/v2\/product\/197","targetHints":{"allow":["GET"]}}],"collection":[{"href":"https:\/\/facilityprojectsolutions.com\/es\/wp-json\/wp\/v2\/product"}],"about":[{"href":"https:\/\/facilityprojectsolutions.com\/es\/wp-json\/wp\/v2\/types\/product"}],"wp:featuredmedia":[{"embeddable":true,"href":"https:\/\/facilityprojectsolutions.com\/es\/wp-json\/wp\/v2\/media\/208"}],"wp:attachment":[{"href":"https:\/\/facilityprojectsolutions.com\/es\/wp-json\/wp\/v2\/media?parent=197"}],"wp:term":[{"taxonomy":"product_brand","embeddable":true,"href":"https:\/\/facilityprojectsolutions.com\/es\/wp-json\/wp\/v2\/product_brand?post=197"},{"taxonomy":"product_cat","embeddable":true,"href":"https:\/\/facilityprojectsolutions.com\/es\/wp-json\/wp\/v2\/product_cat?post=197"},{"taxonomy":"product_tag","embeddable":true,"href":"https:\/\/facilityprojectsolutions.com\/es\/wp-json\/wp\/v2\/product_tag?post=197"}],"curies":[{"name":"wp","href":"https:\/\/api.w.org\/{rel}","templated":true}]}}