{"id":202,"date":"2026-02-13T05:01:41","date_gmt":"2026-02-13T05:01:41","guid":{"rendered":"https:\/\/facilityprojectsolutions.com\/?post_type=product&#038;p=202"},"modified":"2026-02-13T05:01:41","modified_gmt":"2026-02-13T05:01:41","slug":"fire-resistant-indoor-trash-bin-for-lobbies","status":"publish","type":"product","link":"https:\/\/facilityprojectsolutions.com\/es\/fire-resistant-indoor-trash-bin-for-lobbies\/","title":{"rendered":"Papelera de interior ign\u00edfuga para vest\u00edbulos"},"content":{"rendered":"<p>Para las zonas de recepci\u00f3n, una papelera debe tener un aspecto intencionado y contribuir a unas operaciones m\u00e1s seguras. Este contenedor de interior centrado en la seguridad contra incendios est\u00e1 dise\u00f1ado para vest\u00edbulos de hoteles y otras zonas p\u00fablicas de mucho tr\u00e1fico, combinando un exterior limpio y arquitect\u00f3nico con un mantenimiento sencillo. Especifique un concepto de autoextinci\u00f3n opcional: una geometr\u00eda de tapa superior que reduce el flujo de aire cuando est\u00e1 cerrada, lo que ayuda a limitar el ox\u00edgeno al contenido, un enfoque que se utiliza habitualmente en los contenedores de seguridad para interrumpir el \u201ctri\u00e1ngulo de fuego\u201d. En el interior, un forro r\u00edgido extra\u00edble crea una barrera protectora que ayuda a contener el goteo y agiliza el vaciado: levante el forro, cambie la bolsa y devu\u00e9lvala sin ensuciar la carcasa exterior. Las bolsas r\u00edgidas se utilizan ampliamente para mejorar la limpieza y la durabilidad en entornos comerciales. La c\u00f3moda abertura superior facilita el vaciado correcto, manteniendo el vest\u00edbulo ordenado entre las rondas de limpieza y apoyando las pr\u00e1cticas rutinarias de vaciado recomendadas habitualmente para el control de la basura. Como la bolsa est\u00e1 dentro de la carcasa exterior, la bolsa es visualmente discreta, lo que ayuda a mantener una buena impresi\u00f3n de los hu\u00e9spedes al registrarse y durante los eventos.<\/p>","protected":false},"excerpt":{"rendered":"<p>Papelera de interior de dise\u00f1o vanguardista y orientada a la seguridad contra incendios para vest\u00edbulos de hoteles. El concepto superior opcional de limitaci\u00f3n de ox\u00edgeno y la bolsa extra\u00edble ayudan a mantener ordenadas las zonas p\u00fablicas y simplifican el cambio diario de bolsas.<\/p>","protected":false},"featured_media":216,"template":"","meta":{"_gspb_post_css":""},"product_brand":[],"product_cat":[25,21],"product_tag":[],"class_list":{"0":"post-202","1":"product","2":"type-product","3":"status-publish","4":"has-post-thumbnail","6":"product_cat-fireproof-waste-bins","7":"product_cat-indoor-trash-bins","9":"first","10":"instock","11":"shipping-taxable","12":"purchasable","13":"product-type-simple"},"_links":{"self":[{"href":"https:\/\/facilityprojectsolutions.com\/es\/wp-json\/wp\/v2\/product\/202","targetHints":{"allow":["GET"]}}],"collection":[{"href":"https:\/\/facilityprojectsolutions.com\/es\/wp-json\/wp\/v2\/product"}],"about":[{"href":"https:\/\/facilityprojectsolutions.com\/es\/wp-json\/wp\/v2\/types\/product"}],"wp:featuredmedia":[{"embeddable":true,"href":"https:\/\/facilityprojectsolutions.com\/es\/wp-json\/wp\/v2\/media\/216"}],"wp:attachment":[{"href":"https:\/\/facilityprojectsolutions.com\/es\/wp-json\/wp\/v2\/media?parent=202"}],"wp:term":[{"taxonomy":"product_brand","embeddable":true,"href":"https:\/\/facilityprojectsolutions.com\/es\/wp-json\/wp\/v2\/product_brand?post=202"},{"taxonomy":"product_cat","embeddable":true,"href":"https:\/\/facilityprojectsolutions.com\/es\/wp-json\/wp\/v2\/product_cat?post=202"},{"taxonomy":"product_tag","embeddable":true,"href":"https:\/\/facilityprojectsolutions.com\/es\/wp-json\/wp\/v2\/product_tag?post=202"}],"curies":[{"name":"wp","href":"https:\/\/api.w.org\/{rel}","templated":true}]}}